{"id":77895,"date":"2023-02-17T15:30:17","date_gmt":"2023-02-17T14:30:17","guid":{"rendered":"https:\/\/madelinefashion.pl\/?post_type=product&#038;p=77895"},"modified":"2026-03-26T12:39:41","modified_gmt":"2026-03-26T11:39:41","slug":"sukienka-brokatowa-mini-ilona-pudrowy-roz","status":"publish","type":"product","link":"https:\/\/madelinefashion.pl\/en\/product\/sukienka-brokatowa-mini-ilona-pudrowy-roz\/","title":{"rendered":"Glitter Mini Dress Ilona Powder Pink"},"content":{"rendered":"<h3 style=\"text-align: center;\">Glitter Mini Dress Ilona Powder Pink<\/h3>\n<p style=\"text-align: center;\"><strong>Phenomenal short brocade dress.<\/strong>\u00a0 Great brocade evening dress with V-neckline - V beautifully exposes the bust. The evening dress fits the figure very nicely. Ilona Brokatowa Mini, flared on shoulder straps, was produced and sewn in Poland. <strong><span style=\"vertical-align: inherit;\">Brocade dress on the straps<\/span><\/strong><span style=\"vertical-align: inherit;\"> \u00a0also beautifully exposes the back. <\/span>\u00a0\u00a0<strong>You are looking for the perfect dress for a wedding, New Year&#039;s Eve, carnival or prom<\/strong>? This model will be perfect. Glitter dress -<strong>\u00a0it shimmers beautifully and looks simply wonderful<\/strong>\u00a0!! Brocade dresses are extremely stylish and look like the outfits of movie stars. See our offer\u00a0<a href=\"https:\/\/madelinefashion.pl\/en\/sukienki-i-kombinezony\/sukienki-okolicznosciowe\/\"><strong>evening dresses<\/strong><\/a>\u00a0and choose the model you will be in\u00a0<strong>look like a star<\/strong>\u00a0and you will stand out from the crowd. The maxi dress shimmers fabulously in the light of the lamps. One cannot be indifferent to her. Dress in maxi version to the ground, flared, fitted and with a deep neckline.\u00a0<strong>The effect is complemented by a large cut exposing the leg.\u00a0<\/strong>Available in sizes 34 36 38. Dresses <strong>Pretty Women<\/strong>\u00a0is an excellent choice for a wedding, prom, New Year&#039;s Eve and other elegant special events. Available in our e-shop in several color variants, so do not hesitate and choose the one that is perfect for you. If you can&#039;t decide which color,\u00a0<strong>size<\/strong>\u00a0is the best for you,\u00a0<strong>contact us<\/strong>\u00a0through\u00a0<a href=\"https:\/\/www.facebook.com\/madelinefashionbutik\" target=\"_blank\" rel=\"noopener\">Facebook<\/a>\u00a0or\u00a0<a href=\"https:\/\/madelinefashion.pl\/en\/kontakt\/\">phone<\/a>. If the size is not available on the website, please contact us.<\/p>\n<h3 style=\"text-align: center;\">DRESS DIMENSIONS:<\/h3>\n<p style=\"text-align: center;\">\n<table width=\"556\">\n<tbody>\n<tr>\n<td><strong>34<\/strong><\/td>\n<td>84-86<\/td>\n<td>64<\/td>\n<td>\u00a0any<\/td>\n<\/tr>\n<tr>\n<td><strong>36<\/strong><\/td>\n<td>88-90<\/td>\n<td>68<\/td>\n<td>\u00a0any<\/td>\n<\/tr>\n<tr>\n<td><strong>38<\/strong><\/td>\n<td>92-94<\/td>\n<td>72<\/td>\n<td>\u00a0any<\/td>\n<\/tr>\n<\/tbody>\n<\/table>\n<p>&nbsp;<\/p>\n<p style=\"text-align: center;\">\u00a0 total length approx. 88 cm<\/p>\n<p style=\"text-align: center;\">The dress is also available in other colors - see our other products.<\/p>\n<p style=\"text-align: center;\">Dimensions may slightly differ from the given +\/- 2cm.<\/p>\n<p style=\"text-align: center;\"><strong>\u00a0<\/strong><\/p>\n<p>&nbsp;<\/p>\n<table>\n<tbody>\n<tr>\n<td width=\"302\">Model name<\/td>\n<td width=\"302\">Mini Ilona Brocade Dress<\/td>\n<\/tr>\n<tr>\n<td width=\"302\">Color<\/td>\n<td width=\"302\">Powder Pink<\/td>\n<\/tr>\n<tr>\n<td width=\"302\">Mark<\/td>\n<td width=\"302\">Pretty Women<\/td>\n<\/tr>\n<tr>\n<td width=\"302\">Sizes<\/td>\n<td width=\"302\">34 36 38<\/td>\n<\/tr>\n<tr>\n<td width=\"302\">Fashion<\/td>\n<td width=\"302\">Matched<\/td>\n<\/tr>\n<tr>\n<td width=\"302\">Material<\/td>\n<td width=\"302\">Viscose, Polyester, Cotton<\/td>\n<\/tr>\n<tr>\n<td width=\"302\">Length<\/td>\n<td width=\"302\">Before the knee<\/td>\n<\/tr>\n<\/tbody>\n<\/table>\n<p style=\"text-align: center;\">In order to match\u00a0<strong>perfect dresses<\/strong>\u00a0we invite you to contact us by phone or contact us <a href=\"https:\/\/www.facebook.com\/madelinefashionbutik\" target=\"_blank\" rel=\"noopener\">facebook<\/a> .<br \/>\nOur team will help\u00a0<strong>Choose the right one<\/strong>\u00a0.\u00a0<strong>We can make each dress at the request of the buyer\u00a0<\/strong><strong>measure carefully.\u00a0<\/strong><\/p>\n<div class=\"additional-details\">\n<p style=\"text-align: center;\">\n<\/div>","protected":false},"excerpt":{"rendered":"<p>Sukienka Brokatowa Mini Ilona Pudrowy R\u00f3\u017c Fenomenalna kr\u00f3tka suknia brokatowa.\u00a0 Wspania\u0142a suknia wieczorowa brokatowa z dekoltem w szpic \u2013 V pi\u0119knie eksponuje biust.\u00a0 Suknia wieczorowa bardzo \u0142adnie dopasowuje si\u0119 do sylwetki. Ilona Brokatowa Mini rozkloszowana na rami\u0105czka\u00a0 zosta\u0142a wyprodukowana i uszyta w Polsce. Sukienka Brokatowa na rami\u0105czkach \u00a0pi\u0119knie eksponuje r\u00f3wnie\u017c plecy. \u00a0\u00a0Szukasz doskona\u0142ej sukni na<\/p>\n<div class=\"klb-readmore post-buttons\"><a class=\"button black outline size-sm\" href=\"https:\/\/madelinefashion.pl\/en\/product\/sukienka-brokatowa-mini-ilona-pudrowy-roz\/\">Read More <i class=\"klbth-icon-right-arrow\"><\/i><\/a><\/div>","protected":false},"featured_media":77871,"template":"","meta":[],"product_brand":[],"product_cat":[124,560,568,380],"product_tag":[257,262,215],"class_list":{"0":"post-77895","1":"product","2":"type-product","3":"status-publish","4":"has-post-thumbnail","6":"product_cat-sukienki-okolicznosciowe","7":"product_cat-sukienki-brokatowe","8":"product_cat-sukienki-rozkloszowane-szyfonowe","9":"product_cat-wyprzedaz","10":"product_tag-madelinefashion","11":"product_tag-sukienki-krotkie","12":"product_tag-sukienki-rozowe","14":"first","15":"outofstock","16":"product-type-variable"},"_links":{"self":[{"href":"https:\/\/madelinefashion.pl\/en\/wp-json\/wp\/v2\/product\/77895","targetHints":{"allow":["GET"]}}],"collection":[{"href":"https:\/\/madelinefashion.pl\/en\/wp-json\/wp\/v2\/product"}],"about":[{"href":"https:\/\/madelinefashion.pl\/en\/wp-json\/wp\/v2\/types\/product"}],"wp:featuredmedia":[{"embeddable":true,"href":"https:\/\/madelinefashion.pl\/en\/wp-json\/wp\/v2\/media\/77871"}],"wp:attachment":[{"href":"https:\/\/madelinefashion.pl\/en\/wp-json\/wp\/v2\/media?parent=77895"}],"wp:term":[{"taxonomy":"product_brand","embeddable":true,"href":"https:\/\/madelinefashion.pl\/en\/wp-json\/wp\/v2\/product_brand?post=77895"},{"taxonomy":"product_cat","embeddable":true,"href":"https:\/\/madelinefashion.pl\/en\/wp-json\/wp\/v2\/product_cat?post=77895"},{"taxonomy":"product_tag","embeddable":true,"href":"https:\/\/madelinefashion.pl\/en\/wp-json\/wp\/v2\/product_tag?post=77895"}],"curies":[{"name":"wp","href":"https:\/\/api.w.org\/{rel}","templated":true}]}}