{"id":78318,"date":"2023-02-22T15:13:31","date_gmt":"2023-02-22T14:13:31","guid":{"rendered":"https:\/\/madelinefashion.pl\/?post_type=product&#038;p=78318"},"modified":"2026-02-20T14:57:11","modified_gmt":"2026-02-20T13:57:11","slug":"sweterek-kremowy-exquisss-chanel","status":"publish","type":"product","link":"https:\/\/madelinefashion.pl\/en\/product\/sweterek-kremowy-exquisss-chanel\/","title":{"rendered":"Cream Exquiss&#039;s Chanel Sweater"},"content":{"rendered":"<h3 style=\"text-align: center;\">Cream Exquiss&#039;s Chanel Sweater<\/h3>\n<p style=\"text-align: center;\"><span style=\"font-size: 10pt;\"><strong>A beautiful, light, braided cardigan, fastened with buttons<\/strong> . This is an offer for women who want the perfect sweater. You will certainly match it to your wardrobe. You will feel comfortable and beautiful in it. Comfortable, cozy to the touch, comfortable sweater with a simple cut. Model with long sleeves. It is made of a pleasant, elastic fabric. Sweater fastened with 4 decorative buttons. It is available in our store in two color variants. Recommended for ladies in size SML XL<\/span><\/p>\n<h3 style=\"text-align: center;\">\u00a0 \u00a0 \u00a0Dimensions<\/h3>\n<p style=\"text-align: center;\" align=\"center\">Total length - 55 cm<br \/>\nWidth from armpit to armpit - 55-67 cm x2<br \/>\nSleeve length from the armpit - 45 cm<br \/>\nSleeve length from the shoulder - 62 cm<br \/>\nWidth at the bottom - 45 -56 cm x2<\/p>\n<p style=\"text-align: center;\"><span style=\"font-size: 10pt;\">\u00a0Dimensions may slightly differ from the given +\/- 2cm. All dimensions given are measured flat. X2 dimension<\/span><\/p>\n<table>\n<tbody>\n<tr>\n<td width=\"302\">Model name<\/td>\n<td width=\"302\">Exquiss&#039;s Chanel sweater<\/td>\n<\/tr>\n<tr>\n<td width=\"302\">Color<\/td>\n<td width=\"302\">Creamy<\/td>\n<\/tr>\n<tr>\n<td width=\"302\">Sizes<\/td>\n<td width=\"302\">Universal<\/td>\n<\/tr>\n<tr>\n<td width=\"302\">Fashion<\/td>\n<td width=\"302\">Oversize<\/td>\n<\/tr>\n<tr>\n<td width=\"302\">Warmed up<\/td>\n<td width=\"302\">Uninsulated<\/td>\n<\/tr>\n<tr>\n<td width=\"302\">Material<\/td>\n<td width=\"302\">42 % Acrylic 30 % Polyester 28% Polyamide<\/td>\n<\/tr>\n<\/tbody>\n<\/table>\n<p style=\"text-align: center;\">The model has\u00a0<strong>169<\/strong>\u00a0cm tall, wears a size every day\u00a0<strong>S.<\/strong><\/p>\n<p style=\"text-align: center;\">The width at the bust is 92 cm<\/p>\n<p style=\"text-align: center;\">Waist width 62 cm<\/p>\n<p style=\"text-align: center;\">The width at the hips is 94 cm<\/p>","protected":false},"excerpt":{"rendered":"<p>Sweterek Kremowy Exquiss&#8217;s Chanel Przepi\u0119kny, lekki , pleciony sweterek, zapinany na guziki . To propozycja dla Pa\u0144 kt\u00f3re idealnego sweterka. Z pewno\u015bci\u0105 dopasujesz do swojej szafy. B\u0119dziesz czu\u0107 si\u0119 w nim wygodnie i\u00a0 pi\u0119knie . Wygodny, przytulny w dotyku, komfortowy sweterek o prostym fasonie. Model z d\u0142ugimi r\u0119kawami. Wykonano go z przyjemnej, elastycznej dzianiny. Sweterek<\/p>\n<div class=\"klb-readmore post-buttons\"><a class=\"button black outline size-sm\" href=\"https:\/\/madelinefashion.pl\/en\/product\/sweterek-kremowy-exquisss-chanel\/\">Read More <i class=\"klbth-icon-right-arrow\"><\/i><\/a><\/div>","protected":false},"featured_media":78281,"template":"","meta":[],"product_brand":[],"product_cat":[78,395],"product_tag":[222],"class_list":{"0":"post-78318","1":"product","2":"type-product","3":"status-publish","4":"has-post-thumbnail","6":"product_cat-swetry-damskie","7":"product_cat-nowosci","8":"product_tag-swetry-biale","10":"first","11":"instock","12":"purchasable","13":"product-type-simple"},"_links":{"self":[{"href":"https:\/\/madelinefashion.pl\/en\/wp-json\/wp\/v2\/product\/78318","targetHints":{"allow":["GET"]}}],"collection":[{"href":"https:\/\/madelinefashion.pl\/en\/wp-json\/wp\/v2\/product"}],"about":[{"href":"https:\/\/madelinefashion.pl\/en\/wp-json\/wp\/v2\/types\/product"}],"wp:featuredmedia":[{"embeddable":true,"href":"https:\/\/madelinefashion.pl\/en\/wp-json\/wp\/v2\/media\/78281"}],"wp:attachment":[{"href":"https:\/\/madelinefashion.pl\/en\/wp-json\/wp\/v2\/media?parent=78318"}],"wp:term":[{"taxonomy":"product_brand","embeddable":true,"href":"https:\/\/madelinefashion.pl\/en\/wp-json\/wp\/v2\/product_brand?post=78318"},{"taxonomy":"product_cat","embeddable":true,"href":"https:\/\/madelinefashion.pl\/en\/wp-json\/wp\/v2\/product_cat?post=78318"},{"taxonomy":"product_tag","embeddable":true,"href":"https:\/\/madelinefashion.pl\/en\/wp-json\/wp\/v2\/product_tag?post=78318"}],"curies":[{"name":"wp","href":"https:\/\/api.w.org\/{rel}","templated":true}]}}