{"id":78376,"date":"2023-02-22T16:40:52","date_gmt":"2023-02-22T15:40:52","guid":{"rendered":"https:\/\/madelinefashion.pl\/?post_type=product&#038;p=78376"},"modified":"2026-01-20T10:33:37","modified_gmt":"2026-01-20T09:33:37","slug":"koszula-biala-ze-zlotym-nadrukiem","status":"publish","type":"product","link":"https:\/\/madelinefashion.pl\/en\/product\/koszula-biala-ze-zlotym-nadrukiem\/","title":{"rendered":"White Shirt With Gold Print"},"content":{"rendered":"<h3 style=\"text-align: center;\">White Shirt With Gold Print<\/h3>\n<p style=\"text-align: center;\">o shirt\u00a0<strong>oversized cut<\/strong> it is a great choice for various occasions! <strong>\u00a0<\/strong>The cut is perfect for trousers or leggings. Our shirt can be the basis for many elegant and timeless styles. The shirt is an ideal proposition for work, every day, for family meetings and many other occasions.<\/p>\n<h3 style=\"text-align: center;\">\u00a0 \u00a0 \u00a0Dimensions:<\/h3>\n<ul style=\"text-align: center;\">\n<li style=\"list-style-type: none;\">\n<ul>\n<li><strong>36 \/ S<\/strong><\/li>\n<li>total front length: 75 cm<br \/>\ntotal length back: 83 cm<\/li>\n<li>width from armpit to armpit: 50 cm<\/li>\n<li>sleeve length from the shoulder: 36 cm<\/li>\n<li>sleeve length from armpit: 40 cm<strong>38 \/ M<\/strong><\/li>\n<li>total front length: 76 cm<br \/>\ntotal length back: 84 cm<\/li>\n<li>width from armpit to armpit: 54 cm<\/li>\n<li>sleeve length from the shoulder: 36 cm<\/li>\n<li>sleeve length from the armpit: 40 cm<\/li>\n<li><\/li>\n<li><strong>40\/L<br \/>\n<\/strong>total front length: 77 cm<br \/>\ntotal length back: 85 cm<\/li>\n<li>width from armpit to armpit: 58.5 cm<\/li>\n<li>sleeve length from the shoulder: 36 cm<\/li>\n<li>sleeve length from armpit: 40 cm<\/li>\n<li><\/li>\n<\/ul>\n<p>Dimensions may slightly differ from the given +\/- 2cm. All dimensions given are measured flat. X2 dimension<\/li>\n<\/ul>\n<table style=\"height: 288px;\" width=\"432\">\n<tbody>\n<tr>\n<td>Model Name<\/td>\n<td>\n<p style=\"text-align: left;\">Shirt With Gold Print<\/p>\n<\/td>\n<\/tr>\n<tr>\n<td>Color<\/td>\n<td>White<\/td>\n<\/tr>\n<tr>\n<td>Collection<\/td>\n<td>Spring Summer Autumn Winter<\/td>\n<\/tr>\n<tr>\n<td>Size<\/td>\n<td>Universal<\/td>\n<\/tr>\n<tr>\n<td>Fashion<\/td>\n<td>Oversize<\/td>\n<\/tr>\n<tr>\n<td>Fastening<\/td>\n<td>Lack<\/td>\n<\/tr>\n<tr>\n<td>Composition of the materials<\/td>\n<td>\u00a050% Polyester, 40% Viscose 10% Elastane<\/td>\n<\/tr>\n<\/tbody>\n<\/table>\n<p style=\"text-align: center;\">The model has\u00a0<strong>169<\/strong>\u00a0cm tall, wears a size every day\u00a0<strong>S.<\/strong><\/p>\n<p style=\"text-align: center;\">The width at the bust is 92 cm<\/p>\n<p style=\"text-align: center;\">Waist width 62 cm<\/p>\n<p style=\"text-align: center;\">The width at the hips is 94 cm<\/p>\n<p style=\"text-align: center;\"><strong>\u00a0<\/strong><\/p>","protected":false},"excerpt":{"rendered":"<p>Koszula Bia\u0142a Ze Z\u0142otym Nadrukiem Koszula o\u00a0oversizowym kroju to \u015bwietny wyb\u00f3r na r\u00f3\u017cne okazje! \u00a0Fason idealnie nadaje si\u0119 do spodni lub getr\u00f3w. Nasza koszula\u00a0 mo\u017ce stanowi\u0107 baz\u0119 do wielu eleganckich i ponadczasowych stylizacji. Koszula jest idealn\u0105 propozycj\u0105 do pracy, na co dzie\u0144, na spotkania rodzinne oraz wiele innych okazji. \u00a0 \u00a0 \u00a0Wymiary: 36\/S d\u0142ugo\u015b\u0107 ca\u0142kowita<\/p>\n<div class=\"klb-readmore post-buttons\"><a class=\"button black outline size-sm\" href=\"https:\/\/madelinefashion.pl\/en\/product\/koszula-biala-ze-zlotym-nadrukiem\/\">Read More <i class=\"klbth-icon-right-arrow\"><\/i><\/a><\/div>","protected":false},"featured_media":78320,"template":"","meta":[],"product_brand":[],"product_cat":[92,395],"product_tag":[414],"class_list":{"0":"post-78376","1":"product","2":"type-product","3":"status-publish","4":"has-post-thumbnail","6":"product_cat-koszule","7":"product_cat-nowosci","8":"product_tag-koszule","9":"pa_rozmiar-m","10":"pa_rozmiar-l","11":"pa_rozmiar-s","13":"first","14":"instock","15":"sale","16":"purchasable","17":"product-type-variable"},"_links":{"self":[{"href":"https:\/\/madelinefashion.pl\/en\/wp-json\/wp\/v2\/product\/78376","targetHints":{"allow":["GET"]}}],"collection":[{"href":"https:\/\/madelinefashion.pl\/en\/wp-json\/wp\/v2\/product"}],"about":[{"href":"https:\/\/madelinefashion.pl\/en\/wp-json\/wp\/v2\/types\/product"}],"wp:featuredmedia":[{"embeddable":true,"href":"https:\/\/madelinefashion.pl\/en\/wp-json\/wp\/v2\/media\/78320"}],"wp:attachment":[{"href":"https:\/\/madelinefashion.pl\/en\/wp-json\/wp\/v2\/media?parent=78376"}],"wp:term":[{"taxonomy":"product_brand","embeddable":true,"href":"https:\/\/madelinefashion.pl\/en\/wp-json\/wp\/v2\/product_brand?post=78376"},{"taxonomy":"product_cat","embeddable":true,"href":"https:\/\/madelinefashion.pl\/en\/wp-json\/wp\/v2\/product_cat?post=78376"},{"taxonomy":"product_tag","embeddable":true,"href":"https:\/\/madelinefashion.pl\/en\/wp-json\/wp\/v2\/product_tag?post=78376"}],"curies":[{"name":"wp","href":"https:\/\/api.w.org\/{rel}","templated":true}]}}