{"id":78401,"date":"2023-02-22T17:00:49","date_gmt":"2023-02-22T16:00:49","guid":{"rendered":"https:\/\/madelinefashion.pl\/?post_type=product&#038;p=78401"},"modified":"2026-01-20T10:33:37","modified_gmt":"2026-01-20T09:33:37","slug":"koszula-biala-asymetryczna-rocci-la-luna","status":"publish","type":"product","link":"https:\/\/madelinefashion.pl\/en\/product\/koszula-biala-asymetryczna-rocci-la-luna\/","title":{"rendered":"Rocci La Luna White Asymmetric Shirt"},"content":{"rendered":"<h3 style=\"text-align: center;\">Rocci La Luna White Asymmetric Shirt<\/h3>\n<p style=\"text-align: center;\">o shirt <strong>oversized cut<\/strong> it is a great choice for various occasions! Fastened with buttons, thanks to which you will emphasize your neckline the way you like. Decorated with a golden letter &quot;R&quot; on the sleeve. This proposal is perfect for both everyday and official outings. Perfectly suited to a set with trousers or leggings.<\/p>\n<h2 style=\"text-align: center;\">Dimensions:<\/h2>\n<p style=\"text-align: center;\">total front length: 77 cm<br \/>\ntotal length back: 85 cm<\/p>\n<p style=\"text-align: center;\">width from armpit to armpit: 57.5 - 60 cm<br \/>\nsleeve length from shoulder: 34 cm<\/p>\n<p style=\"text-align: center;\">sleeve length from armpit: 37 cm<\/p>\n<p>&nbsp;<\/p>\n<table style=\"height: 288px;\" width=\"432\">\n<tbody>\n<tr>\n<td>Model Name<\/td>\n<td>\n<p style=\"text-align: left;\">Rocci La Luna Asymmetric Shirt<\/p>\n<\/td>\n<\/tr>\n<tr>\n<td>Color<\/td>\n<td>White<\/td>\n<\/tr>\n<tr>\n<td>Collection<\/td>\n<td>Spring Summer Autumn Winter<\/td>\n<\/tr>\n<tr>\n<td>Size<\/td>\n<td>Universal<\/td>\n<\/tr>\n<tr>\n<td>Fashion<\/td>\n<td>Oversize<\/td>\n<\/tr>\n<tr>\n<td>Fastening<\/td>\n<td>Buttons<\/td>\n<\/tr>\n<tr>\n<td>Composition of the materials<\/td>\n<td>70% Polyester 30% Viscose<\/td>\n<\/tr>\n<\/tbody>\n<\/table>\n<p style=\"text-align: center;\">The model has\u00a0<strong>169<\/strong>\u00a0cm tall, wears a size every day\u00a0<strong>S.<\/strong><\/p>\n<p style=\"text-align: center;\">The width at the bust is 92 cm<\/p>\n<p style=\"text-align: center;\">Waist width 62 cm<\/p>\n<p style=\"text-align: center;\">The width at the hips is 94 cm<\/p>\n<p style=\"text-align: center;\"><strong>\u00a0<\/strong><\/p>","protected":false},"excerpt":{"rendered":"<p>Koszula Bia\u0142a Asymetryczna Rocci La Luna Koszula o oversizowym kroju to \u015bwietny wyb\u00f3r na r\u00f3\u017cne okazje! Zapinana na guziki dzi\u0119ki czemu podkre\u015blisz sw\u00f3j dekolt tak jak lubisz. Zdobiona z\u0142ot\u0105 literk\u0105 &#8221; R&#8221; na r\u0119kawie. Ta propozycja idealnie sprawdzi si\u0119 zar\u00f3wno na co dzie\u0144, jak i na oficjalne wyj\u015bcia. Idealnie sprawdzi si\u0119 w zestawie ze spodniami<\/p>\n<div class=\"klb-readmore post-buttons\"><a class=\"button black outline size-sm\" href=\"https:\/\/madelinefashion.pl\/en\/product\/koszula-biala-asymetryczna-rocci-la-luna\/\">Read More <i class=\"klbth-icon-right-arrow\"><\/i><\/a><\/div>","protected":false},"featured_media":78299,"template":"","meta":[],"product_brand":[],"product_cat":[92],"product_tag":[414],"class_list":{"0":"post-78401","1":"product","2":"type-product","3":"status-publish","4":"has-post-thumbnail","6":"product_cat-koszule","7":"product_tag-koszule","9":"first","10":"instock","11":"sale","12":"purchasable","13":"product-type-simple"},"_links":{"self":[{"href":"https:\/\/madelinefashion.pl\/en\/wp-json\/wp\/v2\/product\/78401","targetHints":{"allow":["GET"]}}],"collection":[{"href":"https:\/\/madelinefashion.pl\/en\/wp-json\/wp\/v2\/product"}],"about":[{"href":"https:\/\/madelinefashion.pl\/en\/wp-json\/wp\/v2\/types\/product"}],"wp:featuredmedia":[{"embeddable":true,"href":"https:\/\/madelinefashion.pl\/en\/wp-json\/wp\/v2\/media\/78299"}],"wp:attachment":[{"href":"https:\/\/madelinefashion.pl\/en\/wp-json\/wp\/v2\/media?parent=78401"}],"wp:term":[{"taxonomy":"product_brand","embeddable":true,"href":"https:\/\/madelinefashion.pl\/en\/wp-json\/wp\/v2\/product_brand?post=78401"},{"taxonomy":"product_cat","embeddable":true,"href":"https:\/\/madelinefashion.pl\/en\/wp-json\/wp\/v2\/product_cat?post=78401"},{"taxonomy":"product_tag","embeddable":true,"href":"https:\/\/madelinefashion.pl\/en\/wp-json\/wp\/v2\/product_tag?post=78401"}],"curies":[{"name":"wp","href":"https:\/\/api.w.org\/{rel}","templated":true}]}}