{"id":7842,"date":"2021-04-10T02:34:01","date_gmt":"2021-04-10T00:34:01","guid":{"rendered":"https:\/\/madelinefashion.pl\/?post_type=product&#038;p=7842"},"modified":"2025-10-01T07:35:20","modified_gmt":"2025-10-01T05:35:20","slug":"szorty-sznurowane-jeansowe-rocket-rozowe","status":"publish","type":"product","link":"https:\/\/madelinefashion.pl\/en\/product\/szorty-sznurowane-jeansowe-rocket-rozowe\/","title":{"rendered":"Rocket Pink Lace-Up Denim Shorts"},"content":{"rendered":"<h3 style=\"text-align: center;\">Rocket Pink Lace-Up Denim Shorts<\/h3>\n<p style=\"text-align: center;\"><span style=\"vertical-align: inherit;\"><span style=\"vertical-align: inherit;\"><strong>Rocket Pink Lace-Up Denim Shorts <\/strong><\/span><\/span><span style=\"vertical-align: inherit;\"><span style=\"vertical-align: inherit;\">is a fashionable element that cannot be missing in your wardrobe. <\/span><span style=\"vertical-align: inherit;\">Shorts made of <\/span><\/span><strong><span style=\"vertical-align: inherit;\"><span style=\"vertical-align: inherit;\">high-quality material with a high waist,<\/span><\/span><\/strong><span style=\"vertical-align: inherit;\"><span style=\"vertical-align: inherit;\"> \u00a0which perfectly shape the body. Extremely sexy proposition for spring and summer, which without a doubt <strong>he will add<\/strong>\u00a0unique <strong>character<\/strong>. <\/span><span style=\"vertical-align: inherit;\">Are very comfortable<\/span><\/span><span style=\"vertical-align: inherit;\"><span style=\"vertical-align: inherit;\"> and easy to combine, they can be easily combined with our blouses, shirts or light sweaters - which you will also find in our <a href=\"https:\/\/madelinefashion.pl\/en\/swetry\/\">e-shop.<\/a>\u00a0 <strong>Shorts with a higher waist<\/strong> with decorative lacing on the sides, they will steal the heart of every woman. Short legs will emphasize and <strong>optically lengthen the legs<\/strong>. Soft and flexible jeans hugs the buttocks. We offer<\/span><\/span><span style=\"vertical-align: inherit;\"><span style=\"vertical-align: inherit;\">\u00a0them in sizes <strong> XS, S, M, L, XL, <\/strong><\/span><\/span><span style=\"vertical-align: inherit;\"><span style=\"vertical-align: inherit;\">\u00a0we also recommend <\/span><\/span><span style=\"vertical-align: inherit;\"><span style=\"vertical-align: inherit;\"><b>exactly\u00a0<\/b><\/span><\/span><strong><span style=\"vertical-align: inherit;\"><span style=\"vertical-align: inherit;\">to measure<\/span><\/span><\/strong><span style=\"vertical-align: inherit;\"><span style=\"vertical-align: inherit;\"> according to the Dimension Chart below. <\/span><span style=\"vertical-align: inherit;\">Complete your wardrobe with this best-selling model. <\/span><\/span><span style=\"vertical-align: inherit;\"><span style=\"vertical-align: inherit;\">If you have any further questions about this product, please do not hesitate to contact us by phone or Facebook. Follow the new trends with\u00a0<strong>Madelinefashion.\u00a0<\/strong>In the information after the purchase, you can send your measurements, we will choose the perfect pants for you.<\/span><\/span><\/p>\n<p>&nbsp;<\/p>\n<h3 style=\"text-align: center;\"><span style=\"vertical-align: inherit;\"><span style=\"vertical-align: inherit;\">Pants dimensions:<\/span><\/span><\/h3>\n<p style=\"text-align: center;\"><strong>SIZE XS 34 <\/strong><\/p>\n<ul style=\"text-align: center;\">\n<li>Overall length: 30 cm<\/li>\n<li>Inside leg length: 10 cm<\/li>\n<li>Waist width: 28-35 cm<\/li>\n<li>Waist: 24 cm<\/li>\n<li>Hip width: 40-56 cm<\/li>\n<\/ul>\n<p style=\"text-align: center;\"><strong>SIZE S 36\u00a0<\/strong><\/p>\n<ul style=\"text-align: center;\">\n<li>Overall length: 31 cm<\/li>\n<li>Inside leg length: 11 cm<\/li>\n<li>Waist width: 29-37 cm<\/li>\n<li>Waist: 24 cm<\/li>\n<li>Hip width: 42-58 cm<\/li>\n<li><\/li>\n<\/ul>\n<p style=\"text-align: center;\"><strong>SIZE M 38\u00a0<\/strong><\/p>\n<ul style=\"text-align: center;\">\n<li>Overall length: 32 cm<\/li>\n<li>Inside leg length: 12 cm<\/li>\n<li>Waist width: 30-39 cm<\/li>\n<li>Waist: 25 cm<\/li>\n<li>Hip width: 44-60 cm<\/li>\n<li><\/li>\n<\/ul>\n<p style=\"text-align: center;\"><strong>SIZE L 40\u00a0<\/strong><\/p>\n<ul style=\"text-align: center;\">\n<li>Overall length: 33 cm<\/li>\n<li>Inside leg length: 13 cm<\/li>\n<li>Waist width: 32-42 cm<\/li>\n<li>Waist: 26 cm<\/li>\n<li>Hip width: 46-62 cm<\/li>\n<li><\/li>\n<\/ul>\n<p style=\"text-align: center;\"><strong>SIZE XL 42\u00a0<\/strong><\/p>\n<ul style=\"text-align: center;\">\n<li>Overall length: 34 cm<\/li>\n<li>Inside leg length: 13 cm<\/li>\n<li>Waist width: 34-46 cm<\/li>\n<li>Waist: 28 cm<\/li>\n<li>Hip width: 48-66 cm<\/li>\n<li><\/li>\n<\/ul>\n<p style=\"text-align: center;\"><span style=\"vertical-align: inherit;\"><span style=\"vertical-align: inherit;\">Dimensions may vary from the given +\/- 2cm. <\/span><span style=\"vertical-align: inherit;\">All dimensions given are measured flat.<\/span><\/span><\/p>\n<p style=\"text-align: center;\"><strong><span style=\"vertical-align: inherit;\"><span style=\"vertical-align: inherit;\">They fit perfectly to every figure<\/span><\/span><\/strong><\/p>\n<p style=\"text-align: center;\">\u00a0The model has\u00a0<strong>165<\/strong>\u00a0cm tall, wears a size every day\u00a0<strong>S.<\/strong><\/p>","protected":false},"excerpt":{"rendered":"<p>Szorty Sznurowane Jeansowe Rocket R\u00f3\u017cowe Szorty Sznurowane Jeansowe Rocket R\u00f3\u017cowe to modny element, kt\u00f3rego nie mo\u017ce zabrakn\u0105\u0107 w Twojej garderobie. Spodenki wykonane z wysokiej jako\u015bci materia\u0142u z wysokim stanem, \u00a0kt\u00f3re doskonale modeluj\u0105 sylwetk\u0119.\u00a0 Niezwykle seksowna propozycja na wiosn\u0119 i lato, kt\u00f3re bez w\u0105tpienia doda\u00a0niepowtarzalnego charakteru. S\u0105 bardzo wygodne oraz \u0142atwe w \u0142\u0105czeniu, bez problemu mo\u017cna<\/p>\n<div class=\"klb-readmore post-buttons\"><a class=\"button black outline size-sm\" href=\"https:\/\/madelinefashion.pl\/en\/product\/szorty-sznurowane-jeansowe-rocket-rozowe\/\">Read More <i class=\"klbth-icon-right-arrow\"><\/i><\/a><\/div>","protected":false},"featured_media":7814,"template":"","meta":[],"product_brand":[],"product_cat":[83],"product_tag":[425],"class_list":{"0":"post-7842","1":"product","2":"type-product","3":"status-publish","4":"has-post-thumbnail","6":"product_cat-spodnie","7":"product_tag-spodenki","8":"pa_rozmiar-34-42-142","9":"pa_rozmiar-34-42-36-2","10":"pa_rozmiar-34-42-38-2","11":"pa_rozmiar-34-42-40-2","12":"pa_rozmiar-34-42-42-2","14":"first","15":"instock","16":"product-type-variable"},"_links":{"self":[{"href":"https:\/\/madelinefashion.pl\/en\/wp-json\/wp\/v2\/product\/7842","targetHints":{"allow":["GET"]}}],"collection":[{"href":"https:\/\/madelinefashion.pl\/en\/wp-json\/wp\/v2\/product"}],"about":[{"href":"https:\/\/madelinefashion.pl\/en\/wp-json\/wp\/v2\/types\/product"}],"wp:featuredmedia":[{"embeddable":true,"href":"https:\/\/madelinefashion.pl\/en\/wp-json\/wp\/v2\/media\/7814"}],"wp:attachment":[{"href":"https:\/\/madelinefashion.pl\/en\/wp-json\/wp\/v2\/media?parent=7842"}],"wp:term":[{"taxonomy":"product_brand","embeddable":true,"href":"https:\/\/madelinefashion.pl\/en\/wp-json\/wp\/v2\/product_brand?post=7842"},{"taxonomy":"product_cat","embeddable":true,"href":"https:\/\/madelinefashion.pl\/en\/wp-json\/wp\/v2\/product_cat?post=7842"},{"taxonomy":"product_tag","embeddable":true,"href":"https:\/\/madelinefashion.pl\/en\/wp-json\/wp\/v2\/product_tag?post=7842"}],"curies":[{"name":"wp","href":"https:\/\/api.w.org\/{rel}","templated":true}]}}