{"id":78463,"date":"2023-02-23T11:54:21","date_gmt":"2023-02-23T10:54:21","guid":{"rendered":"https:\/\/madelinefashion.pl\/?post_type=product&#038;p=78463"},"modified":"2026-01-20T10:33:37","modified_gmt":"2026-01-20T09:33:37","slug":"biala-koszula-z-zaszewkami-exclusive","status":"publish","type":"product","link":"https:\/\/madelinefashion.pl\/en\/product\/biala-koszula-z-zaszewkami-exclusive\/","title":{"rendered":"Exclusive White Shirt with Pleats"},"content":{"rendered":"<h3 style=\"text-align: center;\">Exclusive White Shirt with Pleats<\/h3>\n<p>The unique shirt will be perfect in the wardrobe of every woman looking for elegant solutions. In addition, it is distinguished by the decoration on the neckline. The model is fastened with golden buttons, adding style to the shirt. It will look phenomenal in official looks! The product is available in two color variants.<\/p>\n<h3 style=\"text-align: center;\">\u00a0 \u00a0 \u00a0Dimensions:<\/h3>\n<ul>\n<li style=\"list-style-type: none;\">\n<ul>\n<li style=\"text-align: center;\">total front length: 72 cm<\/li>\n<li style=\"text-align: center;\">width from armpit to armpit: 59 cm<br \/>\nsleeve length from the shoulder: 60 cm<\/li>\n<li style=\"text-align: center;\">sleeve length from armpit: 42 cm\n<p>Dimensions may slightly differ from the given +\/- 2cm. All dimensions given are measured flat.<\/li>\n<\/ul>\n<\/li>\n<\/ul>\n<table style=\"height: 288px;\" width=\"432\">\n<tbody>\n<tr>\n<td>Name<\/td>\n<td>Exclusive Tee Shirt<\/td>\n<\/tr>\n<tr>\n<td>Color<\/td>\n<td>White<\/td>\n<\/tr>\n<tr>\n<td>Collection<\/td>\n<td>Spring Summer Autumn Winter<\/td>\n<\/tr>\n<tr>\n<td>Size<\/td>\n<td>Universal<\/td>\n<\/tr>\n<tr>\n<td>Fashion<\/td>\n<td>Oversize<\/td>\n<\/tr>\n<tr>\n<td>Fastening<\/td>\n<td>Buttons<\/td>\n<\/tr>\n<tr>\n<td>Composition of the materials<\/td>\n<td>77% Cotton 21% Polyester 2% Elastane<\/td>\n<\/tr>\n<\/tbody>\n<\/table>\n<p style=\"text-align: center;\">The model has\u00a0<strong>169<\/strong>\u00a0cm tall, wears a size every day\u00a0<strong>S.<\/strong><\/p>\n<p style=\"text-align: center;\">The width at the bust is 92 cm<\/p>\n<p style=\"text-align: center;\">Waist width 62 cm<\/p>\n<p style=\"text-align: center;\">The width at the hips is 94 cm<\/p>\n<p style=\"text-align: center;\"><strong>\u00a0<\/strong><\/p>","protected":false},"excerpt":{"rendered":"<p>Bia\u0142a Koszula z Zaszewkami Exclusive Wyj\u0105tkowa koszula z\u00a0 sprawdzi si\u0119 doskonale w garderobie ka\u017cdej kobiety poszukuj\u0105cej eleganckich rozwi\u0105za\u0144. Dodatkowo wyr\u00f3\u017cnia si\u0119 zdobieniem na dekolcie. Model zapinany jest na z\u0142ote guziki, dodaj\u0105ce szyku koszuli. Zaprezentuje si\u0119 fenomenalnie w oficjalnych lookach! Produkt dost\u0119pny jest w dw\u00f3ch wariantach kolorystycznych. \u00a0 \u00a0 \u00a0Wymiary: d\u0142ugo\u015b\u0107 ca\u0142kowita prz\u00f3d: 72 cm szeroko\u015b\u0107<\/p>\n<div class=\"klb-readmore post-buttons\"><a class=\"button black outline size-sm\" href=\"https:\/\/madelinefashion.pl\/en\/product\/biala-koszula-z-zaszewkami-exclusive\/\">Read More <i class=\"klbth-icon-right-arrow\"><\/i><\/a><\/div>","protected":false},"featured_media":78381,"template":"","meta":[],"product_brand":[],"product_cat":[92,395],"product_tag":[414],"class_list":{"0":"post-78463","1":"product","2":"type-product","3":"status-publish","4":"has-post-thumbnail","6":"product_cat-koszule","7":"product_cat-nowosci","8":"product_tag-koszule","10":"first","11":"instock","12":"sale","13":"purchasable","14":"product-type-simple"},"_links":{"self":[{"href":"https:\/\/madelinefashion.pl\/en\/wp-json\/wp\/v2\/product\/78463","targetHints":{"allow":["GET"]}}],"collection":[{"href":"https:\/\/madelinefashion.pl\/en\/wp-json\/wp\/v2\/product"}],"about":[{"href":"https:\/\/madelinefashion.pl\/en\/wp-json\/wp\/v2\/types\/product"}],"wp:featuredmedia":[{"embeddable":true,"href":"https:\/\/madelinefashion.pl\/en\/wp-json\/wp\/v2\/media\/78381"}],"wp:attachment":[{"href":"https:\/\/madelinefashion.pl\/en\/wp-json\/wp\/v2\/media?parent=78463"}],"wp:term":[{"taxonomy":"product_brand","embeddable":true,"href":"https:\/\/madelinefashion.pl\/en\/wp-json\/wp\/v2\/product_brand?post=78463"},{"taxonomy":"product_cat","embeddable":true,"href":"https:\/\/madelinefashion.pl\/en\/wp-json\/wp\/v2\/product_cat?post=78463"},{"taxonomy":"product_tag","embeddable":true,"href":"https:\/\/madelinefashion.pl\/en\/wp-json\/wp\/v2\/product_tag?post=78463"}],"curies":[{"name":"wp","href":"https:\/\/api.w.org\/{rel}","templated":true}]}}