{"id":78468,"date":"2023-02-23T12:06:49","date_gmt":"2023-02-23T11:06:49","guid":{"rendered":"https:\/\/madelinefashion.pl\/?post_type=product&#038;p=78468"},"modified":"2026-01-20T10:33:35","modified_gmt":"2026-01-20T09:33:35","slug":"biala-elegancka-koszula-zdobiona-fiella","status":"publish","type":"product","link":"https:\/\/madelinefashion.pl\/en\/product\/biala-elegancka-koszula-zdobiona-fiella\/","title":{"rendered":"White Elegant Shirt Decorated with Fiell"},"content":{"rendered":"<h3 style=\"text-align: center;\">White Elegant Shirt Decorated with Fiell<\/h3>\n<p style=\"text-align: center;\"><strong>A white elegant shirt decorated with Fiella must have in your wardrobe.<\/strong> An asymmetrical shirt will be great in many versions<strong>both official and <\/strong>as well as everyday. It has three golden buttons on the cuff. The decorations on the shirt make it unique. It is fastened with one button at the back.<strong>\u00a0<\/strong>This style is perfect for tucking into pants or skirts. Our shirt can be a base for many elegant and timeless styles. It&#039;s sure to work well with pencil skirts or classic dresses. <a href=\"https:\/\/madelinefashion.pl\/en\/spodnie-jeansowe-paradise-jasne\/\">jeans,.<\/a>\u00a0The shirt is an ideal proposition for work, every day, family gatherings and many other occasions.<\/p>\n<h3 style=\"text-align: center;\">\u00a0 \u00a0 \u00a0Dimensions:<\/h3>\n<p style=\"text-align: center;\"><strong>\u00a0<\/strong><\/p>\n<ul>\n<li style=\"text-align: center;\">total length at the front: 60 cm<br \/>\ntotal length back: 71 cm<\/li>\n<li style=\"text-align: center;\">width from armpit to armpit: 59 cm<\/li>\n<li style=\"text-align: center;\">sleeve length from the shoulder: 60 cm<\/li>\n<li style=\"text-align: center;\">sleeve length from armpit: 39 cm<\/li>\n<\/ul>\n<p style=\"text-align: center;\">\nDimensions may slightly differ from the given +\/- 2cm. All dimensions given are measured flat.<\/p>\n<p style=\"text-align: center;\"><strong>\u00a0<\/strong><\/p>\n<table style=\"height: 288px;\" width=\"433\">\n<tbody>\n<tr>\n<td>Model Name<\/td>\n<td>\u00a0Elegant shirt decorated with Fiella<\/td>\n<\/tr>\n<tr>\n<td>Color<\/td>\n<td>White<\/td>\n<\/tr>\n<tr>\n<td>Collection<\/td>\n<td>Spring Summer Autumn Winter<\/td>\n<\/tr>\n<tr>\n<td>Size<\/td>\n<td>Universal<\/td>\n<\/tr>\n<tr>\n<td>Fashion<\/td>\n<td>Oversize<\/td>\n<\/tr>\n<tr>\n<td>Fastening<\/td>\n<td>Gold button<\/td>\n<\/tr>\n<tr>\n<td>Composition of the materials<\/td>\n<td>97% Cotton 3% Elastane<\/td>\n<\/tr>\n<\/tbody>\n<\/table>\n<p style=\"text-align: center;\">\u00a0The model has\u00a0<strong>169<\/strong>\u00a0cm tall, wears a size every day\u00a0<strong>S.<\/strong><\/p>\n<p style=\"text-align: center;\">The width at the bust is 92 cm<\/p>\n<p style=\"text-align: center;\">Waist width 62 cm<\/p>\n<p style=\"text-align: center;\">The width at the hips is 94 cm<strong>\u00a0<\/strong><\/p>","protected":false},"excerpt":{"rendered":"<p>Bia\u0142a Elegancka Koszula zdobiona Fiella Bia\u0142a Elegancka Koszula zdobiona Fiella must have w Twojej szafie. Asymetryczna koszula \u015bwietnie sprawdzi si\u0119 w wielu ods\u0142onach, zar\u00f3wno tych oficjalnych, jak i codziennych. Na mankiecie posiada trzy z\u0142ote guziki. Zdobienia na koszuli sprawiaj\u0105, \u017ce jest unikatowa. Z ty\u0142u zapinana jest na jeden guzik.\u00a0Fason idealnie nadaje si\u0119 do &#8222;wpuszczenia&#8221; w<\/p>\n<div class=\"klb-readmore post-buttons\"><a class=\"button black outline size-sm\" href=\"https:\/\/madelinefashion.pl\/en\/product\/biala-elegancka-koszula-zdobiona-fiella\/\">Read More <i class=\"klbth-icon-right-arrow\"><\/i><\/a><\/div>","protected":false},"featured_media":78389,"template":"","meta":[],"product_brand":[],"product_cat":[92,395],"product_tag":[414],"class_list":{"0":"post-78468","1":"product","2":"type-product","3":"status-publish","4":"has-post-thumbnail","6":"product_cat-koszule","7":"product_cat-nowosci","8":"product_tag-koszule","9":"pa_rozmiar-s","10":"pa_rozmiar-m","11":"pa_rozmiar-l","12":"pa_rozmiar-xl","13":"pa_rozmiar-xxl","15":"first","16":"instock","17":"sale","18":"purchasable","19":"product-type-simple"},"_links":{"self":[{"href":"https:\/\/madelinefashion.pl\/en\/wp-json\/wp\/v2\/product\/78468","targetHints":{"allow":["GET"]}}],"collection":[{"href":"https:\/\/madelinefashion.pl\/en\/wp-json\/wp\/v2\/product"}],"about":[{"href":"https:\/\/madelinefashion.pl\/en\/wp-json\/wp\/v2\/types\/product"}],"wp:featuredmedia":[{"embeddable":true,"href":"https:\/\/madelinefashion.pl\/en\/wp-json\/wp\/v2\/media\/78389"}],"wp:attachment":[{"href":"https:\/\/madelinefashion.pl\/en\/wp-json\/wp\/v2\/media?parent=78468"}],"wp:term":[{"taxonomy":"product_brand","embeddable":true,"href":"https:\/\/madelinefashion.pl\/en\/wp-json\/wp\/v2\/product_brand?post=78468"},{"taxonomy":"product_cat","embeddable":true,"href":"https:\/\/madelinefashion.pl\/en\/wp-json\/wp\/v2\/product_cat?post=78468"},{"taxonomy":"product_tag","embeddable":true,"href":"https:\/\/madelinefashion.pl\/en\/wp-json\/wp\/v2\/product_tag?post=78468"}],"curies":[{"name":"wp","href":"https:\/\/api.w.org\/{rel}","templated":true}]}}