{"id":7869,"date":"2021-04-10T03:12:08","date_gmt":"2021-04-10T01:12:08","guid":{"rendered":"https:\/\/madelinefashion.pl\/?post_type=product&#038;p=7869"},"modified":"2026-04-10T14:43:43","modified_gmt":"2026-04-10T12:43:43","slug":"sukienka-z-lancuszkiem-vivaldi-czarna","status":"publish","type":"product","link":"https:\/\/madelinefashion.pl\/en\/product\/sukienka-z-lancuszkiem-vivaldi-czarna\/","title":{"rendered":"Vivaldi Black Dress with Chain"},"content":{"rendered":"<h3 style=\"text-align: center;\">Vivaldi Black Dress with Chain<\/h3>\n<p style=\"text-align: center;\"><strong>Elegant knitted dress<\/strong> perfectly cut<strong> emphasizing feminine shapes<\/strong>. The material of the dress does not restrict movement and is very flexible. You can wear it in a sporty as well as an elegant edition. <strong>The neckline perfectly emphasizes feminine shapes. Dress<\/strong> on the straps made of a gold chain - mega sexy. Feel it<strong> exceptionally. <\/strong>Very soft and stretchy material. <strong>The perfect dress for everyday outings, on a trip or to work. A warm and tight dress will suit any weather.<\/strong> The stylish model will be perfect for any occasion where you want to feel special. The dress emphasizes the figure in a very subtle way. Vivaldi dress in a universal size recommended from XS to max L.<\/p>\n<p>&nbsp;<\/p>\n<h3 style=\"text-align: center;\">\u00a0 \u00a0 \u00a0 \u00a0 \u00a0 \u00a0 \u00a0 \u00a0 \u00a0 Dimensions:<\/h3>\n<ul>\n<li style=\"text-align: center;\">\u00a0 \u00a0 Total front length - 97 cm<\/li>\n<li style=\"text-align: center;\">The width from armpit to armpit - 27-48 cm<\/li>\n<li style=\"text-align: center;\">Waist width - 21-48 cm<\/li>\n<li style=\"text-align: center;\">The width at the bottom - 26-56 cm<\/li>\n<\/ul>\n<p style=\"text-align: center;\">Dimensions may slightly differ from the given +\/- 2cm. All dimensions given are measured flat. <strong>X2 dimension<\/strong><\/p>\n<h3 style=\"text-align: center;\">Characteristics:<\/h3>\n<p style=\"text-align: center;\">- midi dress<br \/>\n- chain straps<br \/>\n- universal<br \/>\n- V neckline<br \/>\n-fashionable<br \/>\n-woman<br \/>\n- fitted<br \/>\n-comfortable<\/p>\n<p>&nbsp;<\/p>\n<table>\n<tbody>\n<tr>\n<td width=\"302\"><span style=\"font-size: 10pt;\">Model name<\/span><\/td>\n<td width=\"302\">Dress with Vivaldi Chain<\/td>\n<\/tr>\n<tr>\n<td width=\"302\"><span style=\"font-size: 10pt;\">Color<\/span><\/td>\n<td width=\"302\"><span style=\"font-size: 13.3333px;\">Black<\/span><\/td>\n<\/tr>\n<tr>\n<td width=\"302\"><span style=\"font-size: 10pt;\">Fashion<\/span><\/td>\n<td width=\"302\"><span style=\"font-size: 10pt;\">Matched<\/span><\/td>\n<\/tr>\n<tr>\n<td width=\"302\"><span style=\"font-size: 10pt;\">Material<\/span><\/td>\n<td width=\"302\"><span style=\"font-size: 10pt;\">98 % Cotton 2 % Elastane\u00a0<\/span><\/td>\n<\/tr>\n<tr>\n<td width=\"302\"><span style=\"font-size: 10pt;\">Length<\/span><\/td>\n<td width=\"302\"><span style=\"font-size: 10pt;\">Above the knee<\/span><\/td>\n<\/tr>\n<\/tbody>\n<\/table>\n<p>&nbsp;<\/p>\n<p style=\"text-align: center;\"><span style=\"font-size: 10pt;\">\u00a0<\/span><\/p>\n<div class=\"tabs tabs-bb clear mb-80\">\n<div class=\"tab-content\">\n<div id=\"tab-description\" class=\"tab-pane fade in woocommerce-Tabs-panel--description active\">\n<p style=\"text-align: center;\">\u00a0The model has\u00a0<strong>165<\/strong>\u00a0cm tall, wears a size every day\u00a0<strong>S.<\/strong><\/p>\n<\/div>\n<\/div>\n<\/div>","protected":false},"excerpt":{"rendered":"<p>Sukienka z \u0141a\u0144cuszkiem Vivaldi Czarna Elegancka sukienka dzianinowa o kroju idealnie podkre\u015blaj\u0105cym kobiece kszta\u0142ty. Materia\u0142 sukienki nie kr\u0119puj\u0119 ruch\u00f3w i jest bardzo elastyczny. Mo\u017cna j\u0105 nosi\u0107 w sportowym, jak i w eleganckim wydaniu. Dekolt idealnie podkre\u015bla kobiece kszta\u0142ty. Sukienka na rami\u0105czkach ze z\u0142otego \u0142a\u0144cuszka &#8211; mega sexowna. Poczuj si\u0119 wyj\u0105tkowo. Bardzo mi\u0119kki i rozci\u0105gliwy materia\u0142.<\/p>\n<div class=\"klb-readmore post-buttons\"><a class=\"button black outline size-sm\" href=\"https:\/\/madelinefashion.pl\/en\/product\/sukienka-z-lancuszkiem-vivaldi-czarna\/\">Read More <i class=\"klbth-icon-right-arrow\"><\/i><\/a><\/div>","protected":false},"featured_media":7860,"template":"","meta":[],"product_brand":[],"product_cat":[125],"product_tag":[213],"class_list":{"0":"post-7869","1":"product","2":"type-product","3":"status-publish","4":"has-post-thumbnail","6":"product_cat-sukienki","7":"product_tag-sukienka-czarna","9":"first","10":"instock","11":"purchasable","12":"product-type-simple"},"_links":{"self":[{"href":"https:\/\/madelinefashion.pl\/en\/wp-json\/wp\/v2\/product\/7869","targetHints":{"allow":["GET"]}}],"collection":[{"href":"https:\/\/madelinefashion.pl\/en\/wp-json\/wp\/v2\/product"}],"about":[{"href":"https:\/\/madelinefashion.pl\/en\/wp-json\/wp\/v2\/types\/product"}],"wp:featuredmedia":[{"embeddable":true,"href":"https:\/\/madelinefashion.pl\/en\/wp-json\/wp\/v2\/media\/7860"}],"wp:attachment":[{"href":"https:\/\/madelinefashion.pl\/en\/wp-json\/wp\/v2\/media?parent=7869"}],"wp:term":[{"taxonomy":"product_brand","embeddable":true,"href":"https:\/\/madelinefashion.pl\/en\/wp-json\/wp\/v2\/product_brand?post=7869"},{"taxonomy":"product_cat","embeddable":true,"href":"https:\/\/madelinefashion.pl\/en\/wp-json\/wp\/v2\/product_cat?post=7869"},{"taxonomy":"product_tag","embeddable":true,"href":"https:\/\/madelinefashion.pl\/en\/wp-json\/wp\/v2\/product_tag?post=7869"}],"curies":[{"name":"wp","href":"https:\/\/api.w.org\/{rel}","templated":true}]}}