{"id":78782,"date":"2023-02-27T10:40:23","date_gmt":"2023-02-27T09:40:23","guid":{"rendered":"https:\/\/madelinefashion.pl\/?post_type=product&#038;p=78782"},"modified":"2026-02-13T15:27:28","modified_gmt":"2026-02-13T14:27:28","slug":"ramoneska-ala-plaszczyk-maxi-eco-skora-z-paskiem-giorgia","status":"publish","type":"product","link":"https:\/\/madelinefashion.pl\/en\/product\/ramoneska-ala-plaszczyk-maxi-eco-skora-z-paskiem-giorgia\/","title":{"rendered":"Ramones a&#039;la Maxi Eco Leather Coat with Giorgia Belt"},"content":{"rendered":"<h3 style=\"text-align: center;\">Ramones a&#039;la Maxi Eco Leather Coat with Giorgia Belt<\/h3>\n<p style=\"text-align: center;\"><strong>Amazing biker jacket <\/strong>made of soft eco leather in black. Model <strong>fitted<\/strong> with a waist belt. <strong>It fits perfectly to the figure. Leather Jacket\u00a0 <\/strong>is one of our proposals for the coming spring days. <strong>Bestseller<\/strong> model. It can be used in any styling, both for classic jeans, a white t-shirt for everyday outings, and for women&#039;s dresses, adding a rock look to them. <strong>character<\/strong>. Classic, slightly tapered sleeves. Zip pockets on the sides. Jacket with large flaps fastened with a zipper, not insulated on the lining. It is definite <strong>must have<\/strong> in every wardrobe! This model is perfect for spring or autumn and for cooler summer days. Thanks to properly selected accessories, you can easily create unique stylizations for social events or celebrations. The model has two pockets with silver press studs. <strong>Stand out from the crowd<\/strong> with our eco leather jacket. There is no limit to your imagination, so don&#039;t hesitate and<strong> create your own styling<\/strong>. The biker jacket comes in size<strong> SML XL.\u00a0\u00a0<\/strong>If you have any questions, we are here to help.<\/p>\n<h3 style=\"text-align: center;\">Dimensions:<\/h3>\n<p align=\"center\"><strong>36 \/ S<\/strong><\/p>\n<p align=\"center\">Total front length - 87 cm<br \/>\nTotal length back - 84 cm<br \/>\nWaist width - 43 cm<br \/>\nWidth from armpit to armpit - 44 cm x2<br \/>\nSleeve length from the shoulder - 59 cm<br \/>\nSleeve length from the armpit - 42 cm<br \/>\nWidth at the bottom - 51 cm<\/p>\n<p align=\"center\"><strong>38 \/ M<\/strong><\/p>\n<p align=\"center\">Total front length - 88 cm<br \/>\nTotal length back - 85 cm<br \/>\nWaist width - 40 cm<br \/>\nWidth from armpit to armpit - 45 cm x2<br \/>\nSleeve length from the shoulder - 59 cm<br \/>\nSleeve length from the armpit - 43 cm<br \/>\nWidth at the bottom - 52 cm<br \/>\n<strong><br \/>\n40 \/ L<\/strong><\/p>\n<p align=\"center\">Total front length - 89cm<br \/>\nTotal length back - 86 cm<br \/>\nWaist width - 45 cm<br \/>\nWidth from armpit to armpit - 45 cm x2<br \/>\nSleeve length from the shoulder - 60 cm<br \/>\nSleeve length from the armpit - 44 cm<br \/>\nWidth at the bottom - 53 cm<\/p>\n<p style=\"text-align: center;\"><strong>42 \/ XL<\/strong><\/p>\n<p align=\"center\">Total front length - 91 cm<br \/>\nTotal length back - 88 cm<br \/>\nWaist width - 45 cm<br \/>\nWidth from armpit to armpit - 46 cm x2<br \/>\nSleeve length from the shoulder - 60 cm<br \/>\nSleeve length from the armpit - 45 cm<br \/>\nWidth at the bottom - 54 cm<\/p>\n<p style=\"text-align: center;\">Dimensions may slightly differ from the given +\/- 2cm. All dimensions are provided <strong>measured flat<\/strong>.\u00a0<strong>X2 dimension<\/strong><\/p>\n<p>&nbsp;<\/p>\n<table width=\"605\">\n<tbody>\n<tr>\n<td width=\"302\">Model name<\/td>\n<td width=\"302\">Ramones a&#039;la Maxi Eco Leather Coat with Giorgia Belt<\/td>\n<\/tr>\n<tr>\n<td width=\"302\">Color<\/td>\n<td width=\"302\">Black<\/td>\n<\/tr>\n<tr>\n<td width=\"302\">Sizes<\/td>\n<td width=\"302\">SML XL<\/td>\n<\/tr>\n<tr>\n<td width=\"302\">Fashion<\/td>\n<td width=\"302\">Fitted \/ slim<\/td>\n<\/tr>\n<tr>\n<td width=\"302\">Hood<\/td>\n<td width=\"302\">Not<\/td>\n<\/tr>\n<tr>\n<td width=\"302\">Quality<\/td>\n<td width=\"302\">Premium<\/td>\n<\/tr>\n<tr>\n<td width=\"302\">Fastening<\/td>\n<td width=\"302\">Lock<\/td>\n<\/tr>\n<\/tbody>\n<\/table>\n<p style=\"text-align: center;\"><strong>\u00a0The model is 169 cm tall and wears size S every day<\/strong><\/p>\n<p style=\"text-align: center;\"><strong>The width at the bust is 92 cm<\/strong><\/p>\n<p style=\"text-align: center;\"><strong>Waist width 62 cm<\/strong><\/p>\n<p style=\"text-align: center;\"><strong>The width at the hips is 94 cm<\/strong><\/p>\n<p style=\"text-align: center;\">","protected":false},"excerpt":{"rendered":"<p>Ramoneska a&#8217;la P\u0142aszczyk Maxi Eco Sk\u00f3ra z Paskiem Giorgia Rewelacyjna ramoneska wykonana z mi\u0119kkiej eko sk\u00f3ry w kolorze czarnym.\u00a0Model taliowany z paskiem w pasie. Fantastycznie dopasowuje si\u0119 do sylwetki. Kurtka sk\u00f3rzana\u00a0 to jedna z naszych propozycji na nadchodz\u0105ce wiosenne dni. Bestsellerowy model. Mo\u017cna j\u0105 wykorzysta\u0107 w ka\u017cdej stylizacji, zar\u00f3wno do klasycznych jeans\u00f3w, bia\u0142ego t-shirtu na<\/p>\n<div class=\"klb-readmore post-buttons\"><a class=\"button black outline size-sm\" href=\"https:\/\/madelinefashion.pl\/en\/product\/ramoneska-ala-plaszczyk-maxi-eco-skora-z-paskiem-giorgia\/\">Read More <i class=\"klbth-icon-right-arrow\"><\/i><\/a><\/div>","protected":false},"featured_media":78772,"template":"","meta":[],"product_brand":[],"product_cat":[117,395],"product_tag":[295],"class_list":{"0":"post-78782","1":"product","2":"type-product","3":"status-publish","4":"has-post-thumbnail","6":"product_cat-kurtki","7":"product_cat-nowosci","8":"product_tag-ramoneski","9":"pa_rozmiar-s","10":"pa_rozmiar-m","11":"pa_rozmiar-l","12":"pa_rozmiar-xl","14":"first","15":"instock","16":"sale","17":"purchasable","18":"product-type-variable"},"_links":{"self":[{"href":"https:\/\/madelinefashion.pl\/en\/wp-json\/wp\/v2\/product\/78782","targetHints":{"allow":["GET"]}}],"collection":[{"href":"https:\/\/madelinefashion.pl\/en\/wp-json\/wp\/v2\/product"}],"about":[{"href":"https:\/\/madelinefashion.pl\/en\/wp-json\/wp\/v2\/types\/product"}],"wp:featuredmedia":[{"embeddable":true,"href":"https:\/\/madelinefashion.pl\/en\/wp-json\/wp\/v2\/media\/78772"}],"wp:attachment":[{"href":"https:\/\/madelinefashion.pl\/en\/wp-json\/wp\/v2\/media?parent=78782"}],"wp:term":[{"taxonomy":"product_brand","embeddable":true,"href":"https:\/\/madelinefashion.pl\/en\/wp-json\/wp\/v2\/product_brand?post=78782"},{"taxonomy":"product_cat","embeddable":true,"href":"https:\/\/madelinefashion.pl\/en\/wp-json\/wp\/v2\/product_cat?post=78782"},{"taxonomy":"product_tag","embeddable":true,"href":"https:\/\/madelinefashion.pl\/en\/wp-json\/wp\/v2\/product_tag?post=78782"}],"curies":[{"name":"wp","href":"https:\/\/api.w.org\/{rel}","templated":true}]}}