{"id":78787,"date":"2023-02-27T11:17:51","date_gmt":"2023-02-27T10:17:51","guid":{"rendered":"https:\/\/madelinefashion.pl\/?post_type=product&#038;p=78787"},"modified":"2026-01-15T12:43:06","modified_gmt":"2026-01-15T11:43:06","slug":"ramoneska-czarna-dopasowana-drole-de-copine","status":"publish","type":"product","link":"https:\/\/madelinefashion.pl\/en\/product\/ramoneska-czarna-dopasowana-drole-de-copine\/","title":{"rendered":"Ramones Black Fit Drole De Copine"},"content":{"rendered":"<h3 style=\"text-align: center;\">Ramones Black Fit Drole De Copine<\/h3>\n<p style=\"text-align: center;\"><strong>Amazing biker jacket <\/strong>made of soft eco leather in black. It is a solidly made model, with attention to the smallest detail. Fastened with a silver zipper sewn under a slight slant. Stand-up collar with the possibility of spreading two flaps to the sides. The jacket has two functional pockets on the front fastened with zippers. The jacket on the back is sewn from several pieces of leather to perfectly fit the figure. Model with a lining that perfectly matches the color of the jacket. You can wear it both with trousers, as well as put on a woman&#039;s dress, breaking your stylization and giving it a unique character.\u00a0 <strong>Bestseller<\/strong> model. Classic, slightly tapered sleeves. It is definite <strong>must have<\/strong> in every wardrobe! This model is perfect for spring or autumn and for cooler summer days. Thanks to properly selected accessories, you can easily create unique stylizations for social events or celebrations. <strong>Stand out from the crowd<\/strong> with our eco leather jacket. There is no limit to your imagination, so don&#039;t hesitate and<strong> create your own styling<\/strong>. The biker jacket comes in size<strong> SML XL.\u00a0\u00a0<\/strong><\/p>\n<h3 style=\"text-align: center;\">Dimensions:<\/h3>\n<p align=\"center\"><strong>36 \/ S<\/strong><\/p>\n<p align=\"center\">Total front length - 76cm<br \/>\nTotal length back - 71 cm<br \/>\nWaist width - 36 cm<br \/>\nWidth from armpit to armpit - 40 cm x2<br \/>\nSleeve length from the shoulder - 59 cm<br \/>\nSleeve length from the armpit - 43 cm<br \/>\nWidth at the bottom - 42 cm<\/p>\n<p align=\"center\"><strong>38 \/ M<\/strong><\/p>\n<p align=\"center\">Total front length -77 cm<br \/>\nTotal length back - 72 cm<br \/>\nWaist width - 38 cm<br \/>\nWidth from armpit to armpit - 41 cm x2<br \/>\nSleeve length from the shoulder - 60 cm<br \/>\nSleeve length from the armpit - 44 cm<br \/>\nWidth at the bottom - 43 cm<br \/>\n<strong><br \/>\n40 \/ L<\/strong><\/p>\n<p align=\"center\">Total front length - 78 cm<br \/>\nTotal length back - 73 cm<br \/>\nWaist width - 40 cm<br \/>\nWidth from armpit to armpit - 43 cm x2<br \/>\nSleeve length from the shoulder - 61 cm<br \/>\nSleeve length from the armpit - 44 cm<br \/>\nWidth at the bottom - 44 cm<\/p>\n<p style=\"text-align: center;\"><strong>42 \/ XL<\/strong><\/p>\n<p align=\"center\">Total front length - 79 cm<br \/>\nTotal length back - 74 cm<br \/>\nWaist width - 45 cm<br \/>\nWidth from armpit to armpit - 45 cm x<br \/>\nSleeve length from the shoulder - 62 cm<br \/>\nSleeve length from the armpit - 45 cm<br \/>\nWidth at the bottom - 45 cm<\/p>\n<p style=\"text-align: center;\">Dimensions may slightly differ from the given +\/- 2cm. All dimensions are provided <strong>measured flat<\/strong>.\u00a0<strong>X2 dimension<\/strong><\/p>\n<p>&nbsp;<\/p>\n<table width=\"605\">\n<tbody>\n<tr>\n<td width=\"302\">Model name<\/td>\n<td width=\"302\">Ramones Fitted Drole De Copine<\/td>\n<\/tr>\n<tr>\n<td width=\"302\">Color<\/td>\n<td width=\"302\">Black<\/td>\n<\/tr>\n<tr>\n<td width=\"302\">Sizes<\/td>\n<td width=\"302\">SML XL<\/td>\n<\/tr>\n<tr>\n<td width=\"302\">Fashion<\/td>\n<td width=\"302\">Fitted \/ slim<\/td>\n<\/tr>\n<tr>\n<td width=\"302\">Hood<\/td>\n<td width=\"302\">Not<\/td>\n<\/tr>\n<tr>\n<td width=\"302\">Quality<\/td>\n<td width=\"302\">Premium<\/td>\n<\/tr>\n<tr>\n<td width=\"302\">Fastening<\/td>\n<td width=\"302\">Lock<\/td>\n<\/tr>\n<\/tbody>\n<\/table>\n<p style=\"text-align: center;\"><strong>\u00a0The model is 169 cm tall and wears size S every day<\/strong><\/p>\n<p style=\"text-align: center;\"><strong>The width at the bust is 92 cm<\/strong><\/p>\n<p style=\"text-align: center;\"><strong>Waist width 62 cm<\/strong><\/p>\n<p style=\"text-align: center;\"><strong>The width at the hips is 94 cm<\/strong><\/p>\n<p style=\"text-align: center;\">","protected":false},"excerpt":{"rendered":"<p>Ramoneska Czarna Dopasowana Drole De Copine Rewelacyjna ramoneska wykonana z mi\u0119kkiej eko sk\u00f3ry w kolorze czarnym. Jest to model solidnie wykonany, z dba\u0142o\u015bci\u0105 o najmniejszy szczeg\u00f3\u0142. Zapinana na srebrny zamek wszyty pod lekkim skosem. Ko\u0142nierz kurtki typu st\u00f3jka z mo\u017cliwo\u015bci\u0105 roz\u0142o\u017cenia dw\u00f3ch klap na boki. Kurtka posiada dwie funkcjonalne kieszonki na przodzie zapinane na zamki.<\/p>\n<div class=\"klb-readmore post-buttons\"><a class=\"button black outline size-sm\" href=\"https:\/\/madelinefashion.pl\/en\/product\/ramoneska-czarna-dopasowana-drole-de-copine\/\">Read More <i class=\"klbth-icon-right-arrow\"><\/i><\/a><\/div>","protected":false},"featured_media":78767,"template":"","meta":[],"product_brand":[],"product_cat":[117,395],"product_tag":[295],"class_list":{"0":"post-78787","1":"product","2":"type-product","3":"status-publish","4":"has-post-thumbnail","6":"product_cat-kurtki","7":"product_cat-nowosci","8":"product_tag-ramoneski","9":"pa_rozmiar-m","10":"pa_rozmiar-l","11":"pa_rozmiar-xl","12":"pa_rozmiar-s","14":"first","15":"instock","16":"sale","17":"purchasable","18":"product-type-variable"},"_links":{"self":[{"href":"https:\/\/madelinefashion.pl\/en\/wp-json\/wp\/v2\/product\/78787","targetHints":{"allow":["GET"]}}],"collection":[{"href":"https:\/\/madelinefashion.pl\/en\/wp-json\/wp\/v2\/product"}],"about":[{"href":"https:\/\/madelinefashion.pl\/en\/wp-json\/wp\/v2\/types\/product"}],"wp:featuredmedia":[{"embeddable":true,"href":"https:\/\/madelinefashion.pl\/en\/wp-json\/wp\/v2\/media\/78767"}],"wp:attachment":[{"href":"https:\/\/madelinefashion.pl\/en\/wp-json\/wp\/v2\/media?parent=78787"}],"wp:term":[{"taxonomy":"product_brand","embeddable":true,"href":"https:\/\/madelinefashion.pl\/en\/wp-json\/wp\/v2\/product_brand?post=78787"},{"taxonomy":"product_cat","embeddable":true,"href":"https:\/\/madelinefashion.pl\/en\/wp-json\/wp\/v2\/product_cat?post=78787"},{"taxonomy":"product_tag","embeddable":true,"href":"https:\/\/madelinefashion.pl\/en\/wp-json\/wp\/v2\/product_tag?post=78787"}],"curies":[{"name":"wp","href":"https:\/\/api.w.org\/{rel}","templated":true}]}}