{"id":78863,"date":"2023-02-27T14:11:40","date_gmt":"2023-02-27T13:11:40","guid":{"rendered":"https:\/\/madelinefashion.pl\/?post_type=product&#038;p=78863"},"modified":"2026-01-20T10:33:35","modified_gmt":"2026-01-20T09:33:35","slug":"koszula-asymetryczna-bezowa-naomi","status":"publish","type":"product","link":"https:\/\/madelinefashion.pl\/en\/product\/koszula-asymetryczna-bezowa-naomi\/","title":{"rendered":"Naomi Beige Asymmetric Shirt"},"content":{"rendered":"<h3 style=\"text-align: center;\">Naomi Beige Asymmetric Shirt<\/h3>\n<p>&nbsp;<\/p>\n<p style=\"text-align: center;\"><strong>Shirt<\/strong> is an excellent choice if you want to create a more elegant styling. A decorative necklace was attached to the shirt. The dress is fastened with small buttons, with which you can adjust the depth of the neckline. The neckline of the dress was finished with a collar. It has a wider sleeve tied with a bow. The dress has a pleasant, slightly stretchy material. You can choose it in our store <a href=\"https:\/\/madelinefashion.pl\/en\/buty\/\">shoes<\/a> and <a href=\"https:\/\/madelinefashion.pl\/en\/product-tag\/torebki-damskie\/\">handbag<\/a>. We suggest a shirt in combination with leather trousers, shorts or leggings. Shorter ladies can wear it as a dress.<\/p>\n<p style=\"text-align: center;\">Dress in size <strong>SML XL\u00a0<\/strong><\/p>\n<h3 style=\"text-align: center;\">Dimensions:<\/h3>\n<ul>\n<li style=\"text-align: center;\"><strong>S \/ 36<br \/>\n<\/strong><\/li>\n<li style=\"text-align: center;\">TOTAL LENGTH 65cm<br \/>\nTOTAL LENGTH BACK 96 cm<\/li>\n<li style=\"text-align: center;\">WIDTH FROM AARM TO AARM 44-53 cm<\/li>\n<li style=\"text-align: center;\">SLEEVE LENGTH FROM THE SHOULDER 65 cm<\/li>\n<li style=\"text-align: center;\">SLEEVE LENGTH FROM THE ARMP 45 cm<br \/>\nWAIST WIDTH 33- 43 cm<\/li>\n<li style=\"text-align: center;\"><\/li>\n<li style=\"text-align: center;\"><\/li>\n<li style=\"text-align: center;\"><strong>M \/ 38<\/strong><\/li>\n<li style=\"text-align: center;\">TOTAL LENGTH 66 cm<br \/>\nTOTAL LENGTH BACK 98 cm<\/li>\n<li style=\"text-align: center;\">WIDTH FROM AARM TO AARM 44-53 cm<\/li>\n<li style=\"text-align: center;\">SLEEVE LENGTH FROM THE SHOULDER 65 cm<\/li>\n<li style=\"text-align: center;\">SLEEVE LENGTH FROM THE ARMP 45 cm<br \/>\nWAIST WIDTH 33- 45 cm<\/li>\n<li style=\"text-align: center;\"><\/li>\n<li style=\"text-align: center;\"><\/li>\n<li style=\"text-align: center;\"><strong>L \/ 40<\/strong><\/li>\n<li style=\"text-align: center;\">TOTAL LENGTH 67 cm<br \/>\nTOTAL LENGTH BACK 100 cm<\/li>\n<li style=\"text-align: center;\">WIDTH FROM AARM TO AARM 48-59 cm<\/li>\n<li style=\"text-align: center;\">SLEEVE LENGTH FROM THE SHOULDER 65 cm<\/li>\n<li style=\"text-align: center;\">SLEEVE LENGTH FROM THE ARMP 45 cm<br \/>\nWAIST WIDTH 34- 47 cm<\/li>\n<li style=\"text-align: center;\"><\/li>\n<li style=\"text-align: center;\"><strong>42 \/ XL<\/strong><\/li>\n<li style=\"text-align: center;\">TOTAL LENGTH 67 cm<br \/>\nTOTAL LENGTH BACK 100 cm<\/li>\n<li style=\"text-align: center;\">WIDTH FROM AARM TO AARM 48-59 cm<\/li>\n<li style=\"text-align: center;\">SLEEVE LENGTH FROM THE SHOULDER 65 cm<\/li>\n<li style=\"text-align: center;\">SLEEVE LENGTH FROM THE ARMP 45 cm<br \/>\nWAIST WIDTH 36- 49 cm<\/li>\n<li style=\"text-align: center;\"><\/li>\n<\/ul>\n<p style=\"text-align: center;\">Dimensions may vary from the given +\/- 2cm. All dimensions given are measured flat. Dimension <strong>x2<\/strong><\/p>\n<table class=\"table\" width=\"591\">\n<tbody>\n<tr>\n<td width=\"302\">Model name<\/td>\n<td width=\"302\">Naomi Asymmetric Shirt<\/td>\n<\/tr>\n<tr>\n<td width=\"302\">Color<\/td>\n<td width=\"302\">Beige<\/td>\n<\/tr>\n<tr>\n<td width=\"302\">Fastening<\/td>\n<td width=\"302\">With buttons<\/td>\n<\/tr>\n<tr>\n<td width=\"302\">Size<\/td>\n<td width=\"302\">S, M, L, XL<\/td>\n<\/tr>\n<tr>\n<td width=\"302\">Included<\/td>\n<td width=\"302\">Strap<\/td>\n<\/tr>\n<tr>\n<td width=\"302\">Material<\/td>\n<td width=\"302\">\u00a077% Cotton 21%Polyester 2% Elastane<\/td>\n<\/tr>\n<tr>\n<td width=\"302\">Length<\/td>\n<td width=\"302\">Asymmetrical<\/td>\n<\/tr>\n<\/tbody>\n<\/table>\n<p>&nbsp;<\/p>\n<p>&nbsp;<\/p>\n<p style=\"text-align: center;\">The model has\u00a0<strong>169<\/strong>\u00a0cm tall, wears a size every day\u00a0<strong>S.<\/strong><\/p>\n<p style=\"text-align: center;\">The width at the bust is 92 cm<\/p>\n<p style=\"text-align: center;\">Waist width 62 cm<\/p>\n<p style=\"text-align: center;\">The width at the hips is 94 cm<\/p>","protected":false},"excerpt":{"rendered":"<p>Koszula Asymetryczna Be\u017cowa Naomi &nbsp; Koszula to doskona\u0142y wyb\u00f3r je\u015bli chcesz stworzy\u0107 bardziej eleganck\u0105 stylizacj\u0119. Do koszuli zosta\u0142 do\u0142\u0105czony ozdobny naszyjnik.\u00a0 Sukienka zapinana jest na drobne guziczki, za pomoc\u0105 kt\u00f3rych mo\u017cesz regulowa\u0107 g\u0142\u0119boko\u015b\u0107 dekoltu. Dekolt sukienki zosta\u0142 wyko\u0144czony ko\u0142nierzykiem. Posiada szerszy r\u0119kaw wi\u0105zany na kokardk\u0119. Sukienka posiada przyjemny, delikatnie naddaj\u0105cy si\u0119 materia\u0142. Mo\u017cesz do niej<\/p>\n<div class=\"klb-readmore post-buttons\"><a class=\"button black outline size-sm\" href=\"https:\/\/madelinefashion.pl\/en\/product\/koszula-asymetryczna-bezowa-naomi\/\">Read More <i class=\"klbth-icon-right-arrow\"><\/i><\/a><\/div>","protected":false},"featured_media":78869,"template":"","meta":[],"product_brand":[],"product_cat":[125,92,395],"product_tag":[],"class_list":{"0":"post-78863","1":"product","2":"type-product","3":"status-publish","4":"has-post-thumbnail","6":"product_cat-sukienki","7":"product_cat-koszule","8":"product_cat-nowosci","10":"first","11":"instock","12":"sale","13":"purchasable","14":"product-type-variable"},"_links":{"self":[{"href":"https:\/\/madelinefashion.pl\/en\/wp-json\/wp\/v2\/product\/78863","targetHints":{"allow":["GET"]}}],"collection":[{"href":"https:\/\/madelinefashion.pl\/en\/wp-json\/wp\/v2\/product"}],"about":[{"href":"https:\/\/madelinefashion.pl\/en\/wp-json\/wp\/v2\/types\/product"}],"wp:featuredmedia":[{"embeddable":true,"href":"https:\/\/madelinefashion.pl\/en\/wp-json\/wp\/v2\/media\/78869"}],"wp:attachment":[{"href":"https:\/\/madelinefashion.pl\/en\/wp-json\/wp\/v2\/media?parent=78863"}],"wp:term":[{"taxonomy":"product_brand","embeddable":true,"href":"https:\/\/madelinefashion.pl\/en\/wp-json\/wp\/v2\/product_brand?post=78863"},{"taxonomy":"product_cat","embeddable":true,"href":"https:\/\/madelinefashion.pl\/en\/wp-json\/wp\/v2\/product_cat?post=78863"},{"taxonomy":"product_tag","embeddable":true,"href":"https:\/\/madelinefashion.pl\/en\/wp-json\/wp\/v2\/product_tag?post=78863"}],"curies":[{"name":"wp","href":"https:\/\/api.w.org\/{rel}","templated":true}]}}