{"id":79003,"date":"2023-02-27T16:33:00","date_gmt":"2023-02-27T15:33:00","guid":{"rendered":"https:\/\/madelinefashion.pl\/?post_type=product&#038;p=79003"},"modified":"2026-03-01T12:58:10","modified_gmt":"2026-03-01T11:58:10","slug":"damska-torebka-shopperka-nobo-czarna","status":"publish","type":"product","link":"https:\/\/madelinefashion.pl\/en\/product\/damska-torebka-shopperka-nobo-czarna\/","title":{"rendered":"Nobo Women&#039;s Shopper Bag Black"},"content":{"rendered":"<h3 style=\"text-align: center;\">Nobo Women&#039;s Shopper Bag Black<\/h3>\n<p style=\"text-align: center;\">\u00a0This stylish one\u00a0<strong>women&#039;s bag<\/strong> b\u0119dzie wygodnym i eleganckim dodatkiem na ka\u017cdy dzie\u0144. Klasyczny fason shopperki zosta\u0142 urozmaicony ciekawym<strong> z\u0142otym zdobieniem<\/strong>. Ma <strong>slim cut<\/strong>, a jednak zmie\u015bci wszystko, co potrzebne na ca\u0142y dzie\u0144: telefon, portfel, dokumenty w formacie A4, kosmetyczk\u0119, kubek termiczny i kilka drobiazg\u00f3w. Ten uniwersalny model mo\u017cesz nosi\u0107 ze sob\u0105 do pracy, jak i po pracy, na przyk\u0142ad na zakupy czy spacer. B\u0119dzie pasowa\u0142a i do klasycznego trencza, i sk\u00f3rzanej ramoneski.\u00a0<strong>Torebka shopperka<\/strong>\u00a0with decoration, it will be perfect for both elegant and quite casual styles.<\/p>\n<p>&nbsp;<\/p>\n<h3 style=\"text-align: center;\">Characteristics:<\/h3>\n<p>&nbsp;<\/p>\n<ul>\n<li style=\"text-align: center;\">\u00a0zippered pocket<\/li>\n<li style=\"text-align: center;\">2 additional small pockets<\/li>\n<li style=\"text-align: center;\">the whole thing is fastened with a zipper<\/li>\n<\/ul>\n<p>&nbsp;<\/p>\n<h3 style=\"text-align: center;\">Bag dimensions:<\/h3>\n<ul style=\"text-align: center;\">\n<li>height \u2013 31 cm<br \/>\ndepth 13 cm<\/li>\n<li>szeroko\u015b\u0107 &#8211; 35 cm<\/li>\n<li>d\u0142ugo\u015b\u0107 uchwyt\u00f3w &#8211; 25 cm<\/li>\n<li><\/li>\n<\/ul>","protected":false},"excerpt":{"rendered":"<p>Damska Torebka Shopperka Nobo Czarna \u00a0Ta stylowa\u00a0damska torba b\u0119dzie wygodnym i eleganckim dodatkiem na ka\u017cdy dzie\u0144. Klasyczny fason shopperki zosta\u0142 urozmaicony ciekawym z\u0142otym zdobieniem. Ma smuk\u0142y fason, a jednak zmie\u015bci wszystko, co potrzebne na ca\u0142y dzie\u0144: telefon, portfel, dokumenty w formacie A4, kosmetyczk\u0119, kubek termiczny i kilka drobiazg\u00f3w. Ten uniwersalny model mo\u017cesz nosi\u0107 ze sob\u0105<\/p>\n<div class=\"klb-readmore post-buttons\"><a class=\"button black outline size-sm\" href=\"https:\/\/madelinefashion.pl\/en\/product\/damska-torebka-shopperka-nobo-czarna\/\">Read More <i class=\"klbth-icon-right-arrow\"><\/i><\/a><\/div>","protected":false},"featured_media":79006,"template":"","meta":[],"product_brand":[],"product_cat":[113,395],"product_tag":[412],"class_list":{"0":"post-79003","1":"product","2":"type-product","3":"status-publish","4":"has-post-thumbnail","6":"product_cat-dodatki","7":"product_cat-nowosci","8":"product_tag-torebki-damskie","10":"first","11":"instock","12":"sale","13":"purchasable","14":"product-type-simple"},"_links":{"self":[{"href":"https:\/\/madelinefashion.pl\/en\/wp-json\/wp\/v2\/product\/79003","targetHints":{"allow":["GET"]}}],"collection":[{"href":"https:\/\/madelinefashion.pl\/en\/wp-json\/wp\/v2\/product"}],"about":[{"href":"https:\/\/madelinefashion.pl\/en\/wp-json\/wp\/v2\/types\/product"}],"wp:featuredmedia":[{"embeddable":true,"href":"https:\/\/madelinefashion.pl\/en\/wp-json\/wp\/v2\/media\/79006"}],"wp:attachment":[{"href":"https:\/\/madelinefashion.pl\/en\/wp-json\/wp\/v2\/media?parent=79003"}],"wp:term":[{"taxonomy":"product_brand","embeddable":true,"href":"https:\/\/madelinefashion.pl\/en\/wp-json\/wp\/v2\/product_brand?post=79003"},{"taxonomy":"product_cat","embeddable":true,"href":"https:\/\/madelinefashion.pl\/en\/wp-json\/wp\/v2\/product_cat?post=79003"},{"taxonomy":"product_tag","embeddable":true,"href":"https:\/\/madelinefashion.pl\/en\/wp-json\/wp\/v2\/product_tag?post=79003"}],"curies":[{"name":"wp","href":"https:\/\/api.w.org\/{rel}","templated":true}]}}