{"id":79123,"date":"2023-02-28T10:07:11","date_gmt":"2023-02-28T09:07:11","guid":{"rendered":"https:\/\/madelinefashion.pl\/?post_type=product&#038;p=79123"},"modified":"2025-09-09T10:19:16","modified_gmt":"2025-09-09T08:19:16","slug":"jeansowa-sukienka-z-falbanka-ciemny-jeans","status":"publish","type":"product","link":"https:\/\/madelinefashion.pl\/en\/product\/jeansowa-sukienka-z-falbanka-ciemny-jeans\/","title":{"rendered":"Denim Dress with Frill Dark Jeans"},"content":{"rendered":"<h3 style=\"text-align: center;\">Denim Dress with Frill Dark Jeans<\/h3>\n<p style=\"text-align: center;\"><strong>Beautiful, denim dress fastened with buttons<\/strong>. The frill at the bottom adds a unique charm to the dress. The material is pleasant to the touch, slightly stiffened, which makes the dress extremely comfortable and wears well. The elastic band at the waist will perfectly emphasize the waistline. The denim dress has a collar and two breast pockets. <strong>The dress will work in many styles<\/strong> - it will be perfect for everyday use, for work or for a meeting with friends. You can also fold the sleeve in the dress.<\/p>\n<h3 style=\"text-align: center;\">Dimensions:<\/h3>\n<p style=\"text-align: center;\"><strong>S \/ 36<\/strong><\/p>\n<p style=\"text-align: center;\">\u00a0\u00a0\u00a0\u00a0\u00a0\u00a0\u00a0 overall length: 86 cm<\/p>\n<p style=\"text-align: center;\">shoulder width: 45 cm<\/p>\n<p style=\"text-align: center;\">\u00a0\u00a0\u00a0\u00a0\u00a0\u00a0\u00a0 width from armpit to armpit: 42-44 cm<\/p>\n<p style=\"text-align: center;\">\u00a0\u00a0\u00a0\u00a0\u00a0\u00a0\u00a0 sleeve length from the armpit max: 50 cm<\/p>\n<p style=\"text-align: center;\">\u00a0\u00a0\u00a0\u00a0\u00a0\u00a0\u00a0 sleeve length from shoulder max: 63 cm<\/p>\n<p style=\"text-align: center;\">\u00a0\u00a0\u00a0\u00a0\u00a0\u00a0\u00a0 waist width: 30-44 cm<\/p>\n<p style=\"text-align: center;\"><strong>M \/ 38<\/strong><\/p>\n<p style=\"text-align: center;\">overall length: 87 cm<\/p>\n<p style=\"text-align: center;\">shoulder width: 46 cm<\/p>\n<p style=\"text-align: center;\">width from armpit to armpit: 44-46 cm<\/p>\n<p style=\"text-align: center;\">sleeve length from the armpit max: 50 cm<\/p>\n<p style=\"text-align: center;\">sleeve length from shoulder max: 63 cm<\/p>\n<p style=\"text-align: center;\">waist width: 32-46 cm<\/p>\n<p>&nbsp;<\/p>\n<p style=\"text-align: center;\"><strong>L \/ 40<\/strong><br \/>\noverall length: 88 cm<\/p>\n<p style=\"text-align: center;\">shoulder width: 47 cm<\/p>\n<p style=\"text-align: center;\">width from armpit to armpit: 46-48 cm<\/p>\n<p style=\"text-align: center;\">sleeve length from armpit: 51 cm<\/p>\n<p style=\"text-align: center;\">sleeve length from shoulder max: 64 cm<\/p>\n<p style=\"text-align: center;\">waist width: 34-48 cm<\/p>\n<p style=\"text-align: center;\"><strong>XL \/ 42<\/strong><\/p>\n<p style=\"text-align: center;\">\u00a0\u00a0\u00a0\u00a0\u00a0\u00a0\u00a0 overall length: 89 cm<\/p>\n<p style=\"text-align: center;\">shoulder width: 48 cm<\/p>\n<p style=\"text-align: center;\">\u00a0\u00a0\u00a0\u00a0\u00a0\u00a0\u00a0 width from armpit to armpit: 48-50 cm<\/p>\n<p style=\"text-align: center;\">\u00a0\u00a0\u00a0\u00a0\u00a0\u00a0\u00a0 sleeve length from armpit: 51 cm<\/p>\n<p style=\"text-align: center;\">\u00a0\u00a0\u00a0\u00a0\u00a0\u00a0\u00a0 sleeve length from shoulder max: 64 cm<\/p>\n<p style=\"text-align: center;\">\u00a0\u00a0\u00a0\u00a0\u00a0\u00a0\u00a0 waist width: 36-50 cm<\/p>\n<p style=\"text-align: center;\"><strong>XXL \/ 44<\/strong><\/p>\n<p style=\"text-align: center;\">\u00a0\u00a0\u00a0\u00a0\u00a0\u00a0\u00a0 overall length: 90 cm<\/p>\n<p style=\"text-align: center;\">shoulder width: 49 cm<\/p>\n<p style=\"text-align: center;\">\u00a0\u00a0\u00a0\u00a0\u00a0\u00a0\u00a0 width from armpit to armpit: 50-54 cm<\/p>\n<p style=\"text-align: center;\">\u00a0\u00a0\u00a0\u00a0\u00a0\u00a0\u00a0 sleeve length from armpit max: 52 cm<\/p>\n<p style=\"text-align: center;\">\u00a0\u00a0\u00a0\u00a0\u00a0\u00a0\u00a0 sleeve length from shoulder max: 65 cm<\/p>\n<p style=\"text-align: center;\">\u00a0\u00a0\u00a0\u00a0\u00a0\u00a0\u00a0 waist width: 38-52 cm<\/p>\n<p>&nbsp;<\/p>\n<p style=\"text-align: center;\">Dimensions may slightly differ from the given +\/- 2cm. All dimensions given are measured flat.<\/p>\n<h3 style=\"text-align: center;\">Product characteristics:<\/h3>\n<ul>\n<li style=\"text-align: center;\">simple cut<\/li>\n<li style=\"text-align: center;\">buttons on the entire length of the dress<\/li>\n<li style=\"text-align: center;\">long sleeves with regulation<\/li>\n<li style=\"text-align: center;\">decorative frill at the bottom of the dress<\/li>\n<li style=\"text-align: center;\">elastic waistband<\/li>\n<li style=\"text-align: center;\">small pockets on the front<\/li>\n<li style=\"text-align: center;\">non-stretchable material<\/li>\n<li style=\"text-align: center;\">sizes from S to XXL<\/li>\n<\/ul>\n<p style=\"text-align: center;\"><span style=\"font-size: 10pt;\">\u00a0<\/span><\/p>\n<table width=\"627\">\n<tbody>\n<tr>\n<td width=\"302\">Model name<\/td>\n<td width=\"302\">Denim Dress with a Frill<\/td>\n<\/tr>\n<tr>\n<td width=\"302\">Color<\/td>\n<td width=\"302\">Dark Jeans<\/td>\n<\/tr>\n<tr>\n<td width=\"302\">Fashion<\/td>\n<td width=\"302\">Oversize<\/td>\n<\/tr>\n<tr>\n<td width=\"302\">Material<\/td>\n<td width=\"302\">95 % Polyester 5% Elastane<\/td>\n<\/tr>\n<tr>\n<td width=\"302\">Length<\/td>\n<td width=\"302\">At knee<\/td>\n<\/tr>\n<\/tbody>\n<\/table>\n<p>&nbsp;<\/p>\n<p style=\"text-align: center;\">The model has\u00a0<strong>169<\/strong>\u00a0cm tall, wears a size every day\u00a0<strong>S.<\/strong><\/p>\n<p style=\"text-align: center;\">The width at the bust is 92 cm<\/p>\n<p style=\"text-align: center;\">Waist width 62 cm<\/p>\n<p style=\"text-align: center;\">The width at the hips is 94 cm<\/p>","protected":false},"excerpt":{"rendered":"<p>Jeansowa Sukienka z Falbank\u0105 Ciemny Jeans Pi\u0119kna, jeansowa sukienka zapinana na guziki. Falbanka na dole dodaje sukience niepowtarzalnego uroku. Materia\u0142 jest przyjemny w dotyku, lekko usztywniany przez co sukienka jest niezwykle wygodna i dobrze si\u0119 nosi. Gumeczka w pasie \u015bwietnie podkre\u015bli wci\u0119cie w talii. Sukienka Jeansowa posiada ko\u0142nierzyk oraz dwie kieszonki na piersiach. Sukienka sprawdzi<\/p>\n<div class=\"klb-readmore post-buttons\"><a class=\"button black outline size-sm\" href=\"https:\/\/madelinefashion.pl\/en\/product\/jeansowa-sukienka-z-falbanka-ciemny-jeans\/\">Read More <i class=\"klbth-icon-right-arrow\"><\/i><\/a><\/div>","protected":false},"featured_media":78924,"template":"","meta":[],"product_brand":[],"product_cat":[125,395],"product_tag":[],"class_list":{"0":"post-79123","1":"product","2":"type-product","3":"status-publish","4":"has-post-thumbnail","6":"product_cat-sukienki","7":"product_cat-nowosci","8":"pa_rozmiar-s","9":"pa_rozmiar-m","10":"pa_rozmiar-l","11":"pa_rozmiar-xl","12":"pa_rozmiar-xxl","14":"first","15":"instock","16":"product-type-variable"},"_links":{"self":[{"href":"https:\/\/madelinefashion.pl\/en\/wp-json\/wp\/v2\/product\/79123","targetHints":{"allow":["GET"]}}],"collection":[{"href":"https:\/\/madelinefashion.pl\/en\/wp-json\/wp\/v2\/product"}],"about":[{"href":"https:\/\/madelinefashion.pl\/en\/wp-json\/wp\/v2\/types\/product"}],"wp:featuredmedia":[{"embeddable":true,"href":"https:\/\/madelinefashion.pl\/en\/wp-json\/wp\/v2\/media\/78924"}],"wp:attachment":[{"href":"https:\/\/madelinefashion.pl\/en\/wp-json\/wp\/v2\/media?parent=79123"}],"wp:term":[{"taxonomy":"product_brand","embeddable":true,"href":"https:\/\/madelinefashion.pl\/en\/wp-json\/wp\/v2\/product_brand?post=79123"},{"taxonomy":"product_cat","embeddable":true,"href":"https:\/\/madelinefashion.pl\/en\/wp-json\/wp\/v2\/product_cat?post=79123"},{"taxonomy":"product_tag","embeddable":true,"href":"https:\/\/madelinefashion.pl\/en\/wp-json\/wp\/v2\/product_tag?post=79123"}],"curies":[{"name":"wp","href":"https:\/\/api.w.org\/{rel}","templated":true}]}}