{"id":79167,"date":"2023-02-28T12:18:32","date_gmt":"2023-02-28T11:18:32","guid":{"rendered":"https:\/\/madelinefashion.pl\/?post_type=product&#038;p=79167"},"modified":"2026-01-17T02:54:46","modified_gmt":"2026-01-17T01:54:46","slug":"body-z-siateczka-na-dlugi-rekaw-czerwone","status":"publish","type":"product","link":"https:\/\/madelinefashion.pl\/en\/product\/body-z-siateczka-na-dlugi-rekaw-czerwone\/","title":{"rendered":"Red Long Sleeve Mesh Bodysuit"},"content":{"rendered":"<h3 style=\"text-align: center;\">Red Long Sleeve Mesh Bodysuit<\/h3>\n<p>Let our sexy body become the perfect complement to your styling. Delicate, cotton material and a built-up turtleneck top is a combination that will allow you to use them not only as sexy underwear, but also as the top of your everyday outfit. <strong>Sexy body<\/strong>made of elastic fabric, they will perfectly shape the silhouette. Body made of light and pleasant to the touch fabric. Selected for many styles. <strong>A model you will fall in love with<\/strong>. You can wear them with shorts, jeans, skirts and even leather pants. European product of very good quality. Perfect for school, work, a date or meeting with friends! <strong>Perfect for any time and occasion!\u00a0<\/strong>Size\u00a0<strong>universal recommended<\/strong>\u00a0for ladies in sizes from<strong> XS to L\u00a0 \u00a0 <\/strong>\u00a0A wide range of colors will allow you to choose a body that will emphasize your character!<\/p>\n<h3 style=\"text-align: center;\">Dimensions<\/h3>\n<p>&nbsp;<\/p>\n<ul>\n<li style=\"text-align: center;\">overall length: 69-85 cm<\/li>\n<li style=\"text-align: center;\">width from armpit to armpit: 39-53 cm<\/li>\n<li style=\"text-align: center;\">waist width: 34-46 cm<\/li>\n<li style=\"text-align: center;\">sleeve length from armpit: 46 cm<\/li>\n<li style=\"text-align: center;\">sleeve length from shoulder: 58 cm<\/li>\n<\/ul>\n<p>&nbsp;<\/p>\n<p style=\"text-align: center;\">Dimensions may slightly differ from the given +\/- 2cm. All dimensions given are measured flat. <strong>X2 dimension<\/strong><\/p>\n<p style=\"text-align: center;\"><strong>\u00a0<\/strong><\/p>\n<table width=\"623\">\n<tbody>\n<tr>\n<td width=\"302\">Model name<\/td>\n<td width=\"302\">Long Sleeve Mesh Bodysuit<\/td>\n<\/tr>\n<tr>\n<td width=\"302\">Color<\/td>\n<td width=\"302\">Red<\/td>\n<\/tr>\n<tr>\n<td width=\"302\">Collection<\/td>\n<td width=\"302\">Spring Summer Autumn Winter<\/td>\n<\/tr>\n<tr>\n<td width=\"302\">Sizes<\/td>\n<td width=\"302\">Universal<\/td>\n<\/tr>\n<tr>\n<td width=\"302\">Fashion<\/td>\n<td width=\"302\">Close-fitting \/ panties<\/td>\n<\/tr>\n<tr>\n<td width=\"302\">Cleavage<\/td>\n<td width=\"302\">Round<\/td>\n<\/tr>\n<tr>\n<td width=\"302\">Bust stiffening cups<\/td>\n<td width=\"302\">Not<\/td>\n<\/tr>\n<tr>\n<td width=\"302\">Material<\/td>\n<td width=\"302\">Composition: 90% cotton 10% Spandex<\/td>\n<\/tr>\n<\/tbody>\n<\/table>\n<p style=\"text-align: center;\">\u00a0The model has\u00a0<strong>169<\/strong>\u00a0cm tall, wears a size every day\u00a0<strong>S.<\/strong><\/p>\n<p style=\"text-align: center;\">The width at the bust is 92 cm<\/p>\n<p style=\"text-align: center;\">Waist width 62 cm<\/p>\n<p style=\"text-align: center;\">The width at the hips is 94 cm<\/p>","protected":false},"excerpt":{"rendered":"<p>Body Z Siateczk\u0105 Na D\u0142ugi R\u0119kaw Czerwone Pozw\u00f3l by nasze seksowne body sta\u0142o si\u0119 idealnym dope\u0142nieniem Twojej stylizacji. Delikatny, bawe\u0142niany materia\u0142 i zabudowana g\u00f3ra z golfem to kombinacja, kt\u00f3ra pozwoli Ci wykorzysta\u0107 je nie tylko jako seksown\u0105 bielizn\u0119, ale tak\u017ce jako g\u00f3r\u0119 codziennego outfitu. Seksowne body, wykonane z elastycznej tkaniny wymodeluj\u0105 idealnie sylwetk\u0119. Body wykonane<\/p>\n<div class=\"klb-readmore post-buttons\"><a class=\"button black outline size-sm\" href=\"https:\/\/madelinefashion.pl\/en\/product\/body-z-siateczka-na-dlugi-rekaw-czerwone\/\">Read More <i class=\"klbth-icon-right-arrow\"><\/i><\/a><\/div>","protected":false},"featured_media":79141,"template":"","meta":[],"product_brand":[],"product_cat":[84,395],"product_tag":[],"class_list":{"0":"post-79167","1":"product","2":"type-product","3":"status-publish","4":"has-post-thumbnail","6":"product_cat-body","7":"product_cat-nowosci","9":"first","10":"instock","11":"purchasable","12":"product-type-simple"},"_links":{"self":[{"href":"https:\/\/madelinefashion.pl\/en\/wp-json\/wp\/v2\/product\/79167","targetHints":{"allow":["GET"]}}],"collection":[{"href":"https:\/\/madelinefashion.pl\/en\/wp-json\/wp\/v2\/product"}],"about":[{"href":"https:\/\/madelinefashion.pl\/en\/wp-json\/wp\/v2\/types\/product"}],"wp:featuredmedia":[{"embeddable":true,"href":"https:\/\/madelinefashion.pl\/en\/wp-json\/wp\/v2\/media\/79141"}],"wp:attachment":[{"href":"https:\/\/madelinefashion.pl\/en\/wp-json\/wp\/v2\/media?parent=79167"}],"wp:term":[{"taxonomy":"product_brand","embeddable":true,"href":"https:\/\/madelinefashion.pl\/en\/wp-json\/wp\/v2\/product_brand?post=79167"},{"taxonomy":"product_cat","embeddable":true,"href":"https:\/\/madelinefashion.pl\/en\/wp-json\/wp\/v2\/product_cat?post=79167"},{"taxonomy":"product_tag","embeddable":true,"href":"https:\/\/madelinefashion.pl\/en\/wp-json\/wp\/v2\/product_tag?post=79167"}],"curies":[{"name":"wp","href":"https:\/\/api.w.org\/{rel}","templated":true}]}}