{"id":792,"date":"2019-02-13T19:42:36","date_gmt":"2019-02-13T19:42:36","guid":{"rendered":"http:\/\/serwer2078743.home.pl\/?post_type=product&#038;p=792"},"modified":"2026-03-26T12:40:52","modified_gmt":"2026-03-26T11:40:52","slug":"sukienka-falbana-slim-jasno-szara","status":"publish","type":"product","link":"https:\/\/madelinefashion.pl\/en\/product\/sukienka-falbana-slim-jasno-szara\/","title":{"rendered":"Fitted dress with a Frill Gray"},"content":{"rendered":"<h3 style=\"text-align: center;\">Fitted dress with a Frill Gray<\/h3>\n<p style=\"text-align: center;\">if you need <strong>spectacular dress<\/strong> for any occasion, this model will impress you. Pencil dress with a frill at the bust. <strong>Mega effective<\/strong> a dress made of flexible material fits the figure perfectly, available in several <strong>color variants<\/strong>. One universal size, recommended from XS to L.<\/p>\n<h3 style=\"text-align: center;\">Dimension:<\/h3>\n<p style=\"text-align: center;\"><strong>AND<\/strong>-WIDTH FROM ARMPIT TO ARMPIT 38-42cm<\/p>\n<p style=\"text-align: center;\"><strong>B<\/strong>- WAIST WIDTH 36-42 cm<\/p>\n<p style=\"text-align: center;\"><strong>C.<\/strong>-HIPS WIDTH 51 cm<\/p>\n<p style=\"text-align: center;\"><strong>D<\/strong>-TOTAL LENGTH 92 cm<\/p>\n<p style=\"text-align: center;\">Dimensions may slightly differ from the given +\/- 2cm.\u00a0<strong>All dimensions given are measured flat x2\u00a0<\/strong><\/p>\n<div class=\"tabs tabs-bb clear mb-80\">\n<div class=\"tab-content\">\n<div id=\"tab-description\" class=\"tab-pane fade in woocommerce-Tabs-panel--description active\">\n<p style=\"text-align: center;\">\u00a0The model has\u00a0<strong>165<\/strong>\u00a0cm tall, wears a size every day\u00a0<strong>S.<\/strong><\/p>\n<\/div>\n<\/div>\n<\/div>\n<section class=\"related products mb-80\"><\/section>\n<section class=\"page-product-box\">\n<div class=\"rte\"><\/div>\n<\/section>","protected":false},"excerpt":{"rendered":"<p>Sukienka Dopasowana z Falbank\u0105 Szara Je\u017celi potrzebujesz efektownej sukienki na ka\u017cd\u0105 okazj\u0119 to ten model zrobi na Tobie wra\u017cenie. Sukienka o\u0142\u00f3wkowa z falbank\u0105 w biu\u015bcie. Mega efektowana sukienka wykonana z elastycznego materia\u0142u idealnie dopasowuje si\u0119 do sylwetki dost\u0119pna w kilku wariantach kolorystycznych. Rozmiar uniwersalny zalecany od XS do L Wymiar: A-SZEROKO\u015a\u0106 OD PACHY DO PACHY<\/p>\n<div class=\"klb-readmore post-buttons\"><a class=\"button black outline size-sm\" href=\"https:\/\/madelinefashion.pl\/en\/product\/sukienka-falbana-slim-jasno-szara\/\">Read More <i class=\"klbth-icon-right-arrow\"><\/i><\/a><\/div>","protected":false},"featured_media":11775,"template":"","meta":[],"product_brand":[],"product_cat":[125,380],"product_tag":[],"class_list":{"0":"post-792","1":"product","2":"type-product","3":"status-publish","4":"has-post-thumbnail","6":"product_cat-sukienki","7":"product_cat-wyprzedaz","9":"first","10":"instock","11":"sale","12":"purchasable","13":"product-type-simple"},"_links":{"self":[{"href":"https:\/\/madelinefashion.pl\/en\/wp-json\/wp\/v2\/product\/792","targetHints":{"allow":["GET"]}}],"collection":[{"href":"https:\/\/madelinefashion.pl\/en\/wp-json\/wp\/v2\/product"}],"about":[{"href":"https:\/\/madelinefashion.pl\/en\/wp-json\/wp\/v2\/types\/product"}],"wp:featuredmedia":[{"embeddable":true,"href":"https:\/\/madelinefashion.pl\/en\/wp-json\/wp\/v2\/media\/11775"}],"wp:attachment":[{"href":"https:\/\/madelinefashion.pl\/en\/wp-json\/wp\/v2\/media?parent=792"}],"wp:term":[{"taxonomy":"product_brand","embeddable":true,"href":"https:\/\/madelinefashion.pl\/en\/wp-json\/wp\/v2\/product_brand?post=792"},{"taxonomy":"product_cat","embeddable":true,"href":"https:\/\/madelinefashion.pl\/en\/wp-json\/wp\/v2\/product_cat?post=792"},{"taxonomy":"product_tag","embeddable":true,"href":"https:\/\/madelinefashion.pl\/en\/wp-json\/wp\/v2\/product_tag?post=792"}],"curies":[{"name":"wp","href":"https:\/\/api.w.org\/{rel}","templated":true}]}}