{"id":79466,"date":"2023-03-02T15:52:42","date_gmt":"2023-03-02T14:52:42","guid":{"rendered":"https:\/\/madelinefashion.pl\/?post_type=product&#038;p=79466"},"modified":"2026-03-01T12:58:09","modified_gmt":"2026-03-01T11:58:09","slug":"torebka-brokatowa-zlota","status":"publish","type":"product","link":"https:\/\/madelinefashion.pl\/en\/product\/torebka-brokatowa-zlota\/","title":{"rendered":"Gold Glitter Purse"},"content":{"rendered":"<h3 style=\"text-align: center;\">Gold Glitter Purse<\/h3>\n<p style=\"text-align: center;\">A handbag is an essential part of an evening outfit. This model is characterized not only by its practicality, but also elegance. An elegant handbag will be perfect for every woman who follows the latest fashion trends. We recommend a brocade handbag that will beautifully complement and emphasize your look. The bag in the set has a strap.<\/p>\n<p>&nbsp;<\/p>\n<h3 style=\"text-align: center;\">Characteristics:<\/h3>\n<p>&nbsp;<\/p>\n<p style=\"text-align: center;\">evening<\/p>\n<p style=\"text-align: center;\">perfect for a wedding \/ prom \/ prom<\/p>\n<p>&nbsp;<\/p>\n<h3 style=\"text-align: center;\">Bag dimensions:<\/h3>\n<ul style=\"text-align: center;\">\n<li>height - 21 cm<\/li>\n<li>width -14 cm<br \/>\ndepth - 4 cm<\/li>\n<li><\/li>\n<\/ul>","protected":false},"excerpt":{"rendered":"<p>Torebka Brokatowa Z\u0142ota Torebka, to niezb\u0119dny cz\u0119\u015b\u0107 stylizacji wieczorowej. Ten model charakteryzuje si\u0119 nie tylko sw\u0105 praktyczno\u015bci\u0105, ale r\u00f3wnie\u017c elegancj\u0105.\u00a0 Elegancka torebka sprawdzi si\u0119 idealnie\u00a0 dla ka\u017cdej kobiety pod\u0105\u017caj\u0105cej za najnowszymi trendami w modzie. Polecamy brokatow\u0105 torebk\u0119 , kt\u00f3ra pi\u0119knie uzupe\u0142ni i podkre\u015bli Tw\u00f3j look. Torebka w zestawie ma pasek. &nbsp; Cechy Charakterystyczne: &nbsp; wieczorowa<\/p>\n<div class=\"klb-readmore post-buttons\"><a class=\"button black outline size-sm\" href=\"https:\/\/madelinefashion.pl\/en\/product\/torebka-brokatowa-zlota\/\">Read More <i class=\"klbth-icon-right-arrow\"><\/i><\/a><\/div>","protected":false},"featured_media":88287,"template":"","meta":[],"product_brand":[],"product_cat":[113],"product_tag":[504,412],"class_list":{"0":"post-79466","1":"product","2":"type-product","3":"status-publish","4":"has-post-thumbnail","6":"product_cat-dodatki","7":"product_tag-party-time","8":"product_tag-torebki-damskie","10":"first","11":"instock","12":"sale","13":"purchasable","14":"product-type-simple"},"_links":{"self":[{"href":"https:\/\/madelinefashion.pl\/en\/wp-json\/wp\/v2\/product\/79466","targetHints":{"allow":["GET"]}}],"collection":[{"href":"https:\/\/madelinefashion.pl\/en\/wp-json\/wp\/v2\/product"}],"about":[{"href":"https:\/\/madelinefashion.pl\/en\/wp-json\/wp\/v2\/types\/product"}],"wp:featuredmedia":[{"embeddable":true,"href":"https:\/\/madelinefashion.pl\/en\/wp-json\/wp\/v2\/media\/88287"}],"wp:attachment":[{"href":"https:\/\/madelinefashion.pl\/en\/wp-json\/wp\/v2\/media?parent=79466"}],"wp:term":[{"taxonomy":"product_brand","embeddable":true,"href":"https:\/\/madelinefashion.pl\/en\/wp-json\/wp\/v2\/product_brand?post=79466"},{"taxonomy":"product_cat","embeddable":true,"href":"https:\/\/madelinefashion.pl\/en\/wp-json\/wp\/v2\/product_cat?post=79466"},{"taxonomy":"product_tag","embeddable":true,"href":"https:\/\/madelinefashion.pl\/en\/wp-json\/wp\/v2\/product_tag?post=79466"}],"curies":[{"name":"wp","href":"https:\/\/api.w.org\/{rel}","templated":true}]}}