{"id":79519,"date":"2023-03-02T17:47:08","date_gmt":"2023-03-02T16:47:08","guid":{"rendered":"https:\/\/madelinefashion.pl\/?post_type=product&#038;p=79519"},"modified":"2026-04-08T18:15:22","modified_gmt":"2026-04-08T16:15:22","slug":"szpilki-z-krysztalkami-czarne-diamond","status":"publish","type":"product","link":"https:\/\/madelinefashion.pl\/en\/product\/szpilki-z-krysztalkami-czarne-diamond\/","title":{"rendered":"Pins with Crystals Black Diamond"},"content":{"rendered":"<h3 style=\"text-align: center;\">Pins with Crystals Black Diamond<\/h3>\n<p><strong>Diamond Crystal Pins <\/strong>made of very good quality ecological leather. The original cut and pattern will decorate a fashionable styling. Colored heels <b>black <\/b>with crystals is an extremely feminine model, finished<strong> beautifully sparkling crystals.\u00a0<\/strong><br \/>\nThis model will match a variety of styles, not only elegant dresses. Pointed toe and upper above the ankle and a high heel that will slim your legs. The durable and flexible sole is made of high-quality material. The pins also perfectly match ours <a href=\"https:\/\/madelinefashion.pl\/en\/product-tag\/sukienka-biala\/\">wedding dresses<\/a> <strong>When choosing a size, please refer to the size chart. Perfect heels for<a href=\"https:\/\/madelinefashion.pl\/en\/sukienki-i-kombinezony\/sukienki-okolicznosciowe\/\"> Our Wedding Creations\u00a0 <\/a><\/strong>It will perfectly present itself in everyday as well as elegant stylizations. They will perfectly match trousers and dresses.<\/p>\n<h3 style=\"text-align: center;\">Characteristics:<\/h3>\n<ul>\n<li style=\"text-align: center;\"><strong>Color<\/strong>: Gold Champagne<\/li>\n<li style=\"text-align: center;\"><strong>Outer material<\/strong>: Plastic - sequins<\/li>\n<li style=\"text-align: center;\"><strong>Numbering<\/strong>: Typical - we suggest choosing the size you are wearing<\/li>\n<li style=\"text-align: center;\"><strong>Type of heel<\/strong>: Pin<\/li>\n<li style=\"text-align: center;\"><strong>Heel height: <\/strong>11 cm<\/li>\n<li style=\"text-align: center;\"><strong>Insert<\/strong>: Artificial leather<\/li>\n<li style=\"text-align: center;\">Comfortable, stable<\/li>\n<li style=\"text-align: center;\">Classic<\/li>\n<li style=\"text-align: center;\"><strong>Season<\/strong> spring Summer Autumn Winter<\/li>\n<li style=\"text-align: center;\">Timeless<\/li>\n<\/ul>\n<p>&nbsp;<\/p>\n<table width=\"540\">\n<thead>\n<tr>\n<td width=\"216\"><strong>EU size<\/strong><\/td>\n<td width=\"316\"><strong>The length of the insert<\/strong><\/td>\n<\/tr>\n<\/thead>\n<tbody>\n<tr>\n<td width=\"216\"><strong>36<\/strong><\/td>\n<td width=\"316\">23.5 cm<\/td>\n<\/tr>\n<tr>\n<td width=\"216\"><strong>37<\/strong><\/td>\n<td width=\"316\">24 cm<\/td>\n<\/tr>\n<tr>\n<td width=\"216\"><strong>38<\/strong><\/td>\n<td width=\"316\">24.5 cm<\/td>\n<\/tr>\n<tr>\n<td width=\"216\"><strong>39<\/strong><\/td>\n<td width=\"316\">25 cm<\/td>\n<\/tr>\n<tr>\n<td width=\"216\"><strong>40<\/strong><\/td>\n<td width=\"316\">25.5 cm<\/td>\n<\/tr>\n<tr>\n<td width=\"216\"><strong>41<\/strong><\/td>\n<td width=\"316\">26 cm<\/td>\n<\/tr>\n<\/tbody>\n<\/table>\n<div class=\"wrap-content\">\n<div class=\"main-container container\">\n<div class=\"row\">\n<section class=\"main-content sidebar-left-false\">\n<div class=\"product-page page\">\n<div class=\"page-content\">\n<div id=\"ProductSizing\" class=\"product-sizing modal fade in\" tabindex=\"-1\" role=\"dialog\" aria-hidden=\"false\">\n<div class=\"modal-dialog\">\n<div class=\"modal-content\">\n<div class=\"widget html_editor\">\n<p>&nbsp;<\/p>\n<\/div>\n<p>&nbsp;<\/p>\n<\/div>\n<\/div>\n<\/div>\n<\/div>\n<\/div>\n<\/section>\n<\/div>\n<\/div>\n<\/div>\n<div class=\"wrap-footer\">\n<footer class=\"\">\n<div class=\"container\">\n<div class=\"footer-newsletter-box\"><\/div>\n<\/div>\n<\/footer>\n<\/div>\n<table>\n<tbody>\n<tr>\n<td width=\"302\">Model Name<\/td>\n<td width=\"302\">Diamond Crystal Pins<\/td>\n<\/tr>\n<tr>\n<td width=\"302\">Color<\/td>\n<td width=\"302\">Black<\/td>\n<\/tr>\n<tr>\n<td width=\"302\">Sizes<\/td>\n<td width=\"302\">36 37\u00a0 38\u00a0 39 40 41<\/td>\n<\/tr>\n<tr>\n<td width=\"302\">Ornaments<\/td>\n<td width=\"302\">Crystals<\/td>\n<\/tr>\n<tr>\n<td width=\"302\">Type of heel<\/td>\n<td width=\"302\">Pin<\/td>\n<\/tr>\n<tr>\n<td width=\"302\">Style<\/td>\n<td width=\"302\">Elegant \/ Classic<\/td>\n<\/tr>\n<tr>\n<td width=\"302\">Collection<\/td>\n<td width=\"302\">Spring \/ Autumn \/ Summer \/ Winter<\/td>\n<\/tr>\n<\/tbody>\n<\/table>\n<div class=\"tabs tabs-bb clear mb-80\">\n<div class=\"tab-content\">\n<div id=\"tab-description\" class=\"tab-pane fade in woocommerce-Tabs-panel--description active\">\n<p style=\"text-align: center;\">\n<\/div>\n<\/div>\n<\/div>\n<section class=\"up-sells upsells products mb-80\"><\/section>\n<p style=\"text-align: left;\">","protected":false},"excerpt":{"rendered":"<p>Szpilki z Kryszta\u0142kami Czarne Diamond Szpilki z Kryszta\u0142kami Diamond wykonane z bardzo dobrej jako\u015bci sk\u00f3ry ekologicznej. Oryginalny fason i wz\u00f3r b\u0119dzie ozdob\u0105 modnej stylizacji. Szpilki w kolorze czarnym z kryszta\u0142kami to niezwykle kobiecy model, wyko\u0144czony przepi\u0119knie mieni\u0105cymi si\u0119 kryszta\u0142kami.\u00a0 Model ten b\u0119dzie pasowa\u0107 do r\u00f3\u017cnych stylizacji, nie tylko do eleganckich sukni. Nosek w szpic i<\/p>\n<div class=\"klb-readmore post-buttons\"><a class=\"button black outline size-sm\" href=\"https:\/\/madelinefashion.pl\/en\/product\/szpilki-z-krysztalkami-czarne-diamond\/\">Read More <i class=\"klbth-icon-right-arrow\"><\/i><\/a><\/div>","protected":false},"featured_media":79529,"template":"","meta":[],"product_brand":[],"product_cat":[400,395],"product_tag":[440],"class_list":{"0":"post-79519","1":"product","2":"type-product","3":"status-publish","4":"has-post-thumbnail","6":"product_cat-buty","7":"product_cat-nowosci","8":"product_tag-szpilki","10":"first","11":"instock","12":"purchasable","13":"product-type-variable"},"_links":{"self":[{"href":"https:\/\/madelinefashion.pl\/en\/wp-json\/wp\/v2\/product\/79519","targetHints":{"allow":["GET"]}}],"collection":[{"href":"https:\/\/madelinefashion.pl\/en\/wp-json\/wp\/v2\/product"}],"about":[{"href":"https:\/\/madelinefashion.pl\/en\/wp-json\/wp\/v2\/types\/product"}],"wp:featuredmedia":[{"embeddable":true,"href":"https:\/\/madelinefashion.pl\/en\/wp-json\/wp\/v2\/media\/79529"}],"wp:attachment":[{"href":"https:\/\/madelinefashion.pl\/en\/wp-json\/wp\/v2\/media?parent=79519"}],"wp:term":[{"taxonomy":"product_brand","embeddable":true,"href":"https:\/\/madelinefashion.pl\/en\/wp-json\/wp\/v2\/product_brand?post=79519"},{"taxonomy":"product_cat","embeddable":true,"href":"https:\/\/madelinefashion.pl\/en\/wp-json\/wp\/v2\/product_cat?post=79519"},{"taxonomy":"product_tag","embeddable":true,"href":"https:\/\/madelinefashion.pl\/en\/wp-json\/wp\/v2\/product_tag?post=79519"}],"curies":[{"name":"wp","href":"https:\/\/api.w.org\/{rel}","templated":true}]}}