{"id":7974,"date":"2021-04-10T23:24:48","date_gmt":"2021-04-10T21:24:48","guid":{"rendered":"https:\/\/madelinefashion.pl\/?post_type=product&#038;p=7974"},"modified":"2026-05-01T14:54:39","modified_gmt":"2026-05-01T12:54:39","slug":"spodnie-z-wysokim-stanem-jasno-szare-sara-v","status":"publish","type":"product","link":"https:\/\/madelinefashion.pl\/en\/product\/spodnie-z-wysokim-stanem-jasno-szare-sara-v\/","title":{"rendered":"High Waist Pants Light Gray Sara V"},"content":{"rendered":"<h3 style=\"text-align: center;\">High Waist Pants Light Gray Sara V<\/h3>\n<p style=\"text-align: center;\"><span style=\"vertical-align: inherit;\"><span style=\"vertical-align: inherit;\"><strong>High Waist Pants Light Gray Sara<\/strong> is a fashionable element that cannot be missing in your wardrobe. <\/span><span style=\"vertical-align: inherit;\">Pants made of <\/span><\/span><strong><span style=\"vertical-align: inherit;\"><span style=\"vertical-align: inherit;\">high-quality material with a high waist,<\/span><\/span><\/strong><span style=\"vertical-align: inherit;\"><span style=\"vertical-align: inherit;\"> \u00a0which perfectly shape the body. Abrasions on the front of the legs will give any styling a slightly aggressive and <strong>fashionable character.<\/strong><\/span><span style=\"vertical-align: inherit;\">\u00a0They look great with high heels or sneakers. <strong>Pants with a higher waist with abrasions<\/strong> Beautifully <strong>model the bottom<\/strong> giving an amazing effect! The skinny pants have a decorative V-style cut at the front. The model is fastened with a button<strong> 5 buttons<\/strong>which are an unusual decoration. <\/span><span style=\"vertical-align: inherit;\">\u00a0<\/span><span style=\"vertical-align: inherit;\">We offer them in sizes <strong>XS, S, M, L, XL<\/strong><\/span><\/span><span style=\"vertical-align: inherit;\"><span style=\"vertical-align: inherit;\"> ,-we recommend\u00a0\u00a0<\/span><\/span><span style=\"vertical-align: inherit;\"><span style=\"vertical-align: inherit;\"><b>exactly\u00a0<\/b><\/span><\/span><strong><span style=\"vertical-align: inherit;\"><span style=\"vertical-align: inherit;\">to measure<\/span><\/span><\/strong><span style=\"vertical-align: inherit;\"><span style=\"vertical-align: inherit;\"> according to the Dimension Chart below. <\/span><span style=\"vertical-align: inherit;\">Complete your wardrobe with this model of trousers from\u00a0<\/span><\/span><strong><a href=\"https:\/\/madelinefashion.pl\/en\/\"><span style=\"vertical-align: inherit;\"><span style=\"vertical-align: inherit;\">Madelinefashion<\/span><\/span><\/a><span style=\"vertical-align: inherit;\"><span style=\"vertical-align: inherit;\">.\u00a0<\/span><\/span><\/strong><span style=\"vertical-align: inherit;\"><span style=\"vertical-align: inherit;\">In the information after the purchase, you can also provide your dimensions - we will choose the perfect one for you. <\/span><\/span>Combine our high waisted skinny pants with ours\u00a0<a href=\"https:\/\/madelinefashion.pl\/en\/casual-clothes\/t-shirty\/\" target=\"_blank\" rel=\"noopener\">tops<\/a>\u00a0and <a href=\"https:\/\/madelinefashion.pl\/en\/product-tag\/ramoneski\/\">Ramones<\/a>!<\/p>\n<h3 style=\"text-align: center;\"><span style=\"vertical-align: inherit;\"><span style=\"vertical-align: inherit;\">Pants dimensions:<\/span><\/span><\/h3>\n<p style=\"text-align: center;\"><strong><span style=\"vertical-align: inherit;\">SIZE XXS 32 (25)\u00a0<\/span><\/strong><\/p>\n<ul style=\"text-align: center;\">\n<li><span style=\"vertical-align: inherit;\">Overall length: 92 cm<\/span><\/li>\n<li><span style=\"vertical-align: inherit;\">Inside leg length: 65 cm<\/span><\/li>\n<li><span style=\"vertical-align: inherit;\">Waist width: 27-34 cm<\/span><\/li>\n<li><span style=\"vertical-align: inherit;\">Waist: 32 cm<\/span><\/li>\n<li><span style=\"vertical-align: inherit;\">Hip width: 37-48 cm<\/span><\/li>\n<li><\/li>\n<\/ul>\n<p style=\"text-align: center;\"><strong><span style=\"vertical-align: inherit;\"><span style=\"vertical-align: inherit;\">SIZE XS 34 (26)<\/span><\/span><\/strong><\/p>\n<ul style=\"text-align: center;\">\n<li><span style=\"vertical-align: inherit;\">Overall length: 93 cm<\/span><\/li>\n<li><span style=\"vertical-align: inherit;\">Inside leg length: 66 cm<\/span><\/li>\n<li><span style=\"vertical-align: inherit;\">Waist width: 28-36 cm<\/span><\/li>\n<li><span style=\"vertical-align: inherit;\">Waist: 32 cm<\/span><\/li>\n<li><span style=\"vertical-align: inherit;\">Hip width: 38-48 cm<\/span><\/li>\n<li><\/li>\n<\/ul>\n<p style=\"text-align: center;\"><strong><span style=\"vertical-align: inherit;\"><span style=\"vertical-align: inherit;\">SIZE S 36 (27)<\/span><\/span><\/strong><\/p>\n<ul style=\"text-align: center;\">\n<li><span style=\"vertical-align: inherit;\">Overall length: 94 cm<\/span><\/li>\n<li><span style=\"vertical-align: inherit;\">Inside leg length: 66 cm<\/span><\/li>\n<li><span style=\"vertical-align: inherit;\">Waist width: 30-38 cm<\/span><\/li>\n<li><span style=\"vertical-align: inherit;\">Waist: 32 cm<\/span><\/li>\n<li><span style=\"vertical-align: inherit;\">Hip width: 38-48 cm<\/span><\/li>\n<li><\/li>\n<\/ul>\n<p style=\"text-align: center;\"><strong><span style=\"vertical-align: inherit;\"><span style=\"vertical-align: inherit;\">SIZE M 38 (28)<\/span><\/span><\/strong><\/p>\n<ul style=\"text-align: center;\">\n<li><span style=\"vertical-align: inherit;\">Overall length: 95 cm<\/span><\/li>\n<li><span style=\"vertical-align: inherit;\">Inside leg length: 67 cm<\/span><\/li>\n<li><span style=\"vertical-align: inherit;\">Waist width: 31-39 cm<\/span><\/li>\n<li><span style=\"vertical-align: inherit;\">Waist: 33 cm<\/span><\/li>\n<li><span style=\"vertical-align: inherit;\">Hip width: 40-52 cm<\/span><\/li>\n<li><\/li>\n<\/ul>\n<p style=\"text-align: center;\"><strong><span style=\"vertical-align: inherit;\"><span style=\"vertical-align: inherit;\">L SIZE 40 (29)<\/span><\/span><\/strong><\/p>\n<ul style=\"text-align: center;\">\n<li><span style=\"vertical-align: inherit;\">Overall length: 95 cm<\/span><\/li>\n<li><span style=\"vertical-align: inherit;\">Inside leg length: 68 cm<\/span><\/li>\n<li><span style=\"vertical-align: inherit;\">Waist width: 31-40 cm<\/span><\/li>\n<li><span style=\"vertical-align: inherit;\">Waist: 33 cm<\/span><\/li>\n<li><span style=\"vertical-align: inherit;\">Hip width: 41-53 cm<\/span><\/li>\n<li><\/li>\n<li>\n<p style=\"text-align: center;\"><strong><span style=\"vertical-align: inherit;\">SIZE XL 42 (30)<\/span><\/strong><\/p>\n<\/li>\n<\/ul>\n<ul>\n<li style=\"text-align: center;\">Overall length: 96 cm<\/li>\n<li style=\"text-align: center;\">Inside leg length: 68 cm<\/li>\n<li style=\"text-align: center;\">Waist width: 33-42 cm<\/li>\n<li style=\"text-align: center;\">Waist: 33 cm<\/li>\n<li style=\"text-align: center;\">Hip width: 43-58 cm<\/li>\n<\/ul>\n<p>&nbsp;<\/p>\n<p style=\"text-align: center;\"><strong><span style=\"vertical-align: inherit;\"><span style=\"vertical-align: inherit;\">SIZE XXL 44 (31)<\/span><\/span><\/strong><\/p>\n<ul style=\"text-align: center;\">\n<li><span style=\"vertical-align: inherit;\">Overall length: 96 cm<\/span><\/li>\n<li><span style=\"vertical-align: inherit;\">Inside leg length: 68 cm<\/span><\/li>\n<li><span style=\"vertical-align: inherit;\">Waist width: 35-46 cm<\/span><\/li>\n<li><span style=\"vertical-align: inherit;\">Waist: 33 cm<\/span><\/li>\n<li><span style=\"vertical-align: inherit;\">Hip width: 45-62 cm<\/span><\/li>\n<li><\/li>\n<\/ul>\n<p style=\"text-align: center;\"><span style=\"vertical-align: inherit;\">Dimensions may vary from the given +\/- 2cm. All dimensions given are measured flat. <strong>X2 dimension<\/strong><\/span><\/p>\n<p>&nbsp;<\/p>\n<p>&nbsp;<\/p>\n<p>&nbsp;<\/p>\n<p style=\"text-align: center;\">\u00a0The model has\u00a0<strong>165<\/strong>\u00a0cm tall, wears a size every day\u00a0<strong>S.<\/strong><\/p>","protected":false},"excerpt":{"rendered":"<p>Spodnie z Wysokim Stanem Jasno Szare Sara V Spodnie z Wysokim Stanem Jasno Szare Sara to modny element, kt\u00f3rego nie mo\u017ce zabrakn\u0105\u0107 w Twojej garderobie. Spodnie wykonane z wysokiej jako\u015bci materia\u0142u\u00a0 z wysokim stanem, \u00a0kt\u00f3re doskonale modeluj\u0105 sylwetk\u0119. Przetarcia z przodu na nogawkach nadadz\u0105 ka\u017cdej stylizacji lekko zadziornego i modnego charakteru.\u00a0Idealnie prezentuj\u0105 si\u0119 ze szpilkami<\/p>\n<div class=\"klb-readmore post-buttons\"><a class=\"button black outline size-sm\" href=\"https:\/\/madelinefashion.pl\/en\/product\/spodnie-z-wysokim-stanem-jasno-szare-sara-v\/\">Read More <i class=\"klbth-icon-right-arrow\"><\/i><\/a><\/div>","protected":false},"featured_media":7968,"template":"","meta":[],"product_brand":[],"product_cat":[83],"product_tag":[475],"class_list":{"0":"post-7974","1":"product","2":"type-product","3":"status-publish","4":"has-post-thumbnail","6":"product_cat-spodnie","7":"product_tag-spodnie-dlugie","8":"pa_rozmiar-34-42-383","9":"pa_rozmiar-34-42-142","10":"pa_rozmiar-34-42-36-2","11":"pa_rozmiar-34-42-38-2","12":"pa_rozmiar-34-42-40-2","13":"pa_rozmiar-34-42-42-2","14":"pa_rozmiar-34-42-384","16":"first","17":"instock","18":"product-type-variable"},"_links":{"self":[{"href":"https:\/\/madelinefashion.pl\/en\/wp-json\/wp\/v2\/product\/7974","targetHints":{"allow":["GET"]}}],"collection":[{"href":"https:\/\/madelinefashion.pl\/en\/wp-json\/wp\/v2\/product"}],"about":[{"href":"https:\/\/madelinefashion.pl\/en\/wp-json\/wp\/v2\/types\/product"}],"wp:featuredmedia":[{"embeddable":true,"href":"https:\/\/madelinefashion.pl\/en\/wp-json\/wp\/v2\/media\/7968"}],"wp:attachment":[{"href":"https:\/\/madelinefashion.pl\/en\/wp-json\/wp\/v2\/media?parent=7974"}],"wp:term":[{"taxonomy":"product_brand","embeddable":true,"href":"https:\/\/madelinefashion.pl\/en\/wp-json\/wp\/v2\/product_brand?post=7974"},{"taxonomy":"product_cat","embeddable":true,"href":"https:\/\/madelinefashion.pl\/en\/wp-json\/wp\/v2\/product_cat?post=7974"},{"taxonomy":"product_tag","embeddable":true,"href":"https:\/\/madelinefashion.pl\/en\/wp-json\/wp\/v2\/product_tag?post=7974"}],"curies":[{"name":"wp","href":"https:\/\/api.w.org\/{rel}","templated":true}]}}