{"id":80379,"date":"2023-03-13T17:42:23","date_gmt":"2023-03-13T16:42:23","guid":{"rendered":"https:\/\/madelinefashion.pl\/?post_type=product&#038;p=80379"},"modified":"2026-03-01T12:58:08","modified_gmt":"2026-03-01T11:58:08","slug":"bransoletka-ze-stali-chirurgicznej-ze-srebnymi-kamieniami-b1","status":"publish","type":"product","link":"https:\/\/madelinefashion.pl\/en\/product\/bransoletka-ze-stali-chirurgicznej-ze-srebnymi-kamieniami-b1\/","title":{"rendered":"Surgical Steel Bracelet With Silver Stones B1"},"content":{"rendered":"<h3 style=\"text-align: center;\" align=\"CENTER\">Surgical Steel Bracelet With Silver Stones B1<\/h3>\n<p style=\"text-align: center;\">Sometimes it takes really little to make your everyday wardrobe expressive. Check out our offer now and see how much a bracelet can change. Depending on your individual style, you can choose a gold plated bracelet or silver bracelets. You can choose a delicate chain or string, a bracelet with pendants, beads, crystals or a pearl. Each of them will allow you to express yourself and perfectly complement your styling<\/p>\n<p style=\"text-align: center;\"><strong>Learn the secret of women who catch the eye with fashionable jewelry and create great outfits with it!<\/strong><\/p>\n<p class=\"p2\" style=\"text-align: center;\">","protected":false},"excerpt":{"rendered":"<p>Bransoletka Ze Stali Chirurgicznej Ze Srebnymi Kamieniami B1 Czasami potrzeba naprawd\u0119 niewiele, aby codzienna garderoba nabra\u0142a wyrazistego charakteru. Ju\u017c teraz sprawd\u017a Nasz\u0105 ofert\u0119 i przekonaj si\u0119 jak wiele mo\u017ce zmieni\u0107 bransoletka. W zale\u017cno\u015bci od indywidualnego stylu, mo\u017cesz wybra\u0107 bransoletk\u0119 poz\u0142acan\u0105 lub srebrne bransoletki. Mo\u017cesz zdecydowa\u0107 si\u0119 na delikatny \u0142a\u0144cuszek lub sznurek, bransoletk\u0119 z zawieszkami, koralikami,<\/p>\n<div class=\"klb-readmore post-buttons\"><a class=\"button black outline size-sm\" href=\"https:\/\/madelinefashion.pl\/en\/product\/bransoletka-ze-stali-chirurgicznej-ze-srebnymi-kamieniami-b1\/\">Read More <i class=\"klbth-icon-right-arrow\"><\/i><\/a><\/div>","protected":false},"featured_media":80387,"template":"","meta":[],"product_brand":[],"product_cat":[519],"product_tag":[],"class_list":{"0":"post-80379","1":"product","2":"type-product","3":"status-publish","4":"has-post-thumbnail","6":"product_cat-bizuteria-damska","8":"first","9":"instock","10":"sale","11":"purchasable","12":"product-type-simple"},"_links":{"self":[{"href":"https:\/\/madelinefashion.pl\/en\/wp-json\/wp\/v2\/product\/80379","targetHints":{"allow":["GET"]}}],"collection":[{"href":"https:\/\/madelinefashion.pl\/en\/wp-json\/wp\/v2\/product"}],"about":[{"href":"https:\/\/madelinefashion.pl\/en\/wp-json\/wp\/v2\/types\/product"}],"wp:featuredmedia":[{"embeddable":true,"href":"https:\/\/madelinefashion.pl\/en\/wp-json\/wp\/v2\/media\/80387"}],"wp:attachment":[{"href":"https:\/\/madelinefashion.pl\/en\/wp-json\/wp\/v2\/media?parent=80379"}],"wp:term":[{"taxonomy":"product_brand","embeddable":true,"href":"https:\/\/madelinefashion.pl\/en\/wp-json\/wp\/v2\/product_brand?post=80379"},{"taxonomy":"product_cat","embeddable":true,"href":"https:\/\/madelinefashion.pl\/en\/wp-json\/wp\/v2\/product_cat?post=80379"},{"taxonomy":"product_tag","embeddable":true,"href":"https:\/\/madelinefashion.pl\/en\/wp-json\/wp\/v2\/product_tag?post=80379"}],"curies":[{"name":"wp","href":"https:\/\/api.w.org\/{rel}","templated":true}]}}