{"id":80806,"date":"2023-03-15T17:41:52","date_gmt":"2023-03-15T16:41:52","guid":{"rendered":"https:\/\/madelinefashion.pl\/?post_type=product&#038;p=80806"},"modified":"2026-04-20T17:52:50","modified_gmt":"2026-04-20T15:52:50","slug":"sukienka-finezja-krotka-pudrowy-roz","status":"publish","type":"product","link":"https:\/\/madelinefashion.pl\/en\/product\/sukienka-finezja-krotka-pudrowy-roz\/","title":{"rendered":"Finezja Short Powder Pink Dress"},"content":{"rendered":"<h3 style=\"text-align: center;\">Finezja Short Powder Pink Dress<\/h3>\n<p style=\"text-align: center;\"><span style=\"font-size: 10pt;\"><strong> Finezja Short Powder Pink Dress<\/strong>\u00a0decorated with wonderful embroidery with a lace top. It beautifully displays feminine shapes. <\/span><span style=\"font-size: 10pt;\">The dress has cups sewn in at the front, so you do not need to wear a bra. Made and sewn in Poland. <\/span>Dress\u00a0<strong>Finesse in the color of powder pink<\/strong> in the midi version, it is the perfect proposition for a party. We know how important it is for everyone <strong>women<\/strong>\u00a0there is an appropriately selected creation.\u00a0<strong>Dresses<\/strong> should be tailored to the type of beauty, figure, and above all, should provide 100 % comfort. This ensures that the creation will fulfill its role in 100% - it will attract the eyes of guests and add<strong>\u00a0exceptional self-confidence<\/strong>. In our offer you will find dresses at a very affordable price.<br \/>\n<span style=\"font-size: 10pt;\">Available in sizes <strong>XS SML <\/strong>\u00a0. Dresses <strong>Pretty Women<\/strong> is an excellent choice for a wedding, prom, New Year&#039;s Eve and other elegant special events. If you can&#039;t decide which color, <strong>size<\/strong> is the best for you, <strong>contact us<\/strong> through <a href=\"https:\/\/www.facebook.com\/madelinefashionbutik\" target=\"_blank\" rel=\"noopener\">Facebook<\/a> or <a href=\"https:\/\/madelinefashion.pl\/en\/kontakt\/\">phone<\/a>. If the size is not available on the website, please contact us.\u00a0<\/span><\/p>\n<h3 style=\"text-align: center;\">DRESS DIMENSIONS:<\/h3>\n<table width=\"556\">\n<tbody>\n<tr>\n<td><strong>SIZE<\/strong><\/td>\n<td><strong>Bust<\/strong><\/td>\n<td><strong>Waist<\/strong><\/td>\n<td><strong>Hips<\/strong><\/td>\n<\/tr>\n<tr>\n<td><strong>34<\/strong><\/td>\n<td>84-86<\/td>\n<td>64-68<\/td>\n<td>\u00a082-90<\/td>\n<\/tr>\n<tr>\n<td><strong>36<\/strong><\/td>\n<td>88-90<\/td>\n<td>68-72<\/td>\n<td>\u00a086-92<\/td>\n<\/tr>\n<tr>\n<td><strong>38<\/strong><\/td>\n<td>92-94<\/td>\n<td>72-76<\/td>\n<td>\u00a090-96<\/td>\n<\/tr>\n<tr>\n<td><strong>40<\/strong><\/td>\n<td>96-98<\/td>\n<td>76-80<\/td>\n<td>\u00a094-106<\/td>\n<\/tr>\n<\/tbody>\n<\/table>\n<p style=\"text-align: center;\"><span style=\"font-size: 10pt;\">total length approx. 93 cm<\/span><\/p>\n<p style=\"text-align: center;\"><span style=\"font-size: 10pt;\"><span style=\"font-size: 10pt;\">The dress is also available in <\/span><strong style=\"font-size: 10pt;\">other color variants<\/strong><span style=\"font-size: 10pt;\"> - we encourage you to familiarize yourself with our other products.\u00a0<\/span><\/span><\/p>\n<p style=\"text-align: center;\"><span style=\"font-size: 10pt;\">Dimensions may slightly differ from the given +\/- 2cm.\u00a0<\/span><\/p>\n<p style=\"text-align: center;\"><span style=\"font-size: 10pt;\"><strong>\u00a0<\/strong><\/span><\/p>\n<table width=\"618\">\n<tbody>\n<tr>\n<td width=\"302\">Model name<\/td>\n<td width=\"302\">Finezja Short Dress<\/td>\n<\/tr>\n<tr>\n<td width=\"302\">Color<\/td>\n<td width=\"302\">Powder Pink<\/td>\n<\/tr>\n<tr>\n<td width=\"302\">Mark<\/td>\n<td width=\"302\">Pretty Women<\/td>\n<\/tr>\n<tr>\n<td width=\"302\">Sizes<\/td>\n<td width=\"302\">34 36 38 40<\/td>\n<\/tr>\n<tr>\n<td width=\"302\">Fashion<\/td>\n<td width=\"302\">Matched<\/td>\n<\/tr>\n<tr>\n<td width=\"302\">Material<\/td>\n<td width=\"302\">Viscose, Polyester, Cotton<\/td>\n<\/tr>\n<tr>\n<td width=\"302\">Length<\/td>\n<td width=\"302\">Above the knee<\/td>\n<\/tr>\n<\/tbody>\n<\/table>\n<p style=\"text-align: center;\"><span style=\"font-size: 10pt;\">\u00a0<\/span><\/p>\n<p>&nbsp;<\/p>\n<p style=\"text-align: center;\"><span style=\"font-size: 10pt;\">In order to match <strong>perfect dresses<\/strong> we invite you to contact us by phone or contact us <a href=\"https:\/\/www.facebook.com\/madelinefashionbutik\" target=\"_blank\" rel=\"noopener\">Facebook<\/a> .<\/span><br \/>\n<span style=\"font-size: 10pt;\">Our team will help <strong>Choose the right one<\/strong> . <strong>We can make each dress at the request of the buyer\u00a0<\/strong><strong>measure carefully.\u00a0<\/strong><\/span><\/p>\n<div class=\"additional-details\" style=\"text-align: center;\">\n<p style=\"text-align: center;\"><span style=\"font-size: 10pt;\">\u00a0<\/span><\/p>\n<\/div>","protected":false},"excerpt":{"rendered":"<p>Sukienka Finezja Kr\u00f3tka Pudrowy R\u00f3\u017c Sukienka Finezja Kr\u00f3tka Pudrowy R\u00f3\u017c\u00a0zdobiona cudownymi haftami koronkow\u0105 g\u00f3r\u0105. Pi\u0119knie eksponuje kobiece kszta\u0142ty. Sukienka posiada z przodu wszyte miseczki, dzi\u0119ki czemu nie trzeba zak\u0142ada\u0107 biustonosza.\u00a0 \u00a0Wyprodukowana i uszyta w Polsce. Sukienka\u00a0Finezja w kolorze pudrowego r\u00f3\u017cu w wersji midi to idealna propozycja na imprez\u0119. Wiemy, jak wa\u017cna dla ka\u017cdej kobiety\u00a0jest odpowiednio<\/p>\n<div class=\"klb-readmore post-buttons\"><a class=\"button black outline size-sm\" href=\"https:\/\/madelinefashion.pl\/en\/product\/sukienka-finezja-krotka-pudrowy-roz\/\">Read More <i class=\"klbth-icon-right-arrow\"><\/i><\/a><\/div>","protected":false},"featured_media":82950,"template":"","meta":[],"product_brand":[],"product_cat":[124,395,569],"product_tag":[257,262,215],"class_list":{"0":"post-80806","1":"product","2":"type-product","3":"status-publish","4":"has-post-thumbnail","6":"product_cat-sukienki-okolicznosciowe","7":"product_cat-nowosci","8":"product_cat-sukienki-dopasowane","9":"product_tag-madelinefashion","10":"product_tag-sukienki-krotkie","11":"product_tag-sukienki-rozowe","13":"first","14":"instock","15":"sale","16":"purchasable","17":"product-type-variable"},"_links":{"self":[{"href":"https:\/\/madelinefashion.pl\/en\/wp-json\/wp\/v2\/product\/80806","targetHints":{"allow":["GET"]}}],"collection":[{"href":"https:\/\/madelinefashion.pl\/en\/wp-json\/wp\/v2\/product"}],"about":[{"href":"https:\/\/madelinefashion.pl\/en\/wp-json\/wp\/v2\/types\/product"}],"wp:featuredmedia":[{"embeddable":true,"href":"https:\/\/madelinefashion.pl\/en\/wp-json\/wp\/v2\/media\/82950"}],"wp:attachment":[{"href":"https:\/\/madelinefashion.pl\/en\/wp-json\/wp\/v2\/media?parent=80806"}],"wp:term":[{"taxonomy":"product_brand","embeddable":true,"href":"https:\/\/madelinefashion.pl\/en\/wp-json\/wp\/v2\/product_brand?post=80806"},{"taxonomy":"product_cat","embeddable":true,"href":"https:\/\/madelinefashion.pl\/en\/wp-json\/wp\/v2\/product_cat?post=80806"},{"taxonomy":"product_tag","embeddable":true,"href":"https:\/\/madelinefashion.pl\/en\/wp-json\/wp\/v2\/product_tag?post=80806"}],"curies":[{"name":"wp","href":"https:\/\/api.w.org\/{rel}","templated":true}]}}