{"id":8148,"date":"2021-04-15T18:56:28","date_gmt":"2021-04-15T16:56:28","guid":{"rendered":"https:\/\/madelinefashion.pl\/?post_type=product&#038;p=8148"},"modified":"2026-03-18T13:12:23","modified_gmt":"2026-03-18T12:12:23","slug":"kardigan-z-kapturem-i-kieszeniami-turkusowy","status":"publish","type":"product","link":"https:\/\/madelinefashion.pl\/en\/product\/kardigan-z-kapturem-i-kieszeniami-turkusowy\/","title":{"rendered":"Cardigan with a hood and pockets turquoise"},"content":{"rendered":"<h3 style=\"text-align: center;\">Cardigan with a hood and pockets turquoise<\/h3>\n<p style=\"text-align: center;\"><strong>Long cardigan with a hood <\/strong>is a perfect model for spring, summer cooler days and autumn. The cardigan is made of a herringbone weave, very pleasant to the touch. Fashionable, looser cut will make you feel very comfortable in it. The cardigan has a hood and pockets. The long sleeves and the bottom of the sweater are finished with a light welt. Each of us should have such a sweater in our wardrobe. Classic cut, unique in a casual style. Superb quality at the best price! European product, very good quality of the material. Perfectly fits the figure.<strong>\u00a0<\/strong>Perfect for school, work, a date or meeting with friends! Recommended for ladies in size SML XL when wearing a larger size, please see the table below.<\/p>\n<h3 style=\"text-align: center;\">Cardigan perfect for any occasion<\/h3>\n<ul style=\"text-align: center;\">\n<li><strong>Fashionable design with a hood<\/strong><\/li>\n<li>Beautiful braid braid<\/li>\n<li>Stylish, thick cardigan<\/li>\n<li>Pockets<\/li>\n<li>Very warm and pleasant to the touch<\/li>\n<\/ul>\n<h3 style=\"text-align: center;\">Dimensions<\/h3>\n<ul style=\"text-align: center;\">\n<li>Length: 88 cm<\/li>\n<li>Underarm width: 2 x 50-60 cm<\/li>\n<li>Waist width: 2 x 53-62 cm<\/li>\n<li>Sleeve length from armpit: 45 cm<\/li>\n<\/ul>\n<p style=\"text-align: center;\">Dimensions may slightly differ from the given +\/- 2cm. All dimensions given are measured flat.<\/p>\n<p style=\"text-align: center;\"><strong>\u00a0<\/strong><\/p>\n<p>&nbsp;<\/p>\n<table>\n<tbody>\n<tr>\n<td width=\"302\">Model name<\/td>\n<td width=\"302\">Cardigan with hood and pockets<\/td>\n<\/tr>\n<tr>\n<td width=\"302\">Color<\/td>\n<td width=\"302\">Turquoise<\/td>\n<\/tr>\n<tr>\n<td width=\"302\">Sizes<\/td>\n<td width=\"302\">Universal<\/td>\n<\/tr>\n<tr>\n<td width=\"302\">Fashion<\/td>\n<td width=\"302\">Oversize<\/td>\n<\/tr>\n<tr>\n<td width=\"302\">Hood<\/td>\n<td width=\"302\">Yes<\/td>\n<\/tr>\n<tr>\n<td width=\"302\">Warmed up<\/td>\n<td width=\"302\">Uninsulated<\/td>\n<\/tr>\n<tr>\n<td width=\"302\">Material<\/td>\n<td width=\"302\">Acrylic 85% Nylon 15%<\/td>\n<\/tr>\n<\/tbody>\n<\/table>\n<p>&nbsp;<\/p>\n<div class=\"tabs tabs-bb clear mb-80\">\n<div class=\"tab-content\">\n<div id=\"tab-description\" class=\"tab-pane fade in woocommerce-Tabs-panel--description active\">\n<p style=\"text-align: center;\">The model has\u00a0<strong>169<\/strong>\u00a0cm tall, wears a size every day\u00a0<strong>S.<\/strong><\/p>\n<p style=\"text-align: center;\">The width at the bust is 92 cm<\/p>\n<p style=\"text-align: center;\">Waist width 62 cm<\/p>\n<p style=\"text-align: center;\">The width at the hips is 94 cm<\/p>\n<p>&nbsp;<\/p>\n<\/div>\n<\/div>\n<\/div>\n<section class=\"related products mb-80\"><\/section>","protected":false},"excerpt":{"rendered":"<p>Kardigan z Kapturem i Kieszeniami Turkusowy Kardigan d\u0142ugi z kapturem to model idealny na wiosenne letnie ch\u0142odniejsze dni oraz jesie\u0144. Kardigan wykonany jest ze splotu w jode\u0142k\u0119, bardzo mi\u0142ego w dotyku. Modny, lu\u017aniejszy fason sprawia, \u017ce b\u0119dziesz si\u0119 w nim czu\u0142a bardzo komfortowo. Kardigan posiada Kaptur oraz kieszenie.\u00a0 D\u0142ugi r\u0119kaw, oraz d\u00f3\u0142 swetra zako\u0144czony jest<\/p>\n<div class=\"klb-readmore post-buttons\"><a class=\"button black outline size-sm\" href=\"https:\/\/madelinefashion.pl\/en\/product\/kardigan-z-kapturem-i-kieszeniami-turkusowy\/\">Read More <i class=\"klbth-icon-right-arrow\"><\/i><\/a><\/div>","protected":false},"featured_media":45112,"template":"","meta":[],"product_brand":[],"product_cat":[91],"product_tag":[],"class_list":{"0":"post-8148","1":"product","2":"type-product","3":"status-publish","4":"has-post-thumbnail","6":"product_cat-kardigany-damskie","8":"first","9":"instock","10":"purchasable","11":"product-type-simple"},"_links":{"self":[{"href":"https:\/\/madelinefashion.pl\/en\/wp-json\/wp\/v2\/product\/8148","targetHints":{"allow":["GET"]}}],"collection":[{"href":"https:\/\/madelinefashion.pl\/en\/wp-json\/wp\/v2\/product"}],"about":[{"href":"https:\/\/madelinefashion.pl\/en\/wp-json\/wp\/v2\/types\/product"}],"wp:featuredmedia":[{"embeddable":true,"href":"https:\/\/madelinefashion.pl\/en\/wp-json\/wp\/v2\/media\/45112"}],"wp:attachment":[{"href":"https:\/\/madelinefashion.pl\/en\/wp-json\/wp\/v2\/media?parent=8148"}],"wp:term":[{"taxonomy":"product_brand","embeddable":true,"href":"https:\/\/madelinefashion.pl\/en\/wp-json\/wp\/v2\/product_brand?post=8148"},{"taxonomy":"product_cat","embeddable":true,"href":"https:\/\/madelinefashion.pl\/en\/wp-json\/wp\/v2\/product_cat?post=8148"},{"taxonomy":"product_tag","embeddable":true,"href":"https:\/\/madelinefashion.pl\/en\/wp-json\/wp\/v2\/product_tag?post=8148"}],"curies":[{"name":"wp","href":"https:\/\/api.w.org\/{rel}","templated":true}]}}