{"id":81878,"date":"2023-03-24T17:58:52","date_gmt":"2023-03-24T16:58:52","guid":{"rendered":"https:\/\/madelinefashion.pl\/?post_type=product&#038;p=81878"},"modified":"2026-01-15T12:43:03","modified_gmt":"2026-01-15T11:43:03","slug":"kurtka-alpaka-z-kapturem-irie-czerwona","status":"publish","type":"product","link":"https:\/\/madelinefashion.pl\/en\/product\/kurtka-alpaka-z-kapturem-irie-czerwona\/","title":{"rendered":"Alpaca Hooded Jacket Irie Red"},"content":{"rendered":"<h3 style=\"text-align: center;\">Alpaca Hooded Jacket Irie Red<\/h3>\n<p style=\"text-align: center;\"><strong>Alpaca Jacket Short Irie <\/strong>fastened with a zipper <strong>season hit<\/strong>. It is a combination of elegance, modernity and functionality - <strong>Our alpaca jacket<\/strong> It complements every figure and style. Made from a very fashionable and incredibly comfortable alpaca material. Warm, perfect for spring and fall. The oversized, loose cut suits elegant, casual, and sporty outfits. <strong>Short alpaca jacket with a hood made of warm and pleasant to the touch material. Model fastened with a zipper - has two pockets, the sleeves are finished with a welt. The product is available in several color variants. <\/strong>Perfect as\u00a0<strong>outerwear on cooler days.<\/strong>\u00a0Is\u00a0<strong>very flexible. <\/strong>In our online store you will find a large selection of coats for unbeatable prices <strong>low price<\/strong>. Suitable for any style, for everyday wear, but thanks to the right accessories, you can also create an original outfit for the evening<strong>an omantic walk and a business trip<\/strong>. The model is suitable for ladies wearing size <strong>SML XL<\/strong><\/p>\n<h3 style=\"text-align: center;\">Coat dimensions:<\/h3>\n<div id=\"content_tab_description\" class=\"tab-content tab-description\">\n<div class=\"tab-content-inner\">\n<div class=\"tab-content-scroll\">\n<p style=\"text-align: center;\">Total length - 69 cm<br \/>\nWidth from armpit to armpit -48- 55 cm<br \/>\nWidth at the bottom -44- 54 cm<br \/>\nSleeve length from the armpit - 47 cm<br \/>\nWidth in the biceps - 18 cm<\/p>\n<\/div>\n<\/div>\n<\/div>\n<p style=\"text-align: center;\">Dimensions may slightly differ from the given +\/- 2cm. All dimensions given are measured flat.<\/p>\n<p style=\"text-align: center;\"><strong>\u00a0<\/strong><\/p>\n<table width=\"499\">\n<tbody>\n<tr>\n<td width=\"302\">Model name<\/td>\n<td width=\"302\">Irie Hooded Alpaca Jacket<\/td>\n<\/tr>\n<tr>\n<td width=\"302\">Color<\/td>\n<td width=\"302\">Red<\/td>\n<\/tr>\n<tr>\n<td width=\"302\">Collection<\/td>\n<td width=\"302\">Spring \/ Autumn \/ Winter<\/td>\n<\/tr>\n<tr>\n<td width=\"302\">Sizes<\/td>\n<td width=\"302\">Universal<\/td>\n<\/tr>\n<tr>\n<td width=\"302\">Fashion<\/td>\n<td width=\"302\">Oversize<\/td>\n<\/tr>\n<tr>\n<td width=\"302\">Hood<\/td>\n<td width=\"302\">Yes<\/td>\n<\/tr>\n<tr>\n<td width=\"302\">Fastening<\/td>\n<td width=\"302\">ZIP fastener<\/td>\n<\/tr>\n<tr>\n<td width=\"302\">Composition<\/td>\n<td width=\"302\">38.4 % Wool 23.5 % Polyester 15.3 % Angora 22.8 % Viscose<\/td>\n<\/tr>\n<\/tbody>\n<\/table>\n<p style=\"text-align: center;\">The model has\u00a0<strong>169<\/strong>\u00a0cm tall, wears a size every day\u00a0<strong>S.<\/strong><\/p>\n<p style=\"text-align: center;\">The width at the bust is 92 cm<\/p>\n<p style=\"text-align: center;\">Waist width 62 cm<\/p>\n<p style=\"text-align: center;\">The width at the hips is 94 cm<\/p>","protected":false},"excerpt":{"rendered":"<p>Kurtka Alpaka z Kapturem Irie Czerwona Kurtka Alpaka Kr\u00f3tka Irie zapinana na zamek hit sezonu. Jest to po\u0142\u0105czenie elegancji, nowoczesno\u015bci i funkcjonalno\u015bci \u2013 Nasza kurtka z Alpaki wpisuje si\u0119 w ka\u017cd\u0105 sylwetk\u0119 i stylizacj\u0119. Wykonany z bardzo modnego i niezwykle przyjemnego materia\u0142u &#8211; &#8222;alpaka&#8221; . Ciep\u0142y, idealny na wiosn\u0119 i jesie\u0144. Oversizeowy, lu\u017any kr\u00f3j pasuj\u0105cy<\/p>\n<div class=\"klb-readmore post-buttons\"><a class=\"button black outline size-sm\" href=\"https:\/\/madelinefashion.pl\/en\/product\/kurtka-alpaka-z-kapturem-irie-czerwona\/\">Read More <i class=\"klbth-icon-right-arrow\"><\/i><\/a><\/div>","protected":false},"featured_media":81818,"template":"","meta":[],"product_brand":[],"product_cat":[119,117,279],"product_tag":[284],"class_list":{"0":"post-81878","1":"product","2":"type-product","3":"status-publish","4":"has-post-thumbnail","6":"product_cat-plaszcze-krotkie","7":"product_cat-kurtki","8":"product_cat-plaszcze-wiosenne","9":"product_tag-alpaka","10":"pa_rozmiar-s","11":"pa_rozmiar-m","12":"pa_rozmiar-l","13":"pa_rozmiar-xl","15":"first","16":"outofstock","17":"sale","18":"purchasable","19":"product-type-simple"},"_links":{"self":[{"href":"https:\/\/madelinefashion.pl\/en\/wp-json\/wp\/v2\/product\/81878","targetHints":{"allow":["GET"]}}],"collection":[{"href":"https:\/\/madelinefashion.pl\/en\/wp-json\/wp\/v2\/product"}],"about":[{"href":"https:\/\/madelinefashion.pl\/en\/wp-json\/wp\/v2\/types\/product"}],"wp:featuredmedia":[{"embeddable":true,"href":"https:\/\/madelinefashion.pl\/en\/wp-json\/wp\/v2\/media\/81818"}],"wp:attachment":[{"href":"https:\/\/madelinefashion.pl\/en\/wp-json\/wp\/v2\/media?parent=81878"}],"wp:term":[{"taxonomy":"product_brand","embeddable":true,"href":"https:\/\/madelinefashion.pl\/en\/wp-json\/wp\/v2\/product_brand?post=81878"},{"taxonomy":"product_cat","embeddable":true,"href":"https:\/\/madelinefashion.pl\/en\/wp-json\/wp\/v2\/product_cat?post=81878"},{"taxonomy":"product_tag","embeddable":true,"href":"https:\/\/madelinefashion.pl\/en\/wp-json\/wp\/v2\/product_tag?post=81878"}],"curies":[{"name":"wp","href":"https:\/\/api.w.org\/{rel}","templated":true}]}}