{"id":81982,"date":"2023-03-25T15:24:47","date_gmt":"2023-03-25T14:24:47","guid":{"rendered":"https:\/\/madelinefashion.pl\/?post_type=product&#038;p=81982"},"modified":"2026-03-26T12:39:37","modified_gmt":"2026-03-26T11:39:37","slug":"sukienka-maxi-salsa-chabrowa","status":"publish","type":"product","link":"https:\/\/madelinefashion.pl\/en\/product\/sukienka-maxi-salsa-chabrowa\/","title":{"rendered":"Salsa Cornflower Maxi Dress"},"content":{"rendered":"<h3 style=\"text-align: center;\">Salsa Cornflower Maxi Dress<\/h3>\n<p style=\"text-align: center;\">Elegant, long dress with an original cut. The top of the dress is well-fitting, with a neckline and adjustable straps. Zippered cut-out back. At the waist, the dress has a wide decorative belt that perfectly emphasizes the waist. Bottom made of a circle with a cut exposing the leg. The whole is made of an elegant, slightly stretchy fabric. The dress has an open back.<span style=\"font-size: 10pt;\"> The dress has cups sewn in at the front, so you do not need to wear a bra. Made and sewn in Poland.\u00a0 <\/span><span style=\"font-size: 10pt;\">Available in sizes 32 34 36 38 40. Available in our e-shop in several color variants, so do not hesitate and choose the one that is perfect for you. If you can&#039;t decide which color, <strong>size<\/strong> is the best for you, <strong>contact us<\/strong> through <a href=\"https:\/\/www.facebook.com\/madelinefashionbutik\" target=\"_blank\" rel=\"noopener\">Facebook<\/a> or <a href=\"https:\/\/madelinefashion.pl\/en\/kontakt\/\">phone<\/a>. If the size is not available on the website, please contact us.\u00a0<\/span><\/p>\n<h3 style=\"text-align: center;\">DRESS DIMENSIONS:<\/h3>\n<div class=\"additional-details\" style=\"text-align: center;\">\n<table style=\"height: 150px;\" width=\"485\">\n<tbody>\n<tr>\n<td>SIZE<\/td>\n<td>34<\/td>\n<td>36<\/td>\n<td>38<\/td>\n<td>40<\/td>\n<\/tr>\n<tr>\n<td>Bust<\/td>\n<td>74-76<\/td>\n<td>78-80<\/td>\n<td>80-86<\/td>\n<td>84-90<\/td>\n<\/tr>\n<tr>\n<td>Waist<\/td>\n<td>60<\/td>\n<td>66<\/td>\n<td>70<\/td>\n<td>74<\/td>\n<\/tr>\n<\/tbody>\n<\/table>\n<p>&nbsp;<\/p>\n<\/div>\n<p style=\"text-align: center;\"><span style=\"font-size: 10pt;\">\u00a0 <\/span><\/p>\n<p style=\"text-align: center;\"><span style=\"font-size: 10pt;\">total length approx. 150 cm\u00a0<\/span><\/p>\n<p style=\"text-align: center;\"><span style=\"font-size: 10pt;\">The dress is also available in other colors - see our other products.<\/span><\/p>\n<p style=\"text-align: center;\"><span style=\"font-size: 10pt;\">Dimensions may slightly differ from the given +\/- 2cm.\u00a0<\/span><\/p>\n<p style=\"text-align: center;\"><span style=\"font-size: 10pt;\"><strong>\u00a0<\/strong>\u00a0<\/span><\/p>\n<table width=\"620\">\n<tbody>\n<tr>\n<td width=\"302\">Model name<\/td>\n<td width=\"302\">Maxi Salsa dress<\/td>\n<\/tr>\n<tr>\n<td width=\"302\">Color<\/td>\n<td width=\"302\">Blue<\/td>\n<\/tr>\n<tr>\n<td width=\"302\">Producer<\/td>\n<td width=\"302\">Avenue<\/td>\n<\/tr>\n<tr>\n<td width=\"302\">Sizes<\/td>\n<td width=\"302\">34 36 38 40<\/td>\n<\/tr>\n<tr>\n<td width=\"302\">Fashion<\/td>\n<td width=\"302\">Matched<\/td>\n<\/tr>\n<tr>\n<td width=\"302\">Material<\/td>\n<td width=\"302\">50 % Polyester 40% Viscose 10% Elastane<\/td>\n<\/tr>\n<tr>\n<td width=\"302\">Length<\/td>\n<td width=\"302\">To the ground<\/td>\n<\/tr>\n<\/tbody>\n<\/table>\n<p style=\"text-align: center;\"><span style=\"font-size: 10pt;\">\u00a0<\/span><\/p>\n<p>&nbsp;<\/p>\n<p style=\"text-align: center;\"><span style=\"font-size: 10pt;\">In order to match <strong>perfect dresses<\/strong> we invite you to contact us by phone or contact us <a href=\"https:\/\/www.facebook.com\/madelinefashionbutik\" target=\"_blank\" rel=\"noopener\">Facebook<\/a> .<\/span><br \/>\n<span style=\"font-size: 10pt;\">Our team will help <strong>Choose the right one<\/strong> . <strong>We can make each dress at the request of the buyer\u00a0<\/strong><strong>measure carefully.\u00a0<\/strong><\/span><\/p>\n<div class=\"additional-details\" style=\"text-align: center;\">\n<p style=\"text-align: center;\"><span style=\"font-size: 10pt;\">\u00a0<\/span><\/p>\n<\/div>","protected":false},"excerpt":{"rendered":"<p>Sukienka Maxi Salsa Chabrowa Elegancka, d\u0142uga sukienka o oryginalnym kroju. G\u00f3ra sukienki dobrze dopasowana, z dekoltem i regulowanymi rami\u0105czkami. Ty\u0142\u00a0 wyci\u0119ty zapinany na zamek. W pasie sukienka posiada szeroki ozdobny pasek, kt\u00f3ry \u015bwietnie podkre\u015bla talie. D\u00f3\u0142 uszyty z ko\u0142a z rozci\u0119ciem eksponuj\u0105cym nog\u0119. Ca\u0142o\u015b\u0107 wykonana jest z eleganckiej , lekko rozci\u0105gliwej tkaniny.\u00a0 Sukienka posiada odkryte<\/p>\n<div class=\"klb-readmore post-buttons\"><a class=\"button black outline size-sm\" href=\"https:\/\/madelinefashion.pl\/en\/product\/sukienka-maxi-salsa-chabrowa\/\">Read More <i class=\"klbth-icon-right-arrow\"><\/i><\/a><\/div>","protected":false},"featured_media":81975,"template":"","meta":[],"product_brand":[],"product_cat":[124,380],"product_tag":[163,261],"class_list":{"0":"post-81982","1":"product","2":"type-product","3":"status-publish","4":"has-post-thumbnail","6":"product_cat-sukienki-okolicznosciowe","7":"product_cat-wyprzedaz","8":"product_tag-sukienki-dlugie","9":"product_tag-sukienki-niebieskie","11":"first","12":"instock","13":"sale","14":"purchasable","15":"product-type-variable"},"_links":{"self":[{"href":"https:\/\/madelinefashion.pl\/en\/wp-json\/wp\/v2\/product\/81982","targetHints":{"allow":["GET"]}}],"collection":[{"href":"https:\/\/madelinefashion.pl\/en\/wp-json\/wp\/v2\/product"}],"about":[{"href":"https:\/\/madelinefashion.pl\/en\/wp-json\/wp\/v2\/types\/product"}],"wp:featuredmedia":[{"embeddable":true,"href":"https:\/\/madelinefashion.pl\/en\/wp-json\/wp\/v2\/media\/81975"}],"wp:attachment":[{"href":"https:\/\/madelinefashion.pl\/en\/wp-json\/wp\/v2\/media?parent=81982"}],"wp:term":[{"taxonomy":"product_brand","embeddable":true,"href":"https:\/\/madelinefashion.pl\/en\/wp-json\/wp\/v2\/product_brand?post=81982"},{"taxonomy":"product_cat","embeddable":true,"href":"https:\/\/madelinefashion.pl\/en\/wp-json\/wp\/v2\/product_cat?post=81982"},{"taxonomy":"product_tag","embeddable":true,"href":"https:\/\/madelinefashion.pl\/en\/wp-json\/wp\/v2\/product_tag?post=81982"}],"curies":[{"name":"wp","href":"https:\/\/api.w.org\/{rel}","templated":true}]}}