{"id":82199,"date":"2023-03-27T13:40:57","date_gmt":"2023-03-27T11:40:57","guid":{"rendered":"https:\/\/madelinefashion.pl\/?post_type=product&#038;p=82199"},"modified":"2026-04-10T15:07:08","modified_gmt":"2026-04-10T13:07:08","slug":"sukienka-koronkowa-z-tiulem-chabrowa-joshua","status":"publish","type":"product","link":"https:\/\/madelinefashion.pl\/en\/product\/sukienka-koronkowa-z-tiulem-chabrowa-joshua\/","title":{"rendered":"Lace Dress with Tulle Cornflower Joshua"},"content":{"rendered":"<h3 style=\"text-align: center;\">Lace Dress with Tulle Cornflower Joshua<\/h3>\n<p style=\"text-align: center;\">Impressive midi dress\u00a0 <strong>tulle<\/strong> is a proposition suitable for exceptional circumstances. The dress has an elastic band on the back and a beautiful decorative lace. Great airy flared <strong>tulle dress<\/strong> - available in our store in several <strong>color versions<\/strong>. Dress <strong>Joshua<\/strong> with a V-neckline + tulle application will guarantee a unique look. Her style is beautiful <strong>emphasizes the waist<\/strong>. The lower part of the dress <b>tulle <\/b>it consists of flared tulle fabric and lining, effectively presenting itself in motion. The model with a slightly exposed back has <strong>sewn-in cups<\/strong> making a bra unnecessary. An ideal proposition for women who appreciate <strong>chic and elegance.<\/strong> Dress recommended for a wedding, 18th, and even for a wedding. Match it <a href=\"https:\/\/madelinefashion.pl\/en\/buty\/\">high-heeled shoes<\/a> also available on our website and create an elegant look. You must have it in your wardrobe! One size fits all recommended for ladies wearing XS SML in the case of wearing a larger size, please refer to the dimensions<\/p>\n<h3 style=\"text-align: center;\">Dress dimensions<\/h3>\n<ul style=\"text-align: center;\">\n<li>total length 94 cm<\/li>\n<li>width from armpit to armpit: 33-45 cm<\/li>\n<li>waist width: 31-38cm<\/li>\n<li>lining length: 50 cm<\/li>\n<li>tulle length: 54 cm<\/li>\n<li><\/li>\n<\/ul>\n<p style=\"text-align: center;\">Dimensions may slightly differ from the given +\/- 2cm. All dimensions given are measured flat. <strong>X2 dimension<\/strong><\/p>\n<p style=\"text-align: center;\"><strong>\u00a0<\/strong><\/p>\n<table style=\"height: 214px;\" width=\"548\">\n<tbody>\n<tr>\n<td width=\"302\">Model name<\/td>\n<td width=\"302\">Lace Dress with Tulle Joshua<\/td>\n<\/tr>\n<tr>\n<td width=\"302\">Color<\/td>\n<td width=\"302\">Blue<\/td>\n<\/tr>\n<tr>\n<td width=\"302\">Collection<\/td>\n<td width=\"302\">Spring Summer<\/td>\n<\/tr>\n<tr>\n<td width=\"302\">Sizes<\/td>\n<td width=\"302\">Universal<\/td>\n<\/tr>\n<tr>\n<td width=\"302\">Fashion<\/td>\n<td width=\"302\">Flared<\/td>\n<\/tr>\n<tr>\n<td width=\"302\">Decoration<\/td>\n<td width=\"302\">tulle lace<\/td>\n<\/tr>\n<tr>\n<td width=\"302\">Material<\/td>\n<td width=\"302\">95 % Polyester 5% Elastane<\/td>\n<\/tr>\n<\/tbody>\n<\/table>\n<section class=\"page-product-box\">\n<div class=\"rte\">\n<p style=\"text-align: center;\">The model has\u00a0<strong>169<\/strong>\u00a0cm tall, wears a size every day\u00a0<strong>S.<\/strong><\/p>\n<p style=\"text-align: center;\">The width at the bust is 92 cm<\/p>\n<p style=\"text-align: center;\">Waist width 62 cm<\/p>\n<p style=\"text-align: center;\">The width at the hips is 94 cm<\/p>\n<\/div>\n<\/section>","protected":false},"excerpt":{"rendered":"<p>Sukienka Koronkowa z Tiulem Chabrowa Joshua Efektowna sukienka midi\u00a0 tiulowa to propozycja odpowiednia na wyj\u0105tkowe okoliczno\u015bci. Sukienka posiada na plecach gumk\u0119 oraz pi\u0119kn\u0105 ozdobn\u0105 koronk\u0119. Wspania\u0142a zwiewna rozkloszowana sukienka tiulowa &#8211; dost\u0119pna w Naszym sklepie w kilku wersjach kolorystycznych. Sukienka Joshua z dekoltem w styl V + aplikacja tiulu zagwarantuje niepowtarzalny look. Jej fason przepi\u0119knie<\/p>\n<div class=\"klb-readmore post-buttons\"><a class=\"button black outline size-sm\" href=\"https:\/\/madelinefashion.pl\/en\/product\/sukienka-koronkowa-z-tiulem-chabrowa-joshua\/\">Read More <i class=\"klbth-icon-right-arrow\"><\/i><\/a><\/div>","protected":false},"featured_media":82173,"template":"","meta":[],"product_brand":[],"product_cat":[124,395,561],"product_tag":[262,261],"class_list":{"0":"post-82199","1":"product","2":"type-product","3":"status-publish","4":"has-post-thumbnail","6":"product_cat-sukienki-okolicznosciowe","7":"product_cat-nowosci","8":"product_cat-sukienki-tiulowe","9":"product_tag-sukienki-krotkie","10":"product_tag-sukienki-niebieskie","12":"first","13":"outofstock","14":"sale","15":"purchasable","16":"product-type-simple"},"_links":{"self":[{"href":"https:\/\/madelinefashion.pl\/en\/wp-json\/wp\/v2\/product\/82199","targetHints":{"allow":["GET"]}}],"collection":[{"href":"https:\/\/madelinefashion.pl\/en\/wp-json\/wp\/v2\/product"}],"about":[{"href":"https:\/\/madelinefashion.pl\/en\/wp-json\/wp\/v2\/types\/product"}],"wp:featuredmedia":[{"embeddable":true,"href":"https:\/\/madelinefashion.pl\/en\/wp-json\/wp\/v2\/media\/82173"}],"wp:attachment":[{"href":"https:\/\/madelinefashion.pl\/en\/wp-json\/wp\/v2\/media?parent=82199"}],"wp:term":[{"taxonomy":"product_brand","embeddable":true,"href":"https:\/\/madelinefashion.pl\/en\/wp-json\/wp\/v2\/product_brand?post=82199"},{"taxonomy":"product_cat","embeddable":true,"href":"https:\/\/madelinefashion.pl\/en\/wp-json\/wp\/v2\/product_cat?post=82199"},{"taxonomy":"product_tag","embeddable":true,"href":"https:\/\/madelinefashion.pl\/en\/wp-json\/wp\/v2\/product_tag?post=82199"}],"curies":[{"name":"wp","href":"https:\/\/api.w.org\/{rel}","templated":true}]}}