{"id":82279,"date":"2023-03-27T15:39:27","date_gmt":"2023-03-27T13:39:27","guid":{"rendered":"https:\/\/madelinefashion.pl\/?post_type=product&#038;p=82279"},"modified":"2026-04-10T15:07:05","modified_gmt":"2026-04-10T13:07:05","slug":"sukienka-midi-tiulowa-z-kwiatkami-czerwona-onnice","status":"publish","type":"product","link":"https:\/\/madelinefashion.pl\/en\/product\/sukienka-midi-tiulowa-z-kwiatkami-czerwona-onnice\/","title":{"rendered":"Tulle Midi Dress with Red Onnice Flowers"},"content":{"rendered":"<h3 style=\"text-align: center;\">Tulle Midi Dress with Red Onnice Flowers<\/h3>\n<p style=\"text-align: center;\">Impressive midi dress\u00a0 <strong>tulle<\/strong> with decorative flowers in the color of the dress. The dress has an elastic band on the back and decorations at the waist and on the shoulder in the form of delicate flowers. Great airy flared <strong>tulle dress<\/strong> - available in our store in several <strong>color versions<\/strong>. The tulle application will guarantee a unique look. The floral belt is beautiful <strong>will emphasize the waist<\/strong>. The lower part of the dress <b>tulle <\/b>it consists of flared tulle fabric and lining, effectively presenting itself in motion. Model with a closed back. An ideal proposition for women who appreciate <strong>chic and elegance.<\/strong> Match it <a href=\"https:\/\/madelinefashion.pl\/en\/buty\/\">high-heeled shoes<\/a> also available on our website and create an elegant look. You must have it in your wardrobe! One size fits all, recommended for women wearing XS SML, if you wear a larger size, please refer to the dimensions. Perfect for special events, parties, weddings, as a dress for a prom or birthday. Wonderful and unique, fantastic in movement, every woman will feel special in it.<\/p>\n<h3 style=\"text-align: center;\">Dress dimensions<\/h3>\n<ul style=\"text-align: center;\">\n<li>total length 92 cm<\/li>\n<li>width from armpit to armpit: 38-49 cm<\/li>\n<li>waist width: 32-40 cm<\/li>\n<li>lining length: 49 cm<\/li>\n<li>length of tulle: 57 cm<\/li>\n<li><\/li>\n<\/ul>\n<p style=\"text-align: center;\">Dimensions may slightly differ from the given +\/- 2cm. All dimensions given are measured flat. <strong>X2 dimension<\/strong><\/p>\n<p style=\"text-align: center;\"><strong>\u00a0<\/strong><\/p>\n<table style=\"height: 214px;\" width=\"548\">\n<tbody>\n<tr>\n<td width=\"302\">Model name<\/td>\n<td width=\"302\">Tulle Midi Dress with Onnice Flowers<\/td>\n<\/tr>\n<tr>\n<td width=\"302\">Color<\/td>\n<td width=\"302\">Red<\/td>\n<\/tr>\n<tr>\n<td width=\"302\">Collection<\/td>\n<td width=\"302\">Spring Summer<\/td>\n<\/tr>\n<tr>\n<td width=\"302\">Sizes<\/td>\n<td width=\"302\">Universal<\/td>\n<\/tr>\n<tr>\n<td width=\"302\">Fashion<\/td>\n<td width=\"302\">Flared<\/td>\n<\/tr>\n<tr>\n<td width=\"302\">Decoration<\/td>\n<td width=\"302\">Tulle Flowers<\/td>\n<\/tr>\n<tr>\n<td width=\"302\">Material<\/td>\n<td width=\"302\">95 % Polyester 5% Elastane<\/td>\n<\/tr>\n<\/tbody>\n<\/table>\n<section class=\"page-product-box\">\n<div class=\"rte\">\n<p style=\"text-align: center;\">The model has\u00a0<strong>169<\/strong>\u00a0cm tall, wears a size every day\u00a0<strong>S.<\/strong><\/p>\n<p style=\"text-align: center;\">The width at the bust is 92 cm<\/p>\n<p style=\"text-align: center;\">Waist width 62 cm<\/p>\n<p style=\"text-align: center;\">The width at the hips is 94 cm<\/p>\n<\/div>\n<\/section>","protected":false},"excerpt":{"rendered":"<p>Sukienka Midi Tiulowa z Kwiatkami Czerwona Onnice Efektowna sukienka midi\u00a0 tiulowa z ozdobnymi kwiatami w kolorze sukienki . Sukienka posiada na plecach gumk\u0119 oraz zdobienia w Pasie i na ramieniu w postaci delikatnych kwiat\u00f3w. Wspania\u0142a zwiewna rozkloszowana sukienka tiulowa &#8211; dost\u0119pna w Naszym sklepie w kilku wersjach kolorystycznych.\u00a0 Aplikacja tiulu zagwarantuje niepowtarzalny look. Kwiecisty pas<\/p>\n<div class=\"klb-readmore post-buttons\"><a class=\"button black outline size-sm\" href=\"https:\/\/madelinefashion.pl\/en\/product\/sukienka-midi-tiulowa-z-kwiatkami-czerwona-onnice\/\">Read More <i class=\"klbth-icon-right-arrow\"><\/i><\/a><\/div>","protected":false},"featured_media":82267,"template":"","meta":[],"product_brand":[],"product_cat":[124,395,561],"product_tag":[258,262],"class_list":{"0":"post-82279","1":"product","2":"type-product","3":"status-publish","4":"has-post-thumbnail","6":"product_cat-sukienki-okolicznosciowe","7":"product_cat-nowosci","8":"product_cat-sukienki-tiulowe","9":"product_tag-sukienka-czerwona","10":"product_tag-sukienki-krotkie","12":"first","13":"outofstock","14":"sale","15":"purchasable","16":"product-type-simple"},"_links":{"self":[{"href":"https:\/\/madelinefashion.pl\/en\/wp-json\/wp\/v2\/product\/82279","targetHints":{"allow":["GET"]}}],"collection":[{"href":"https:\/\/madelinefashion.pl\/en\/wp-json\/wp\/v2\/product"}],"about":[{"href":"https:\/\/madelinefashion.pl\/en\/wp-json\/wp\/v2\/types\/product"}],"wp:featuredmedia":[{"embeddable":true,"href":"https:\/\/madelinefashion.pl\/en\/wp-json\/wp\/v2\/media\/82267"}],"wp:attachment":[{"href":"https:\/\/madelinefashion.pl\/en\/wp-json\/wp\/v2\/media?parent=82279"}],"wp:term":[{"taxonomy":"product_brand","embeddable":true,"href":"https:\/\/madelinefashion.pl\/en\/wp-json\/wp\/v2\/product_brand?post=82279"},{"taxonomy":"product_cat","embeddable":true,"href":"https:\/\/madelinefashion.pl\/en\/wp-json\/wp\/v2\/product_cat?post=82279"},{"taxonomy":"product_tag","embeddable":true,"href":"https:\/\/madelinefashion.pl\/en\/wp-json\/wp\/v2\/product_tag?post=82279"}],"curies":[{"name":"wp","href":"https:\/\/api.w.org\/{rel}","templated":true}]}}