{"id":82326,"date":"2023-03-27T16:39:35","date_gmt":"2023-03-27T14:39:35","guid":{"rendered":"https:\/\/madelinefashion.pl\/?post_type=product&#038;p=82326"},"modified":"2026-04-10T15:07:04","modified_gmt":"2026-04-10T13:07:04","slug":"sukienka-tiulowa-maxi-salma-biala","status":"publish","type":"product","link":"https:\/\/madelinefashion.pl\/en\/product\/sukienka-tiulowa-maxi-salma-biala\/","title":{"rendered":"Maxi Tulle Dress Salma White"},"content":{"rendered":"<h3 style=\"text-align: center;\">Maxi Tulle Dress Salma White<\/h3>\n<p style=\"text-align: center;\">Impressive white maxi dress <strong>tulle<\/strong> with a transparent top. The dress has an elastic band on the back and a beautiful decorative lace. Great airy flared <strong>tulle dress<\/strong> - available in our store in several <strong>color versions<\/strong>. The application of tulle will guarantee a unique look. Its cut is beautiful <strong>emphasizes the waist<\/strong>. The lower part of the dress <b>tulle <\/b>it consists of flared tulle fabric and lining, effectively presenting itself in motion. Model with a closed back. An ideal proposition for women who appreciate <strong>chic and elegance. <\/strong>Dress\u00a0<strong>Salma in white in maxi version<\/strong> is the perfect proposition for <strong>own wedding<\/strong>. We know how important a properly selected outfit is for every bride. Wedding dresses should be tailored to the type of beauty, figure, and above all, should provide 100 % comfort. This ensures that the creation will fulfill its role in 100% - it will attract the eyes of guests and give the bride exceptional self-confidence. In our offer you will find dresses in very <strong>affordable price<\/strong> for church and civil weddings, as well as a suitable model for the after-party.<br \/>\nMatch it <a href=\"https:\/\/madelinefashion.pl\/en\/buty\/\">high-heeled shoes<\/a> also available on our website and create an elegant look. You must have it in your wardrobe! One size fits all recommended for ladies wearing XS SML in the case of wearing a larger size, please refer to the dimensions<\/p>\n<h3 style=\"text-align: center;\">Dress dimensions<\/h3>\n<ul style=\"text-align: center;\">\n<li>total length 147 cm<\/li>\n<li>width from armpit to armpit: 38-49 cm<\/li>\n<li>waist width: 32-40 cm<\/li>\n<li>lining length: 90 cm<\/li>\n<li>tulle length: 104 cm<\/li>\n<li><\/li>\n<\/ul>\n<p style=\"text-align: center;\">Dimensions may slightly differ from the given +\/- 2cm. All dimensions given are measured flat. <strong>X2 dimension<\/strong><\/p>\n<p style=\"text-align: center;\"><strong>\u00a0<\/strong><\/p>\n<table style=\"height: 214px;\" width=\"548\">\n<tbody>\n<tr>\n<td width=\"302\">Model name<\/td>\n<td width=\"302\">Salma Maxi Tulle Dress<\/td>\n<\/tr>\n<tr>\n<td width=\"302\">Color<\/td>\n<td width=\"302\">White<\/td>\n<\/tr>\n<tr>\n<td width=\"302\">Collection<\/td>\n<td width=\"302\">Spring Summer<\/td>\n<\/tr>\n<tr>\n<td width=\"302\">Sizes<\/td>\n<td width=\"302\">Universal<\/td>\n<\/tr>\n<tr>\n<td width=\"302\">Fashion<\/td>\n<td width=\"302\">Flared<\/td>\n<\/tr>\n<tr>\n<td width=\"302\">Decoration<\/td>\n<td width=\"302\">tulle lace<\/td>\n<\/tr>\n<tr>\n<td width=\"302\">Material<\/td>\n<td width=\"302\">95 % Polyester 5% Elastane<\/td>\n<\/tr>\n<\/tbody>\n<\/table>\n<section class=\"page-product-box\">\n<div class=\"rte\">\n<p style=\"text-align: center;\">The model has\u00a0<strong>169<\/strong>\u00a0cm tall, wears a size every day\u00a0<strong>S.<\/strong><\/p>\n<p style=\"text-align: center;\">The width at the bust is 92 cm<\/p>\n<p style=\"text-align: center;\">Waist width 62 cm<\/p>\n<p style=\"text-align: center;\">The width at the hips is 94 cm<\/p>\n<\/div>\n<\/section>","protected":false},"excerpt":{"rendered":"<p>Sukienka Tiulowa Maxi Salma Bia\u0142a Efektowna\u00a0 bia\u0142a sukienka Maxi tiulowa z transparentn\u0105 g\u00f3r\u0105. Sukienka posiada na plecach gumk\u0119 oraz pi\u0119kn\u0105 ozdobn\u0105 koronk\u0119. Wspania\u0142a zwiewna rozkloszowana sukienka tiulowa &#8211; dost\u0119pna w Naszym sklepie w kilku wersjach kolorystycznych.\u00a0 Aplikacja tiulu zagwarantuje niepowtarzalny look. Jej fason przepi\u0119knie wyeksponuje tali\u0119. Dolna cz\u0119\u015b\u0107 sukienki tiulowej sk\u0142ada si\u0119 z rozkloszowanej tiulowej<\/p>\n<div class=\"klb-readmore post-buttons\"><a class=\"button black outline size-sm\" href=\"https:\/\/madelinefashion.pl\/en\/product\/sukienka-tiulowa-maxi-salma-biala\/\">Read More <i class=\"klbth-icon-right-arrow\"><\/i><\/a><\/div>","protected":false},"featured_media":82318,"template":"","meta":[],"product_brand":[],"product_cat":[124,395,561],"product_tag":[219,163],"class_list":{"0":"post-82326","1":"product","2":"type-product","3":"status-publish","4":"has-post-thumbnail","6":"product_cat-sukienki-okolicznosciowe","7":"product_cat-nowosci","8":"product_cat-sukienki-tiulowe","9":"product_tag-sukienka-biala","10":"product_tag-sukienki-dlugie","12":"first","13":"instock","14":"sale","15":"purchasable","16":"product-type-simple"},"_links":{"self":[{"href":"https:\/\/madelinefashion.pl\/en\/wp-json\/wp\/v2\/product\/82326","targetHints":{"allow":["GET"]}}],"collection":[{"href":"https:\/\/madelinefashion.pl\/en\/wp-json\/wp\/v2\/product"}],"about":[{"href":"https:\/\/madelinefashion.pl\/en\/wp-json\/wp\/v2\/types\/product"}],"wp:featuredmedia":[{"embeddable":true,"href":"https:\/\/madelinefashion.pl\/en\/wp-json\/wp\/v2\/media\/82318"}],"wp:attachment":[{"href":"https:\/\/madelinefashion.pl\/en\/wp-json\/wp\/v2\/media?parent=82326"}],"wp:term":[{"taxonomy":"product_brand","embeddable":true,"href":"https:\/\/madelinefashion.pl\/en\/wp-json\/wp\/v2\/product_brand?post=82326"},{"taxonomy":"product_cat","embeddable":true,"href":"https:\/\/madelinefashion.pl\/en\/wp-json\/wp\/v2\/product_cat?post=82326"},{"taxonomy":"product_tag","embeddable":true,"href":"https:\/\/madelinefashion.pl\/en\/wp-json\/wp\/v2\/product_tag?post=82326"}],"curies":[{"name":"wp","href":"https:\/\/api.w.org\/{rel}","templated":true}]}}