{"id":82335,"date":"2023-03-27T16:48:17","date_gmt":"2023-03-27T14:48:17","guid":{"rendered":"https:\/\/madelinefashion.pl\/?post_type=product&#038;p=82335"},"modified":"2026-04-10T15:07:04","modified_gmt":"2026-04-10T13:07:04","slug":"sukienka-koronkowa-z-tiulem-shelby-maxi-fuksja","status":"publish","type":"product","link":"https:\/\/madelinefashion.pl\/en\/product\/sukienka-koronkowa-z-tiulem-shelby-maxi-fuksja\/","title":{"rendered":"Lace Dress with Tulle Shelby Maxi Fuchsia"},"content":{"rendered":"<h3 style=\"text-align: center;\">Lace Dress with Tulle Shelby Maxi Fuchsia<\/h3>\n<p style=\"text-align: center;\">Impressive maxi dress <strong>tulle<\/strong> is a proposition suitable for exceptional circumstances. The dress has an elastic band on the back and a beautiful decorative lace. Great airy flared <strong>tulle dress<\/strong> - available in our store in several <strong>color versions<\/strong>. The application of tulle will guarantee a unique look. Its cut is beautiful <strong>emphasizes the waist<\/strong>. The lower part of the dress <b>tulle <\/b>It consists of a flared tulle fabric and a lining, presenting itself effectively in motion. In this model, the back is open, but thanks to the sewn-in cups, the bra is not needed. an ideal proposition for women who appreciate themselves <strong>chic and elegance.<\/strong> The dress is also recommended for a wedding, an 18th birthday party and even a wedding. Match it to her <a href=\"https:\/\/madelinefashion.pl\/en\/buty\/\">high-heeled shoes<\/a> also available on our website and create an elegant look. You must have it in your wardrobe! One size fits all recommended for ladies wearing XS SML in the case of wearing a larger size, please refer to the dimensions<\/p>\n<h3 style=\"text-align: center;\">Dress dimensions<\/h3>\n<ul style=\"text-align: center;\">\n<li>total length 147 cm<\/li>\n<li>width from armpit to armpit: 33-43 cm<\/li>\n<li>waist width: 32-37 cm<\/li>\n<li>lining length: 90 cm<\/li>\n<li>tulle length: 104 cm<\/li>\n<li><\/li>\n<\/ul>\n<p style=\"text-align: center;\">Dimensions may slightly differ from the given +\/- 2cm. All dimensions given are measured flat. <strong>X2 dimension<\/strong><\/p>\n<p style=\"text-align: center;\"><strong>\u00a0<\/strong><\/p>\n<table style=\"height: 232px;\" width=\"609\">\n<tbody>\n<tr>\n<td width=\"302\">Model name<\/td>\n<td width=\"302\">Shelby Maxi Lace Dress with Tulle<\/td>\n<\/tr>\n<tr>\n<td width=\"302\">Color<\/td>\n<td width=\"302\">Fuchsia<\/td>\n<\/tr>\n<tr>\n<td width=\"302\">Collection<\/td>\n<td width=\"302\">Spring Summer<\/td>\n<\/tr>\n<tr>\n<td width=\"302\">Sizes<\/td>\n<td width=\"302\">Universal<\/td>\n<\/tr>\n<tr>\n<td width=\"302\">Fashion<\/td>\n<td width=\"302\">Flared<\/td>\n<\/tr>\n<tr>\n<td width=\"302\">Decoration<\/td>\n<td width=\"302\">tulle lace<\/td>\n<\/tr>\n<tr>\n<td width=\"302\">Material<\/td>\n<td width=\"302\">95 % Polyester 5% Elastane<\/td>\n<\/tr>\n<\/tbody>\n<\/table>\n<section class=\"page-product-box\">\n<div class=\"rte\">\n<p style=\"text-align: center;\">The model has\u00a0<strong>169<\/strong>\u00a0cm tall, wears a size every day\u00a0<strong>S.<\/strong><\/p>\n<p style=\"text-align: center;\">The width at the bust is 92 cm<\/p>\n<p style=\"text-align: center;\">Waist width 62 cm<\/p>\n<p style=\"text-align: center;\">The width at the hips is 94 cm<\/p>\n<\/div>\n<\/section>","protected":false},"excerpt":{"rendered":"<p>Sukienka Koronkowa z Tiulem Shelby Maxi Fuksja Efektowna sukienka maxi tiulowa to propozycja odpowiednia na wyj\u0105tkowe okoliczno\u015bci. Sukienka posiada na plecach gumk\u0119 oraz pi\u0119kn\u0105 ozdobn\u0105 koronk\u0119. Wspania\u0142a zwiewna rozkloszowana sukienka tiulowa &#8211; dost\u0119pna w Naszym sklepie w kilku wersjach kolorystycznych.\u00a0 Aplikacja tiulu zagwarantuje niepowtarzalny look. Jej fason przepi\u0119knie wyeksponuje tali\u0119. Dolna cz\u0119\u015b\u0107 sukienki tiulowej sk\u0142ada<\/p>\n<div class=\"klb-readmore post-buttons\"><a class=\"button black outline size-sm\" href=\"https:\/\/madelinefashion.pl\/en\/product\/sukienka-koronkowa-z-tiulem-shelby-maxi-fuksja\/\">Read More <i class=\"klbth-icon-right-arrow\"><\/i><\/a><\/div>","protected":false},"featured_media":82332,"template":"","meta":[],"product_brand":[],"product_cat":[124,561],"product_tag":[163,215],"class_list":{"0":"post-82335","1":"product","2":"type-product","3":"status-publish","4":"has-post-thumbnail","6":"product_cat-sukienki-okolicznosciowe","7":"product_cat-sukienki-tiulowe","8":"product_tag-sukienki-dlugie","9":"product_tag-sukienki-rozowe","11":"first","12":"instock","13":"sale","14":"purchasable","15":"product-type-simple"},"_links":{"self":[{"href":"https:\/\/madelinefashion.pl\/en\/wp-json\/wp\/v2\/product\/82335","targetHints":{"allow":["GET"]}}],"collection":[{"href":"https:\/\/madelinefashion.pl\/en\/wp-json\/wp\/v2\/product"}],"about":[{"href":"https:\/\/madelinefashion.pl\/en\/wp-json\/wp\/v2\/types\/product"}],"wp:featuredmedia":[{"embeddable":true,"href":"https:\/\/madelinefashion.pl\/en\/wp-json\/wp\/v2\/media\/82332"}],"wp:attachment":[{"href":"https:\/\/madelinefashion.pl\/en\/wp-json\/wp\/v2\/media?parent=82335"}],"wp:term":[{"taxonomy":"product_brand","embeddable":true,"href":"https:\/\/madelinefashion.pl\/en\/wp-json\/wp\/v2\/product_brand?post=82335"},{"taxonomy":"product_cat","embeddable":true,"href":"https:\/\/madelinefashion.pl\/en\/wp-json\/wp\/v2\/product_cat?post=82335"},{"taxonomy":"product_tag","embeddable":true,"href":"https:\/\/madelinefashion.pl\/en\/wp-json\/wp\/v2\/product_tag?post=82335"}],"curies":[{"name":"wp","href":"https:\/\/api.w.org\/{rel}","templated":true}]}}