{"id":82419,"date":"2023-03-27T17:47:42","date_gmt":"2023-03-27T15:47:42","guid":{"rendered":"https:\/\/madelinefashion.pl\/?post_type=product&#038;p=82419"},"modified":"2026-04-10T15:07:01","modified_gmt":"2026-04-10T13:07:01","slug":"sukienka-midi-koronkowa-z-tiulem-etna-bezowa","status":"publish","type":"product","link":"https:\/\/madelinefashion.pl\/en\/product\/sukienka-midi-koronkowa-z-tiulem-etna-bezowa\/","title":{"rendered":"Lace Midi Dress with Tulle Etna Beige"},"content":{"rendered":"<h3 style=\"text-align: center;\">Lace Midi Dress with Tulle Etna Beige<\/h3>\n<p style=\"text-align: center;\">Impressive midi dress\u00a0 <strong>tulle<\/strong> with a transparent top. The lace dress has an elastic band at the waist. Great airy flared <strong>tulle dress<\/strong>\u00a0\u2013 available in our store in several\u00a0<strong>color versions<\/strong>. The tulle application will guarantee a unique look. The lower part of the dress\u00a0<b>tulle\u00a0<\/b>it consists of flared tulle fabric and lining, effectively presenting itself in motion. Model with a closed back. An ideal proposition for women who appreciate\u00a0<strong>chic and elegance.\u00a0<\/strong>Dress\u00a0<strong>lace with tulle<\/strong> is an ideal proposition for various special events - communion, christening, wedding or birthday.<br \/>\nMatch it\u00a0<a href=\"https:\/\/madelinefashion.pl\/en\/buty\/\">high-heeled shoes<\/a>\u00a0also available on our website and create an elegant look. You must have it in your wardrobe! One size fits all recommended for ladies wearing XS SML in the case of wearing a larger size, please refer to the dimensions<\/p>\n<h3 style=\"text-align: center;\">Dress dimensions<\/h3>\n<ul style=\"text-align: center;\">\n<li>total length 119 cm<\/li>\n<li>total length to the lining: 109 cm<\/li>\n<li>width from armpit to armpit: 35-49 cm<\/li>\n<li>waist width: 35-46cm<\/li>\n<li><\/li>\n<\/ul>\n<p style=\"text-align: center;\">Dimensions may slightly differ from the given +\/- 2cm. All dimensions given are measured flat.\u00a0<strong>X2 dimension<\/strong><\/p>\n<p style=\"text-align: center;\"><strong>\u00a0<\/strong><\/p>\n<table width=\"548\">\n<tbody>\n<tr>\n<td width=\"302\">Model name<\/td>\n<td width=\"302\">Lace Midi Dress with Etna Tulle<\/td>\n<\/tr>\n<tr>\n<td width=\"302\">Color<\/td>\n<td width=\"302\">Beige<\/td>\n<\/tr>\n<tr>\n<td width=\"302\">Collection<\/td>\n<td width=\"302\">Spring Summer<\/td>\n<\/tr>\n<tr>\n<td width=\"302\">Sizes<\/td>\n<td width=\"302\">Universal<\/td>\n<\/tr>\n<tr>\n<td width=\"302\">Fashion<\/td>\n<td width=\"302\">Flared<\/td>\n<\/tr>\n<tr>\n<td width=\"302\">Decoration<\/td>\n<td width=\"302\">tulle lace<\/td>\n<\/tr>\n<tr>\n<td width=\"302\">Material<\/td>\n<td width=\"302\">95 % Polyester 5% Elastane<\/td>\n<\/tr>\n<\/tbody>\n<\/table>\n<section class=\"page-product-box\">\n<div class=\"rte\">\n<p style=\"text-align: center;\">The model has\u00a0<strong>169<\/strong>\u00a0cm tall, wears a size every day\u00a0<strong>S.<\/strong><\/p>\n<p style=\"text-align: center;\">The width at the bust is 92 cm<\/p>\n<p style=\"text-align: center;\">Waist width 62 cm<\/p>\n<p style=\"text-align: center;\">The width at the hips is 94 cm<\/p>\n<\/div>\n<\/section>","protected":false},"excerpt":{"rendered":"<p>Sukienka Midi Koronkowa z Tiulem Etna Be\u017cowa Efektowna\u00a0 sukienka midi\u00a0 tiulowa z transparentn\u0105 g\u00f3r\u0105. Sukienka koronkowa posiada gumk\u0119 w tali. Wspania\u0142a zwiewna rozkloszowana sukienka tiulowa\u00a0\u2013 dost\u0119pna w Naszym sklepie w kilku\u00a0wersjach kolorystycznych.\u00a0 Aplikacja tiulu zagwarantuje niepowtarzalny look. Dolna cz\u0119\u015b\u0107 sukienki\u00a0tiulowej\u00a0sk\u0142ada si\u0119 z rozkloszowanej tiulowej tkaniny i podszewki , efektownie prezentuj\u0105c si\u0119 w ruchu. Model z<\/p>\n<div class=\"klb-readmore post-buttons\"><a class=\"button black outline size-sm\" href=\"https:\/\/madelinefashion.pl\/en\/product\/sukienka-midi-koronkowa-z-tiulem-etna-bezowa\/\">Read More <i class=\"klbth-icon-right-arrow\"><\/i><\/a><\/div>","protected":false},"featured_media":82398,"template":"","meta":[],"product_brand":[],"product_cat":[124,561],"product_tag":[212,262],"class_list":{"0":"post-82419","1":"product","2":"type-product","3":"status-publish","4":"has-post-thumbnail","6":"product_cat-sukienki-okolicznosciowe","7":"product_cat-sukienki-tiulowe","8":"product_tag-sukienki-bezowe","9":"product_tag-sukienki-krotkie","11":"first","12":"instock","13":"sale","14":"purchasable","15":"product-type-simple"},"_links":{"self":[{"href":"https:\/\/madelinefashion.pl\/en\/wp-json\/wp\/v2\/product\/82419","targetHints":{"allow":["GET"]}}],"collection":[{"href":"https:\/\/madelinefashion.pl\/en\/wp-json\/wp\/v2\/product"}],"about":[{"href":"https:\/\/madelinefashion.pl\/en\/wp-json\/wp\/v2\/types\/product"}],"wp:featuredmedia":[{"embeddable":true,"href":"https:\/\/madelinefashion.pl\/en\/wp-json\/wp\/v2\/media\/82398"}],"wp:attachment":[{"href":"https:\/\/madelinefashion.pl\/en\/wp-json\/wp\/v2\/media?parent=82419"}],"wp:term":[{"taxonomy":"product_brand","embeddable":true,"href":"https:\/\/madelinefashion.pl\/en\/wp-json\/wp\/v2\/product_brand?post=82419"},{"taxonomy":"product_cat","embeddable":true,"href":"https:\/\/madelinefashion.pl\/en\/wp-json\/wp\/v2\/product_cat?post=82419"},{"taxonomy":"product_tag","embeddable":true,"href":"https:\/\/madelinefashion.pl\/en\/wp-json\/wp\/v2\/product_tag?post=82419"}],"curies":[{"name":"wp","href":"https:\/\/api.w.org\/{rel}","templated":true}]}}