{"id":82606,"date":"2023-03-28T13:04:24","date_gmt":"2023-03-28T11:04:24","guid":{"rendered":"https:\/\/madelinefashion.pl\/?post_type=product&#038;p=82606"},"modified":"2025-09-09T10:17:56","modified_gmt":"2025-09-09T08:17:56","slug":"sukienka-midi-zwiewna-diori-fuksja","status":"publish","type":"product","link":"https:\/\/madelinefashion.pl\/en\/product\/sukienka-midi-zwiewna-diori-fuksja\/","title":{"rendered":"Diori Fuchsia Airy Midi Dress"},"content":{"rendered":"<h3 style=\"text-align: center;\">Diori Fuchsia Airy Midi Dress<\/h3>\n<p style=\"text-align: center;\"><b>Midi dress with openwork inserts.<\/b> Incredibly feminine, elegant midi-length pleated dress. Dress with a V-shaped neckline. An elastic band at the waist ensures that the model fits the figure, which will emphasize feminine shapes. The dress has a lining. The airy cut is fantastic during movement. An ideal proposition for weddings, wedding receptions, family celebrations, banquets. <strong><span lang=\"pl-pl\" xml:lang=\"pl-pl\">The dress is made of light material, so you will feel at ease in it.\u00a0<\/span><\/strong><span lang=\"pl-pl\" xml:lang=\"pl-pl\">Available in our store in several color variants. Recommended for women in size SML XL<\/span><\/p>\n<h3 style=\"text-align: center;\">Dimensions:<\/h3>\n<ul style=\"text-align: center;\">\n<li><span style=\"font-size: 10pt;\">\u00a0\u00a0\u00a0\u00a0\u00a0\u00a0\u00a0 overall length: 115 cm<\/span><\/li>\n<li><span style=\"font-size: 10pt;\">\u00a0\u00a0\u00a0\u00a0\u00a0\u00a0\u00a0 width from armpit to armpit: 48-57 cm<\/span><\/li>\n<li><span style=\"font-size: 10pt;\">\u00a0\u00a0\u00a0\u00a0\u00a0\u00a0\u00a0 waist width 31-54 cm (elastic)<\/span><\/li>\n<li><span style=\"font-size: 10pt;\">\u00a0\u00a0\u00a0\u00a0\u00a0\u00a0\u00a0 recommended maximum bust circumference: 114 cm<\/span><\/li>\n<li><\/li>\n<\/ul>\n<p style=\"text-align: center;\"><span style=\"vertical-align: inherit;\">Dimensions may vary from the given +\/- 2cm. All dimensions given are measured flat. Dimension x2<\/span><\/p>\n<h3 style=\"text-align: center;\">Product characteristics:<\/h3>\n<p style=\"text-align: center;\"><span style=\"color: #000000;\"><strong>Comes with a belt matching the color of the dress.<\/strong><\/span><\/p>\n<p style=\"text-align: center;\"><span style=\"font-size: 10pt;\">- elastic material<\/span><br \/>\n<span style=\"font-size: 10pt;\">- lining<br \/>\n<\/span>\u2013 V-neck<br \/>\n\u2013 MIDI dress<\/p>\n<p style=\"text-align: center;\"><span style=\"font-size: 10pt;\"><strong>\u00a0<\/strong>\u00a0<\/span><\/p>\n<p>&nbsp;<\/p>\n<table style=\"height: 166px;\" width=\"670\">\n<tbody>\n<tr>\n<td width=\"302\"><span style=\"font-size: 10pt;\">Model name<\/span><\/td>\n<td width=\"302\">Diori Airy Midi Dress<\/td>\n<\/tr>\n<tr>\n<td width=\"302\">Color<\/td>\n<td width=\"302\">Fuchsia<\/td>\n<\/tr>\n<tr>\n<td width=\"302\"><span style=\"font-size: 10pt;\">Fashion<\/span><\/td>\n<td width=\"302\"><span style=\"font-size: 10pt;\">Flared<\/span><\/td>\n<\/tr>\n<tr>\n<td width=\"302\"><span style=\"font-size: 10pt;\">Material<\/span><\/td>\n<td width=\"302\"><span style=\"font-size: 10pt;\">97 % Polyester 3% Elastane<\/span><\/td>\n<\/tr>\n<tr>\n<td width=\"302\"><span style=\"font-size: 10pt;\">Length<\/span><\/td>\n<td width=\"302\"><span style=\"font-size: 13.3333px;\">Midi<\/span><\/td>\n<\/tr>\n<\/tbody>\n<\/table>\n<p style=\"text-align: center;\">The model has\u00a0<strong>169<\/strong>\u00a0cm tall, wears a size every day\u00a0<strong>S.<\/strong><\/p>\n<p style=\"text-align: center;\">The width at the bust is 92 cm<\/p>\n<p style=\"text-align: center;\">Waist width 62 cm<\/p>\n<p style=\"text-align: center;\">The width at the hips is 94 cm<\/p>\n<div class=\"additional-details\" style=\"text-align: center;\">\n<p style=\"text-align: center;\"><span style=\"font-size: 10pt;\">\u00a0<\/span><\/p>\n<\/div>","protected":false},"excerpt":{"rendered":"<p>Sukienka Midi Zwiewna Diori Fuksja Sukienka midi z a\u017curowymi wstawkami. Niesamowicie kobieca, elegancka sukienka plisowana o d\u0142ugo\u015bci midi. Sukienka z dekoltem w kszta\u0142cie litery V. W talii elastyczna gumka zapewnia dopasowanie modelu do sylwetki co podkre\u015bli kobiece kszta\u0142ty. Sukienka posiada podszewk\u0119. Zwiewny fason fantastycznie uk\u0142ada si\u0119 podczas ruchu. Idealna propozycja na \u015blub, wesele, rodzinne uroczysto\u015bci,<\/p>\n<div class=\"klb-readmore post-buttons\"><a class=\"button black outline size-sm\" href=\"https:\/\/madelinefashion.pl\/en\/product\/sukienka-midi-zwiewna-diori-fuksja\/\">Read More <i class=\"klbth-icon-right-arrow\"><\/i><\/a><\/div>","protected":false},"featured_media":82465,"template":"","meta":[],"product_brand":[],"product_cat":[125],"product_tag":[215],"class_list":{"0":"post-82606","1":"product","2":"type-product","3":"status-publish","4":"has-post-thumbnail","6":"product_cat-sukienki","7":"product_tag-sukienki-rozowe","9":"first","10":"instock","11":"purchasable","12":"product-type-simple"},"_links":{"self":[{"href":"https:\/\/madelinefashion.pl\/en\/wp-json\/wp\/v2\/product\/82606","targetHints":{"allow":["GET"]}}],"collection":[{"href":"https:\/\/madelinefashion.pl\/en\/wp-json\/wp\/v2\/product"}],"about":[{"href":"https:\/\/madelinefashion.pl\/en\/wp-json\/wp\/v2\/types\/product"}],"wp:featuredmedia":[{"embeddable":true,"href":"https:\/\/madelinefashion.pl\/en\/wp-json\/wp\/v2\/media\/82465"}],"wp:attachment":[{"href":"https:\/\/madelinefashion.pl\/en\/wp-json\/wp\/v2\/media?parent=82606"}],"wp:term":[{"taxonomy":"product_brand","embeddable":true,"href":"https:\/\/madelinefashion.pl\/en\/wp-json\/wp\/v2\/product_brand?post=82606"},{"taxonomy":"product_cat","embeddable":true,"href":"https:\/\/madelinefashion.pl\/en\/wp-json\/wp\/v2\/product_cat?post=82606"},{"taxonomy":"product_tag","embeddable":true,"href":"https:\/\/madelinefashion.pl\/en\/wp-json\/wp\/v2\/product_tag?post=82606"}],"curies":[{"name":"wp","href":"https:\/\/api.w.org\/{rel}","templated":true}]}}