{"id":828,"date":"2019-02-16T09:55:14","date_gmt":"2019-02-16T09:55:14","guid":{"rendered":"http:\/\/serwer2078743.home.pl\/?post_type=product&#038;p=828"},"modified":"2024-11-24T23:51:07","modified_gmt":"2024-11-24T22:51:07","slug":"body-hiszpanka-khaki","status":"publish","type":"product","link":"https:\/\/madelinefashion.pl\/en\/product\/body-hiszpanka-khaki\/","title":{"rendered":"Hispanic Khaki bodysuit"},"content":{"rendered":"<p style=\"text-align: center;\">Made of good quality material, it perfectly emphasizes feminine shapes and adapts to every figure.<\/p>\n<p style=\"text-align: center;\">Bottom fastened with hooks.<\/p>\n<p style=\"text-align: center;\">Maintained in the Spanish style - the top is decorated with an original, sexy frill.<\/p>\n<p style=\"text-align: center;\"><strong>UNIVERSAL SIZE recommended from S to XL\u00a0<\/strong><\/p>\n<p style=\"text-align: center;\">A-WIDTH FROM ARMPIT TO ARMPIT 38 cm-50 cm<\/p>\n<p style=\"text-align: center;\">D-TOTAL LENGTH 62-67 cm<\/p>\n<p style=\"text-align: center;\">E-SLEEVE LENGTH FROM ARMPIT 45.5 cm<\/p>\n<p style=\"text-align: center;\">F-SLEEVE LENGTH FROM THE SHOULDER 53 cm<\/p>\n<p style=\"text-align: center;\">\u00a0+\/- 2cm<\/p>\n<p>&nbsp;<\/p>\n<p style=\"text-align: center;\">\u00a0The model has\u00a0<strong>169<\/strong>\u00a0cm tall, wears a size every day\u00a0<strong>S.<\/strong><\/p>\n<p style=\"text-align: center;\">The width at the bust is 92 cm<\/p>\n<p style=\"text-align: center;\">Waist width 62 cm<\/p>\n<p style=\"text-align: center;\">The width at the hips is 94 cm<\/p>","protected":false},"excerpt":{"rendered":"<p>Wykonane z dobrej jako\u015bci materia\u0142u, idealnie podkre\u015bla kobiece kszta\u0142ty i dopasowuje si\u0119 do ka\u017cdej sylwetki. D\u00f3\u0142 zapinany na haftki. Utrzymana w stylu\u00a0hiszpa\u0144skim- g\u00f3ra zdobiona oryginaln\u0105, seksown\u0105 falban\u0105. ROZMIAR UNIWERSALNY\u00a0 zalecany od S do XL\u00a0 A-SZEROKO\u015a\u0106 OD PACHY DO PACHY 38 cm-50 cm D-D\u0141UGO\u015a\u0106 CA\u0141KOWITA\u00a062-67 cm E-D\u0141UGO\u015a\u0106 R\u0118KAWA OD PACHY 45,5 cm F-D\u0141UGO\u015a\u0106 R\u0118KAWA OD RAMIENIA<\/p>\n<div class=\"klb-readmore post-buttons\"><a class=\"button black outline size-sm\" href=\"https:\/\/madelinefashion.pl\/en\/product\/body-hiszpanka-khaki\/\">Read More <i class=\"klbth-icon-right-arrow\"><\/i><\/a><\/div>","protected":false},"featured_media":32812,"template":"","meta":[],"product_brand":[],"product_cat":[84],"product_tag":[],"class_list":{"0":"post-828","1":"product","2":"type-product","3":"status-publish","4":"has-post-thumbnail","6":"product_cat-body","8":"first","9":"instock","10":"purchasable","11":"product-type-simple"},"_links":{"self":[{"href":"https:\/\/madelinefashion.pl\/en\/wp-json\/wp\/v2\/product\/828","targetHints":{"allow":["GET"]}}],"collection":[{"href":"https:\/\/madelinefashion.pl\/en\/wp-json\/wp\/v2\/product"}],"about":[{"href":"https:\/\/madelinefashion.pl\/en\/wp-json\/wp\/v2\/types\/product"}],"wp:featuredmedia":[{"embeddable":true,"href":"https:\/\/madelinefashion.pl\/en\/wp-json\/wp\/v2\/media\/32812"}],"wp:attachment":[{"href":"https:\/\/madelinefashion.pl\/en\/wp-json\/wp\/v2\/media?parent=828"}],"wp:term":[{"taxonomy":"product_brand","embeddable":true,"href":"https:\/\/madelinefashion.pl\/en\/wp-json\/wp\/v2\/product_brand?post=828"},{"taxonomy":"product_cat","embeddable":true,"href":"https:\/\/madelinefashion.pl\/en\/wp-json\/wp\/v2\/product_cat?post=828"},{"taxonomy":"product_tag","embeddable":true,"href":"https:\/\/madelinefashion.pl\/en\/wp-json\/wp\/v2\/product_tag?post=828"}],"curies":[{"name":"wp","href":"https:\/\/api.w.org\/{rel}","templated":true}]}}