{"id":8355,"date":"2021-04-16T23:08:31","date_gmt":"2021-04-16T21:08:31","guid":{"rendered":"https:\/\/madelinefashion.pl\/?post_type=product&#038;p=8355"},"modified":"2026-04-10T14:43:43","modified_gmt":"2026-04-10T12:43:43","slug":"sukienka-ze-sciagaczem-maxi-claris-czarna","status":"publish","type":"product","link":"https:\/\/madelinefashion.pl\/en\/product\/sukienka-ze-sciagaczem-maxi-claris-czarna\/","title":{"rendered":"Maxi Claris Black Dress with a welt"},"content":{"rendered":"<h3 style=\"text-align: center;\">Maxi Claris Black Dress with a welt<\/h3>\n<p style=\"text-align: center;\">Black Maxi Claris dress with a welt made of pleasant to the touch material. A sensual and subtle cut will work in the wardrobe of every woman who likes it <strong>stand out from the crowd. Dress with short sleeves\u00a0<\/strong>with a drawstring at the waist, thanks to which it perfectly emphasizes the feminine shapes - perfectly fits the figure. Dress with short sleeves and a decorative finish <strong>frill and neckline<\/strong> <strong>envelope<\/strong>who in<strong>emphasizes the bust<\/strong> - the whole thing adds lightness and a girlish look. The dress can also be worn as a Spanish dress with slightly exposed sleeves. <strong>Maxi dress<\/strong> with a slightly looser hem and <strong>a wide elastic band<\/strong> underlines <strong>female shapes<\/strong>. Perfect for everyday use as well as for parties. Perfectly fits the figure. Perfect for school, work, a date or meeting with friends! <strong>Perfect for any time and occasion! Incredibly feminine, elegant dress in a universal size, recommended from XS to XL.<\/strong> Available in several colors. We recommend combining it with our black ones <a href=\"https:\/\/madelinefashion.pl\/en\/product-tag\/ramoneski\/\">Ramones.<\/a>It works well on holidays, dates, casual meetings with friends, as well as at weddings and family circumstances<\/p>\n<h3 style=\"text-align: center;\">Dimensions:<span style=\"font-size: 10pt;\">\u00a0 \u00a0<\/span><\/h3>\n<ul style=\"text-align: center;\">\n<li style=\"text-align: center;\"><span style=\"font-size: 10pt;\">total length at the front: 100 cm<\/span><\/li>\n<li style=\"text-align: center;\"><span style=\"font-size: 10pt;\">\u00a0\u00a0\u00a0\u00a0\u00a0\u00a0\u00a0 width from armpit to armpit: 40-49 cm<\/span><\/li>\n<li style=\"text-align: center;\"><span style=\"font-size: 10pt;\">\u00a0\u00a0\u00a0\u00a0\u00a0\u00a0\u00a0 sleeve length from shoulder: 24 cm<\/span><\/li>\n<li style=\"text-align: center;\"><span style=\"font-size: 10pt;\">sleeve length from armpit: 12 cm<br \/>\n<\/span><\/li>\n<li style=\"text-align: center;\"><span style=\"font-size: 10pt;\">\u00a0\u00a0\u00a0\u00a0\u00a0\u00a0\u00a0 waist width: 24-48 cm<\/span><\/li>\n<\/ul>\n<p>&nbsp;<\/p>\n<p style=\"text-align: center;\"><span style=\"font-size: 10pt;\">Dimensions may be slightly different from the given +\/- 2cm. All given <strong>dimensions are measured flat. Dimension x2<\/strong><\/span><\/p>\n<p>&nbsp;<\/p>\n<h3 style=\"text-align: center;\">Characteristics:<\/h3>\n<p style=\"text-align: center;\"><span style=\"font-size: 10pt;\">- waistband;<br \/>\n- short sleeve;<br \/>\n- flared dress;<br \/>\n- midi length;<br \/>\n- deep cleavage;<br \/>\n- frills at the neckline<br \/>\n<\/span><\/p>\n<table width=\"621\">\n<tbody>\n<tr>\n<td width=\"302\">Model name<\/td>\n<td width=\"302\">Maxi Claris dress with ribbing<\/td>\n<\/tr>\n<tr>\n<td width=\"302\">Color<\/td>\n<td width=\"302\">Black<\/td>\n<\/tr>\n<tr>\n<td width=\"302\">Fashion<\/td>\n<td width=\"302\">Oversize<\/td>\n<\/tr>\n<tr>\n<td width=\"302\">Material<\/td>\n<td width=\"302\">95 % Polyester 5% Elastane<\/td>\n<\/tr>\n<tr>\n<td width=\"302\">Length<\/td>\n<td width=\"302\">At knee<\/td>\n<\/tr>\n<\/tbody>\n<\/table>\n<p>&nbsp;<\/p>\n<p style=\"text-align: center;\">\u00a0The model has <strong>165<\/strong> cm tall, wears a size every day\u00a0<strong>S.<\/strong><span style=\"font-size: 10pt;\">\u00a0<\/span><\/p>","protected":false},"excerpt":{"rendered":"<p>Sukienka ze \u015aci\u0105gaczem Maxi Claris Czarna Sukienka ze \u015aci\u0105gaczem Maxi Claris w kolorze czarnym wykonana z przyjemnego w dotyku materia\u0142u. Zmys\u0142owy i subtelny kr\u00f3j sprawdzi si\u0119 w szafie ka\u017cdej kobiety, kt\u00f3ra lubi wyr\u00f3\u017cni\u0107 si\u0119 z t\u0142umu. Sukienka na kr\u00f3tki r\u0119kaw\u00a0ze \u015bci\u0105gaczem w pasie dzi\u0119ki czemu perfekcyjnie podkre\u015bla kobiece kszta\u0142ty &#8211; idealnie dopasowuje si\u0119 do sylwetki.<\/p>\n<div class=\"klb-readmore post-buttons\"><a class=\"button black outline size-sm\" href=\"https:\/\/madelinefashion.pl\/en\/product\/sukienka-ze-sciagaczem-maxi-claris-czarna\/\">Read More <i class=\"klbth-icon-right-arrow\"><\/i><\/a><\/div>","protected":false},"featured_media":35613,"template":"","meta":[],"product_brand":[],"product_cat":[125],"product_tag":[213],"class_list":{"0":"post-8355","1":"product","2":"type-product","3":"status-publish","4":"has-post-thumbnail","6":"product_cat-sukienki","7":"product_tag-sukienka-czarna","9":"first","10":"instock","11":"purchasable","12":"product-type-simple"},"_links":{"self":[{"href":"https:\/\/madelinefashion.pl\/en\/wp-json\/wp\/v2\/product\/8355","targetHints":{"allow":["GET"]}}],"collection":[{"href":"https:\/\/madelinefashion.pl\/en\/wp-json\/wp\/v2\/product"}],"about":[{"href":"https:\/\/madelinefashion.pl\/en\/wp-json\/wp\/v2\/types\/product"}],"wp:featuredmedia":[{"embeddable":true,"href":"https:\/\/madelinefashion.pl\/en\/wp-json\/wp\/v2\/media\/35613"}],"wp:attachment":[{"href":"https:\/\/madelinefashion.pl\/en\/wp-json\/wp\/v2\/media?parent=8355"}],"wp:term":[{"taxonomy":"product_brand","embeddable":true,"href":"https:\/\/madelinefashion.pl\/en\/wp-json\/wp\/v2\/product_brand?post=8355"},{"taxonomy":"product_cat","embeddable":true,"href":"https:\/\/madelinefashion.pl\/en\/wp-json\/wp\/v2\/product_cat?post=8355"},{"taxonomy":"product_tag","embeddable":true,"href":"https:\/\/madelinefashion.pl\/en\/wp-json\/wp\/v2\/product_tag?post=8355"}],"curies":[{"name":"wp","href":"https:\/\/api.w.org\/{rel}","templated":true}]}}