{"id":83565,"date":"2023-04-05T15:25:21","date_gmt":"2023-04-05T13:25:21","guid":{"rendered":"https:\/\/madelinefashion.pl\/?post_type=product&#038;p=83565"},"modified":"2023-04-05T15:46:52","modified_gmt":"2023-04-05T13:46:52","slug":"kombinezon-elegancki-z-rozcietym-rekawkiem-polly-turkusowy","status":"publish","type":"product","link":"https:\/\/madelinefashion.pl\/en\/product\/kombinezon-elegancki-z-rozcietym-rekawkiem-polly-turkusowy\/","title":{"rendered":"Elegant jumpsuit with split sleeves Polly Turquoise"},"content":{"rendered":"<h3 style=\"text-align: center;\">Elegant jumpsuit with split sleeves Polly Turquoise<\/h3>\n<p style=\"text-align: center;\"><span style=\"vertical-align: inherit;\"><span style=\"vertical-align: inherit;\"><strong>Elegant jumpsuit with split sleeves Polly Turquoise<\/strong> is a hit in our store. S<\/span><span style=\"vertical-align: inherit;\">the rights that no one will pass by you indifferently.<strong> The suit has long legs and<\/strong>\u00a0long sleeve with <strong>slit<\/strong>. This makes the suit unique. He has two golden ornaments on his waist <strong>buttons<\/strong>. The jumpsuit is fastened on the side <strong>ZIP fastener<\/strong>. Made of pleasant to the touch material. c<\/span><\/span>a love creates remarkable <strong>styling<\/strong>, simply created for warm spring and summer days. <strong>You will be delighted.<\/strong> Comfortable to wear in a sophisticated style must be in your wardrobe. <strong>Stylish and at the same time very feminine jumpsuit. One size fits all.<\/strong> Recommended for ladies wearing Size <strong>XS SML XL.<\/strong><\/p>\n<p>&nbsp;<\/p>\n<h3 style=\"text-align: center;\"><span style=\"vertical-align: inherit;\">Coverall dimensions:<\/span><\/h3>\n<p align=\"center\">Total length - 138 cm<br \/>\nWaist width - 32 - 38 cm<br \/>\nWidth from armpit to armpit: 44-58 cm<br \/>\nSleeve length from the shoulder - 62 cm<br \/>\nPants length - 95 cm<\/p>\n<p style=\"text-align: center;\"><span style=\"vertical-align: inherit;\"><span style=\"vertical-align: inherit;\">Dimensions may vary from the given +\/- 2cm. <\/span><span style=\"vertical-align: inherit;\">All dimensions given are measured flat.<\/span><\/span><\/p>\n<h3 style=\"text-align: center;\"><span style=\"vertical-align: inherit;\"><span style=\"vertical-align: inherit;\">Product characteristics:<br \/>\n<\/span><\/span><\/h3>\n<p style=\"text-align: center;\">-elegant<br \/>\n-pleasant material<br \/>\n-fashionable cut<br \/>\n- elastic waist<br \/>\n-original<br \/>\n-feminine<br \/>\n- with a cut on the sleeve<\/p>\n<p style=\"text-align: center;\"><strong>\u00a0<\/strong><\/p>\n<table width=\"432\">\n<tbody>\n<tr>\n<td width=\"302\">Model name<\/td>\n<td width=\"302\">Elegant Jumpsuit with Slit Sleeve Polly<\/td>\n<\/tr>\n<tr>\n<td width=\"302\">Color<\/td>\n<td width=\"302\">Turquoise<\/td>\n<\/tr>\n<tr>\n<td width=\"302\">Collection<\/td>\n<td width=\"302\">Spring Summer Autumn<\/td>\n<\/tr>\n<tr>\n<td width=\"302\">Sizes<\/td>\n<td width=\"302\">Universal<\/td>\n<\/tr>\n<tr>\n<td width=\"302\">Cleavage<\/td>\n<td width=\"302\">Envelope<\/td>\n<\/tr>\n<tr>\n<td width=\"302\">Length<\/td>\n<td width=\"302\">Maxi<\/td>\n<\/tr>\n<tr>\n<td width=\"302\">Material<\/td>\n<td width=\"302\">95% Polyester 5% Elastane<\/td>\n<\/tr>\n<\/tbody>\n<\/table>\n<div class=\"tabs tabs-bb clear mb-80\">\n<div class=\"tab-content\">\n<div id=\"tab-description\" class=\"tab-pane fade in woocommerce-Tabs-panel--description active\">\n<p style=\"text-align: center;\">The model has\u00a0<strong>169<\/strong>\u00a0cm tall, wears a size every day\u00a0<strong>S.<\/strong><\/p>\n<p style=\"text-align: center;\">The width at the bust is 92 cm<\/p>\n<p style=\"text-align: center;\">Waist width 62 cm<\/p>\n<p style=\"text-align: center;\">The width at the hips is 94 cm<\/p>\n<\/div>\n<\/div>\n<\/div>\n<section class=\"related products mb-80\"><\/section>\n<section class=\"page-product-box\">\n<div class=\"rte\">\n<p style=\"text-align: center;\">\n<\/div>\n<\/section>","protected":false},"excerpt":{"rendered":"<p>Kombinezon Elegancki z Rozci\u0119tym R\u0119kawkiem Polly Turkusowy Kombinezon Elegancki z Rozci\u0119tym R\u0119kawkiem Polly Turkusowy to hit w naszym sklepie. Spraw, \u017ce nikt nie przejdzie obok Ciebie oboj\u0119tnie. Kombinezon posiada d\u0142ugie nogawki oraz\u00a0d\u0142ugi r\u0119kaw z rozci\u0119ciem. Sprawia to, \u017ce kombinezon taje si\u0119 unikatowy. W pasie ma dwa z\u0142ote, stanowi\u0105ce ozdob\u0119 guziki. Kombinezon z boku zapinany jest<\/p>\n<div class=\"klb-readmore post-buttons\"><a class=\"button black outline size-sm\" href=\"https:\/\/madelinefashion.pl\/en\/product\/kombinezon-elegancki-z-rozcietym-rekawkiem-polly-turkusowy\/\">Read More <i class=\"klbth-icon-right-arrow\"><\/i><\/a><\/div>","protected":false},"featured_media":83561,"template":"","meta":[],"product_brand":[],"product_cat":[80,395],"product_tag":[297],"class_list":{"0":"post-83565","1":"product","2":"type-product","3":"status-publish","4":"has-post-thumbnail","6":"product_cat-sukienki-i-kombinezony","7":"product_cat-nowosci","8":"product_tag-kombinezony","10":"first","11":"instock","12":"purchasable","13":"product-type-simple"},"_links":{"self":[{"href":"https:\/\/madelinefashion.pl\/en\/wp-json\/wp\/v2\/product\/83565","targetHints":{"allow":["GET"]}}],"collection":[{"href":"https:\/\/madelinefashion.pl\/en\/wp-json\/wp\/v2\/product"}],"about":[{"href":"https:\/\/madelinefashion.pl\/en\/wp-json\/wp\/v2\/types\/product"}],"wp:featuredmedia":[{"embeddable":true,"href":"https:\/\/madelinefashion.pl\/en\/wp-json\/wp\/v2\/media\/83561"}],"wp:attachment":[{"href":"https:\/\/madelinefashion.pl\/en\/wp-json\/wp\/v2\/media?parent=83565"}],"wp:term":[{"taxonomy":"product_brand","embeddable":true,"href":"https:\/\/madelinefashion.pl\/en\/wp-json\/wp\/v2\/product_brand?post=83565"},{"taxonomy":"product_cat","embeddable":true,"href":"https:\/\/madelinefashion.pl\/en\/wp-json\/wp\/v2\/product_cat?post=83565"},{"taxonomy":"product_tag","embeddable":true,"href":"https:\/\/madelinefashion.pl\/en\/wp-json\/wp\/v2\/product_tag?post=83565"}],"curies":[{"name":"wp","href":"https:\/\/api.w.org\/{rel}","templated":true}]}}