{"id":84041,"date":"2023-04-11T15:42:48","date_gmt":"2023-04-11T13:42:48","guid":{"rendered":"https:\/\/madelinefashion.pl\/?post_type=product&#038;p=84041"},"modified":"2026-03-01T12:58:08","modified_gmt":"2026-03-01T11:58:08","slug":"bon-podarunkowy-100zl","status":"publish","type":"product","link":"https:\/\/madelinefashion.pl\/en\/product\/bon-podarunkowy-100zl\/","title":{"rendered":"Gift Voucher PLN 100"},"content":{"rendered":"<h3 style=\"text-align: center;\">Gift Voucher PLN 100<\/h3>\n<p style=\"text-align: center;\">Give your loved one the best gift. A shopping voucher at <strong>Madeline Fashion<\/strong>Beautifully printed and elegantly packaged, it is shipped traditionally to the delivery address provided when placing your order, or electronically to your email address. After purchasing your voucher, please contact us by phone at <strong>510-050-269<\/strong> to arrange shipping. The gift card entitles you to purchase products online or in-store. If you select products with a value higher than the voucher value, the purchaser is obligated to cover the difference. A shopping voucher is a perfect gift for holidays, name days, anniversaries, or birthdays.<\/p>","protected":false},"excerpt":{"rendered":"<p>Bon Podarunkowy 100z\u0142 Podaruj najbli\u017cszej osobie, najlepszy prezent. Bon na zakupy w Madeline Fashion. Pi\u0119knie wydrukowany i elegancko zapakowany jest wysy\u0142any w formie tradycyjnej na adres dostawy wpisywany podczas sk\u0142adania zam\u00f3wienia lub elektronicznie na adres mailowy. Po zakupie bonu prosimy o kontakt telefoniczny na numer 510-050-269 w celu ustalenia sposobu wysy\u0142ki. Karta podarunkowa upowa\u017cnia do<\/p>\n<div class=\"klb-readmore post-buttons\"><a class=\"button black outline size-sm\" href=\"https:\/\/madelinefashion.pl\/en\/product\/bon-podarunkowy-100zl\/\">Read More <i class=\"klbth-icon-right-arrow\"><\/i><\/a><\/div>","protected":false},"featured_media":84042,"template":"","meta":[],"product_brand":[],"product_cat":[113],"product_tag":[524],"class_list":{"0":"post-84041","1":"product","2":"type-product","3":"status-publish","4":"has-post-thumbnail","6":"product_cat-dodatki","7":"product_tag-bon-podarunkowy","9":"first","10":"instock","11":"sale","12":"purchasable","13":"product-type-simple"},"_links":{"self":[{"href":"https:\/\/madelinefashion.pl\/en\/wp-json\/wp\/v2\/product\/84041","targetHints":{"allow":["GET"]}}],"collection":[{"href":"https:\/\/madelinefashion.pl\/en\/wp-json\/wp\/v2\/product"}],"about":[{"href":"https:\/\/madelinefashion.pl\/en\/wp-json\/wp\/v2\/types\/product"}],"wp:featuredmedia":[{"embeddable":true,"href":"https:\/\/madelinefashion.pl\/en\/wp-json\/wp\/v2\/media\/84042"}],"wp:attachment":[{"href":"https:\/\/madelinefashion.pl\/en\/wp-json\/wp\/v2\/media?parent=84041"}],"wp:term":[{"taxonomy":"product_brand","embeddable":true,"href":"https:\/\/madelinefashion.pl\/en\/wp-json\/wp\/v2\/product_brand?post=84041"},{"taxonomy":"product_cat","embeddable":true,"href":"https:\/\/madelinefashion.pl\/en\/wp-json\/wp\/v2\/product_cat?post=84041"},{"taxonomy":"product_tag","embeddable":true,"href":"https:\/\/madelinefashion.pl\/en\/wp-json\/wp\/v2\/product_tag?post=84041"}],"curies":[{"name":"wp","href":"https:\/\/api.w.org\/{rel}","templated":true}]}}