{"id":8418,"date":"2021-04-17T00:43:17","date_gmt":"2021-04-16T22:43:17","guid":{"rendered":"https:\/\/madelinefashion.pl\/?post_type=product&#038;p=8418"},"modified":"2026-03-26T12:40:39","modified_gmt":"2026-03-26T11:40:39","slug":"sukienka-koktajlowa-guziki-marina-karmelowa","status":"publish","type":"product","link":"https:\/\/madelinefashion.pl\/en\/product\/sukienka-koktajlowa-guziki-marina-karmelowa\/","title":{"rendered":"Cocktail Dress with buttons Marina Caramel"},"content":{"rendered":"<h3 style=\"text-align: center;\">Cocktail Dress with buttons Marina Caramel<\/h3>\n<p style=\"text-align: center;\"><strong>Coctail dress<\/strong> half-closed with Buttons made of pleasant to the touch material. A sensual and subtle cut will work in the wardrobe of every woman who likes it <strong>stand out from the crowd. Long sleeve dress <\/strong>with decorative frills, it perfectly fits the figure. Dress with long sleeves finished with decorative delicate <strong>frills and welt.<\/strong> <strong>Mini dress<\/strong> <strong>tied at the waist<\/strong> is a very feminine proposition that is perfect both for everyday use and for parties. Perfectly fits the figure. Perfect for school, work, a date or meeting with friends! <strong>Perfect for any time and occasion! Incredibly feminine, elegant dress in a universal size, recommended from XS to XL.<\/strong> Available in several colors. We recommend combining it with our black ones <a href=\"https:\/\/madelinefashion.pl\/en\/product-tag\/ramoneski\/\">Ramones.<\/a>It works well on holidays, dates, casual meetings with friends, as well as at weddings and family circumstances<\/p>\n<h3 style=\"text-align: center;\">Dimensions:<span style=\"font-size: 10pt;\">\u00a0 \u00a0<\/span><\/h3>\n<ul style=\"text-align: center;\">\n<li style=\"text-align: center;\"><span style=\"font-size: 10pt;\">total length at the front: 90 cm<\/span><\/li>\n<li style=\"text-align: center;\"><span style=\"font-size: 10pt;\">\u00a0\u00a0\u00a0\u00a0\u00a0\u00a0\u00a0 width from armpit to armpit: 49-59 cm<\/span><\/li>\n<li style=\"text-align: center;\"><span style=\"font-size: 10pt;\">\u00a0\u00a0\u00a0\u00a0\u00a0\u00a0\u00a0 sleeve length from shoulder: 58 cm<\/span><\/li>\n<li style=\"text-align: center;\"><span style=\"font-size: 10pt;\">sleeve length from armpit: 44 cm<br \/>\n<\/span><\/li>\n<\/ul>\n<p>&nbsp;<\/p>\n<p style=\"text-align: center;\"><span style=\"font-size: 10pt;\">Dimensions may be slightly different from the given +\/- 2cm. All given <strong>dimensions are measured flat. Dimension x2<\/strong><\/span><\/p>\n<p>&nbsp;<\/p>\n<h3 style=\"text-align: center;\">Characteristics:<\/h3>\n<p style=\"text-align: center;\"><span style=\"font-size: 10pt;\">- waist belt<br \/>\n- Long Sleeve;<br \/>\n- flared dress;<br \/>\n- midi length;<br \/>\n- fastened with buttons;<br \/>\n- frills<br \/>\n<\/span><\/p>\n<table width=\"621\">\n<tbody>\n<tr>\n<td width=\"302\">Model name<\/td>\n<td width=\"302\">Marina Buttons Cocktail Dress<\/td>\n<\/tr>\n<tr>\n<td width=\"302\">Color<\/td>\n<td width=\"302\">caramel<\/td>\n<\/tr>\n<tr>\n<td width=\"302\">Fashion<\/td>\n<td width=\"302\">Oversize<\/td>\n<\/tr>\n<tr>\n<td width=\"302\">Material<\/td>\n<td width=\"302\">100 % Polyester<\/td>\n<\/tr>\n<tr>\n<td width=\"302\">Length<\/td>\n<td width=\"302\">Before the Knee<\/td>\n<\/tr>\n<\/tbody>\n<\/table>\n<p style=\"text-align: center;\">\n<p style=\"text-align: center;\">The model has\u00a0<strong>169<\/strong>\u00a0cm tall, wears a size every day\u00a0<strong>S.<\/strong><\/p>\n<p style=\"text-align: center;\">The width at the bust is 92 cm<\/p>\n<p style=\"text-align: center;\">Waist width 62 cm<\/p>\n<p style=\"text-align: center;\">The width at the hips is 94 cm<\/p>","protected":false},"excerpt":{"rendered":"<p>Sukienka Koktajlowa Guziki Marina Karmelowa Sukienka Koktajlowa zapinana do po\u0142owy na Guziki wykonana z przyjemnego w dotyku materia\u0142u. Zmys\u0142owy i subtelny kr\u00f3j sprawdzi si\u0119 w szafie ka\u017cdej kobiety, kt\u00f3ra lubi wyr\u00f3\u017cni\u0107 si\u0119 z t\u0142umu. Sukienka na d\u0142ugi r\u0119kaw z ozdobnymi falbankami idealnie dopasowuje si\u0119 do sylwetki. Sukienka z d\u0142ugim r\u0119kawem zako\u0144czonym ozdobnymi delikatnymi falbankami oraz<\/p>\n<div class=\"klb-readmore post-buttons\"><a class=\"button black outline size-sm\" href=\"https:\/\/madelinefashion.pl\/en\/product\/sukienka-koktajlowa-guziki-marina-karmelowa\/\">Read More <i class=\"klbth-icon-right-arrow\"><\/i><\/a><\/div>","protected":false},"featured_media":52455,"template":"","meta":[],"product_brand":[],"product_cat":[125,380],"product_tag":[],"class_list":{"0":"post-8418","1":"product","2":"type-product","3":"status-publish","4":"has-post-thumbnail","6":"product_cat-sukienki","7":"product_cat-wyprzedaz","9":"first","10":"instock","11":"sale","12":"purchasable","13":"product-type-simple"},"_links":{"self":[{"href":"https:\/\/madelinefashion.pl\/en\/wp-json\/wp\/v2\/product\/8418","targetHints":{"allow":["GET"]}}],"collection":[{"href":"https:\/\/madelinefashion.pl\/en\/wp-json\/wp\/v2\/product"}],"about":[{"href":"https:\/\/madelinefashion.pl\/en\/wp-json\/wp\/v2\/types\/product"}],"wp:featuredmedia":[{"embeddable":true,"href":"https:\/\/madelinefashion.pl\/en\/wp-json\/wp\/v2\/media\/52455"}],"wp:attachment":[{"href":"https:\/\/madelinefashion.pl\/en\/wp-json\/wp\/v2\/media?parent=8418"}],"wp:term":[{"taxonomy":"product_brand","embeddable":true,"href":"https:\/\/madelinefashion.pl\/en\/wp-json\/wp\/v2\/product_brand?post=8418"},{"taxonomy":"product_cat","embeddable":true,"href":"https:\/\/madelinefashion.pl\/en\/wp-json\/wp\/v2\/product_cat?post=8418"},{"taxonomy":"product_tag","embeddable":true,"href":"https:\/\/madelinefashion.pl\/en\/wp-json\/wp\/v2\/product_tag?post=8418"}],"curies":[{"name":"wp","href":"https:\/\/api.w.org\/{rel}","templated":true}]}}