{"id":84929,"date":"2023-04-20T11:58:41","date_gmt":"2023-04-20T09:58:41","guid":{"rendered":"https:\/\/madelinefashion.pl\/?post_type=product&#038;p=84929"},"modified":"2026-01-20T10:33:33","modified_gmt":"2026-01-20T09:33:33","slug":"sukienka-koszulowa-z-paskiem-karsea-czarna","status":"publish","type":"product","link":"https:\/\/madelinefashion.pl\/en\/product\/sukienka-koszulowa-z-paskiem-karsea-czarna\/","title":{"rendered":"Karsea Black Shirt Dress with Belt"},"content":{"rendered":"<h3 style=\"text-align: center;\">Karsea Black Shirt Dress with Belt<\/h3>\n<p style=\"text-align: center;\">A shirt dress is a great choice if you want to create a more elegant styling. The dress comes with a belt on an elastic band with a decorative golden buckle. The dress is fastened with small buttons, with which you can adjust the depth of the neckline. The long sleeve of the dress means that you can also use it on colder days. It has a cuff at the end of the sleeves. The neckline of the dress was finished with a collar. You can successfully use the dress in formal stylizations. Its interesting cut not only masks imperfections, but also perfectly emphasizes calves or bust. The dress has a pleasant, slightly stretchy material. For a business lunch or to work, match it with it <a href=\"https:\/\/madelinefashion.pl\/en\/product-tag\/szpilki\/\">high-heeled shoes<\/a>. For a meeting with friends, put on sneakers or <a href=\"https:\/\/madelinefashion.pl\/en\/product-tag\/botki\/\">booties.<\/a><\/p>\n<h3 style=\"text-align: center;\">\u00a0 \u00a0 \u00a0Dimensions:<\/h3>\n<ul>\n<li style=\"list-style-type: none;\">\n<ul>\n<li style=\"text-align: center;\">total length at the front: 78 cm<br \/>\ntotal length back: 100 cm<\/li>\n<li style=\"text-align: center;\">width from armpit to armpit: 47-50 cm<br \/>\nsleeve length from shoulder: 59 cm<\/li>\n<li style=\"text-align: center;\">sleeve length from armpit: 44 cm<br \/>\nwaist 35-43cm<br \/>\nbelt width: 70-110 cm<\/li>\n<li><\/li>\n<li style=\"text-align: center;\">Dimensions may slightly differ from the given +\/- 2cm. All dimensions given are measured flat.<\/li>\n<\/ul>\n<\/li>\n<\/ul>\n<table style=\"height: 288px;\" width=\"432\">\n<tbody>\n<tr>\n<td>Model Name<\/td>\n<td>\n<p style=\"text-align: left;\">Karsea Belt Shirt Dress<\/p>\n<\/td>\n<\/tr>\n<tr>\n<td>Color<\/td>\n<td>Black<\/td>\n<\/tr>\n<tr>\n<td>Collection<\/td>\n<td>Spring Summer Autumn Winter<\/td>\n<\/tr>\n<tr>\n<td>Size<\/td>\n<td>Universal<\/td>\n<\/tr>\n<tr>\n<td>Fashion<\/td>\n<td>Oversize<\/td>\n<\/tr>\n<tr>\n<td>Fastening<\/td>\n<td>Buttons<\/td>\n<\/tr>\n<tr>\n<td>Composition of the materials<\/td>\n<td>95% Polyester 5% Elastane<\/td>\n<\/tr>\n<\/tbody>\n<\/table>\n<p style=\"text-align: center;\">The model has\u00a0<strong>169<\/strong>\u00a0cm tall, wears a size every day\u00a0<strong>S.<\/strong><\/p>\n<p style=\"text-align: center;\">The width at the bust is 92 cm<\/p>\n<p style=\"text-align: center;\">Waist width 62 cm<\/p>\n<p style=\"text-align: center;\">The width at the hips is 94 cm<\/p>\n<p style=\"text-align: center;\"><strong>\u00a0<\/strong><\/p>","protected":false},"excerpt":{"rendered":"<p>Sukienka Koszulowa z Paskiem Karsea Czarna Koszulowa sukienka to doskona\u0142y wyb\u00f3r je\u015bli chcesz stworzy\u0107 bardziej eleganck\u0105 stylizacj\u0119. Do sukienki zosta\u0142 do\u0142\u0105czony pasek na gumce z ozdobn\u0105, z\u0142ot\u0105 klamr\u0105.\u00a0 Sukienka zapinana jest na drobne guziczki, za pomoc\u0105 kt\u00f3rych mo\u017cesz regulowa\u0107 g\u0142\u0119boko\u015b\u0107 dekoltu. D\u0142ugi r\u0119kaw sukienki sprawia, \u017ce wykorzystasz j\u0105 r\u00f3wnie\u017c w ch\u0142odniejszych dniach. Na zako\u0144czeniu r\u0119kaw\u00f3w<\/p>\n<div class=\"klb-readmore post-buttons\"><a class=\"button black outline size-sm\" href=\"https:\/\/madelinefashion.pl\/en\/product\/sukienka-koszulowa-z-paskiem-karsea-czarna\/\">Read More <i class=\"klbth-icon-right-arrow\"><\/i><\/a><\/div>","protected":false},"featured_media":84910,"template":"","meta":[],"product_brand":[],"product_cat":[92,125],"product_tag":[213,414],"class_list":{"0":"post-84929","1":"product","2":"type-product","3":"status-publish","4":"has-post-thumbnail","6":"product_cat-koszule","7":"product_cat-sukienki","8":"product_tag-sukienka-czarna","9":"product_tag-koszule","11":"first","12":"instock","13":"sale","14":"purchasable","15":"product-type-simple"},"_links":{"self":[{"href":"https:\/\/madelinefashion.pl\/en\/wp-json\/wp\/v2\/product\/84929","targetHints":{"allow":["GET"]}}],"collection":[{"href":"https:\/\/madelinefashion.pl\/en\/wp-json\/wp\/v2\/product"}],"about":[{"href":"https:\/\/madelinefashion.pl\/en\/wp-json\/wp\/v2\/types\/product"}],"wp:featuredmedia":[{"embeddable":true,"href":"https:\/\/madelinefashion.pl\/en\/wp-json\/wp\/v2\/media\/84910"}],"wp:attachment":[{"href":"https:\/\/madelinefashion.pl\/en\/wp-json\/wp\/v2\/media?parent=84929"}],"wp:term":[{"taxonomy":"product_brand","embeddable":true,"href":"https:\/\/madelinefashion.pl\/en\/wp-json\/wp\/v2\/product_brand?post=84929"},{"taxonomy":"product_cat","embeddable":true,"href":"https:\/\/madelinefashion.pl\/en\/wp-json\/wp\/v2\/product_cat?post=84929"},{"taxonomy":"product_tag","embeddable":true,"href":"https:\/\/madelinefashion.pl\/en\/wp-json\/wp\/v2\/product_tag?post=84929"}],"curies":[{"name":"wp","href":"https:\/\/api.w.org\/{rel}","templated":true}]}}