{"id":85549,"date":"2023-04-24T12:19:25","date_gmt":"2023-04-24T10:19:25","guid":{"rendered":"https:\/\/madelinefashion.pl\/?post_type=product&#038;p=85549"},"modified":"2025-09-09T10:16:51","modified_gmt":"2025-09-09T08:16:51","slug":"sukienka-papaja-krotka-fuksja-gladka","status":"publish","type":"product","link":"https:\/\/madelinefashion.pl\/en\/product\/sukienka-papaja-krotka-fuksja-gladka\/","title":{"rendered":"Papaya Dress Short Fuchsia Smooth"},"content":{"rendered":"<h3 style=\"text-align: center;\">Papaya Dress Short Fuchsia Smooth<\/h3>\n<p style=\"text-align: center;\"><span style=\"font-size: 10pt;\">Beautiful short evening dress decorated <strong>beads<\/strong> in the form of sparkling crystals. <strong>One shoulder Papaya dress<\/strong> in pink. Beautifully exposes female shapes. Mini dress with a spectacular tear on the neckline. <strong>The model has an open back. One-frame dress with a beaded look on one shoulder. <\/strong>See our offer <strong><a href=\"https:\/\/madelinefashion.pl\/en\/sukienki-i-kombinezony\/sukienki-okolicznosciowe\/\">evening dresses<\/a>\u00a0and select a model, <\/strong>in which you will be <strong>look like a star and you will stand out from the crowd.\u00a0 <\/strong>One cannot be indifferent to her.<strong> Mini dress above the knee.<\/strong><\/span><span style=\"font-size: 10pt;\"> The dress has cups sewn in at the front, so you do not need to wear a bra.\u00a0 <strong>Short Papaya dress\u00a0 <\/strong>available <\/span><span style=\"font-size: 10pt;\">\u00a0in sizes <strong>34, 36, 38<\/strong> , <strong>40<\/strong> . Available in our e-shop in several color variants, so do not hesitate and choose the one that is perfect for you. If you can&#039;t decide which color, <strong>size<\/strong> is the best for you, <strong>contact us<\/strong> through <a href=\"https:\/\/www.facebook.com\/madelinefashionbutik\" target=\"_blank\" rel=\"noopener\">Facebook<\/a> or <a href=\"https:\/\/madelinefashion.pl\/en\/kontakt\/\">phone<\/a>. In the absence of a size on the site, please <strong>contact. <\/strong>In the information <strong>after purchase, you can provide your measurements Waist and Bust, we will choose the right size for you!\u00a0<\/strong><\/span><\/p>\n<h3 style=\"text-align: center;\">DRESS DIMENSIONS:<\/h3>\n<table class=\"table\" width=\"740\">\n<tbody>\n<tr>\n<td width=\"100\">Size<\/td>\n<td width=\"100\">34<\/td>\n<td width=\"100\">36<\/td>\n<td width=\"100\">38<\/td>\n<td width=\"100\">40<\/td>\n<\/tr>\n<tr>\n<td width=\"100\">Bust<\/td>\n<td width=\"100\">84-86<\/td>\n<td width=\"100\">88-90<\/td>\n<td width=\"100\">92-94<\/td>\n<td width=\"100\">96-98<\/td>\n<\/tr>\n<tr>\n<td width=\"100\">Waist<\/td>\n<td width=\"100\">68<\/td>\n<td width=\"100\">72<\/td>\n<td width=\"100\">76<\/td>\n<td width=\"100\">80<\/td>\n<\/tr>\n<tr>\n<td width=\"100\">Hips<\/td>\n<td width=\"100\">76-90<\/td>\n<td width=\"100\">82-92<\/td>\n<td width=\"100\">88-98<\/td>\n<td width=\"100\">94-108<\/td>\n<\/tr>\n<\/tbody>\n<\/table>\n<p style=\"text-align: center;\">total length approx. 90 cm<\/p>\n<p style=\"text-align: center;\">The dress is also available in other colors - see our other products.<\/p>\n<p style=\"text-align: center;\">Dimensions may slightly differ from the given +\/- 2cm.<\/p>\n<p style=\"text-align: center;\"><strong>\u00a0<\/strong><\/p>\n<p>&nbsp;<\/p>\n<table>\n<tbody>\n<tr>\n<td width=\"302\">Model name<\/td>\n<td width=\"302\">Papaya Dress Short Plain<\/td>\n<\/tr>\n<tr>\n<td width=\"302\">Color<\/td>\n<td width=\"302\">Fuchsia<\/td>\n<\/tr>\n<tr>\n<td width=\"302\">Decoration<\/td>\n<td width=\"302\">Beads on the shoulder<\/td>\n<\/tr>\n<tr>\n<td width=\"302\">Sizes<\/td>\n<td width=\"302\">34 36 38 40<\/td>\n<\/tr>\n<tr>\n<td width=\"302\">Fashion<\/td>\n<td width=\"302\">Matched<\/td>\n<\/tr>\n<tr>\n<td width=\"302\">Material<\/td>\n<td width=\"302\">Viscose, Polyester, Cotton<\/td>\n<\/tr>\n<tr>\n<td width=\"302\">Length<\/td>\n<td width=\"302\">Before the Knee<\/td>\n<\/tr>\n<\/tbody>\n<\/table>\n<p>&nbsp;<\/p>\n<p style=\"text-align: center;\">In order to match\u00a0<strong>perfect dresses<\/strong>\u00a0we invite you to contact us by phone or via our facebook.<br \/>\nOur team will help\u00a0<strong>Choose the right one<\/strong>\u00a0.\u00a0<strong>We can make each dress at the request of the buyer\u00a0<\/strong><strong>measure carefully.\u00a0<\/strong><\/p>\n<div class=\"additional-details\">\n<p style=\"text-align: center;\">\n<\/div>","protected":false},"excerpt":{"rendered":"<p>Sukienka Papaja Kr\u00f3tka Fuksja G\u0142adka Pi\u0119kna kr\u00f3tka suknia wieczorowa zdobiona koralikami w postaci mieni\u0105cych si\u0119 kryszta\u0142k\u00f3w. Sukienka Papaja\u00a0na jedno rami\u0119 w kolorze r\u00f3\u017cowym.\u00a0 Pi\u0119knie eksponuje kobiece kszta\u0142ty. Sukienka mini z efektown\u0105 \u0142ezk\u0105 na dekolcie. Model posiada odkryte plecy. Sukienka na jedno ramie bardzo efektowana z koralikami na jednym ramieniu. Zapoznaj si\u0119 z nasz\u0105 ofert\u0105 sukni<\/p>\n<div class=\"klb-readmore post-buttons\"><a class=\"button black outline size-sm\" href=\"https:\/\/madelinefashion.pl\/en\/product\/sukienka-papaja-krotka-fuksja-gladka\/\">Read More <i class=\"klbth-icon-right-arrow\"><\/i><\/a><\/div>","protected":false},"featured_media":85531,"template":"","meta":[],"product_brand":[],"product_cat":[124,395],"product_tag":[262,215],"class_list":{"0":"post-85549","1":"product","2":"type-product","3":"status-publish","4":"has-post-thumbnail","6":"product_cat-sukienki-okolicznosciowe","7":"product_cat-nowosci","8":"product_tag-sukienki-krotkie","9":"product_tag-sukienki-rozowe","11":"first","12":"instock","13":"product-type-variable"},"_links":{"self":[{"href":"https:\/\/madelinefashion.pl\/en\/wp-json\/wp\/v2\/product\/85549","targetHints":{"allow":["GET"]}}],"collection":[{"href":"https:\/\/madelinefashion.pl\/en\/wp-json\/wp\/v2\/product"}],"about":[{"href":"https:\/\/madelinefashion.pl\/en\/wp-json\/wp\/v2\/types\/product"}],"wp:featuredmedia":[{"embeddable":true,"href":"https:\/\/madelinefashion.pl\/en\/wp-json\/wp\/v2\/media\/85531"}],"wp:attachment":[{"href":"https:\/\/madelinefashion.pl\/en\/wp-json\/wp\/v2\/media?parent=85549"}],"wp:term":[{"taxonomy":"product_brand","embeddable":true,"href":"https:\/\/madelinefashion.pl\/en\/wp-json\/wp\/v2\/product_brand?post=85549"},{"taxonomy":"product_cat","embeddable":true,"href":"https:\/\/madelinefashion.pl\/en\/wp-json\/wp\/v2\/product_cat?post=85549"},{"taxonomy":"product_tag","embeddable":true,"href":"https:\/\/madelinefashion.pl\/en\/wp-json\/wp\/v2\/product_tag?post=85549"}],"curies":[{"name":"wp","href":"https:\/\/api.w.org\/{rel}","templated":true}]}}