{"id":85561,"date":"2023-04-24T12:24:57","date_gmt":"2023-04-24T10:24:57","guid":{"rendered":"https:\/\/madelinefashion.pl\/?post_type=product&#038;p=85561"},"modified":"2026-03-26T12:39:34","modified_gmt":"2026-03-26T11:39:34","slug":"sukienka-cameleon-biala-krotka-gladka","status":"publish","type":"product","link":"https:\/\/madelinefashion.pl\/en\/product\/sukienka-cameleon-biala-krotka-gladka\/","title":{"rendered":"Cameleon Dress White Short Smooth"},"content":{"rendered":"<h3 style=\"text-align: center;\">Cameleon Dress White Short Smooth<\/h3>\n<p style=\"text-align: center;\"><span style=\"font-size: 10pt;\">Beautiful short evening dress decorated with beads on the back in the form of shimmering crystals. Beautifully exposes female shapes. Short dress with a neckline <strong>it has a delicate neckline on the back and embellishments on the shoulders, which are covered with sparkling beads. A delicate side slit adds all the sex appeal. <\/strong>See our offer <strong><a href=\"https:\/\/madelinefashion.pl\/en\/sukienki-i-kombinezony\/sukienki-okolicznosciowe\/\">evening dresses<\/a>\u00a0and select a model, <\/strong>in which you will be <strong>look like a star and you will stand out from the crowd.\u00a0 <\/strong>One cannot be indifferent to her.<strong> Mini dress.<\/strong><\/span><span style=\"font-size: 10pt;\"> The dress has cups sewn in at the front, so you do not need to wear a bra. <strong>Cameleon dress <\/strong>\u00a0available <\/span><span style=\"font-size: 10pt;\">\u00a0in sizes <strong>34, 36, 38<\/strong> , <strong>40<\/strong>\u00a0. Available in our e-shop in several color variants, so do not hesitate and choose the one that is perfect for you. If you can&#039;t decide which color, <strong>size<\/strong> is the best for you, <strong>contact us<\/strong> through <a href=\"https:\/\/www.facebook.com\/madelinefashionbutik\" target=\"_blank\" rel=\"noopener\">Facebook<\/a> or <a href=\"https:\/\/madelinefashion.pl\/en\/kontakt\/\">phone<\/a>. If the size is not available on the website, please contact us.\u00a0<\/span><\/p>\n<h3 style=\"text-align: center;\">DRESS DIMENSIONS:<\/h3>\n<p>&nbsp;<\/p>\n<table class=\"table\" width=\"740\">\n<tbody>\n<tr>\n<td width=\"100\">Size<\/td>\n<td width=\"100\">34<\/td>\n<td width=\"100\">36<\/td>\n<td width=\"100\">38<\/td>\n<td width=\"100\">40<\/td>\n<\/tr>\n<tr>\n<td width=\"100\">Bust<\/td>\n<td width=\"100\">84-86<\/td>\n<td width=\"100\">88-90<\/td>\n<td width=\"100\">92-94<\/td>\n<td width=\"100\">96-98<\/td>\n<\/tr>\n<tr>\n<td width=\"100\">Waist<\/td>\n<td width=\"100\">68<\/td>\n<td width=\"100\">72<\/td>\n<td width=\"100\">76<\/td>\n<td width=\"100\">80<\/td>\n<\/tr>\n<tr>\n<td width=\"100\">Hips<\/td>\n<td width=\"100\">76-90<\/td>\n<td width=\"100\">82-92<\/td>\n<td width=\"100\">88-98<\/td>\n<td width=\"100\">94-108<\/td>\n<\/tr>\n<\/tbody>\n<\/table>\n<p style=\"text-align: center;\"><strong>total length approx. 92 cm<\/strong><\/p>\n<p style=\"text-align: center;\">The dress is also available in other colors - see our other products.<\/p>\n<p style=\"text-align: center;\">Dimensions may slightly differ from the given +\/- 2cm.<\/p>\n<p style=\"text-align: center;\"><strong>\u00a0<\/strong><\/p>\n<p>&nbsp;<\/p>\n<table>\n<tbody>\n<tr>\n<td width=\"302\">Model name<\/td>\n<td width=\"302\">Cameleon Dress Short Smooth<\/td>\n<\/tr>\n<tr>\n<td width=\"302\">Color<\/td>\n<td width=\"302\"><span style=\"font-size: 10pt;\">White<\/span><\/td>\n<\/tr>\n<tr>\n<td width=\"302\">decoration<\/td>\n<td width=\"302\">Beads on the back<\/td>\n<\/tr>\n<tr>\n<td width=\"302\">Sizes<\/td>\n<td width=\"302\">34 36 38 40<\/td>\n<\/tr>\n<tr>\n<td width=\"302\">Fashion<\/td>\n<td width=\"302\">Matched<\/td>\n<\/tr>\n<tr>\n<td width=\"302\">Material<\/td>\n<td width=\"302\">Viscose, Polyester, Cotton<\/td>\n<\/tr>\n<tr>\n<td width=\"302\">Length<\/td>\n<td width=\"302\">Before the Knee<\/td>\n<\/tr>\n<\/tbody>\n<\/table>\n<p style=\"text-align: center;\">In order to match\u00a0<strong>perfect dresses<\/strong>\u00a0we invite you to contact us by phone or via our facebook.<br \/>\nOur team will help\u00a0<strong>Choose the right one<\/strong>\u00a0.\u00a0<strong>We can make each dress at the request of the buyer\u00a0<\/strong><strong>measure carefully.\u00a0<\/strong><\/p>\n<div class=\"additional-details\">\n<p style=\"text-align: center;\">\n<\/div>","protected":false},"excerpt":{"rendered":"<p>Sukienka Cameleon Bia\u0142a Kr\u00f3tka G\u0142adka Pi\u0119kna Kr\u00f3tka suknia wieczorowa zdobiona koralikami na plecach w postaci mieni\u0105cych si\u0119 kryszta\u0142k\u00f3w. Pi\u0119knie eksponuje kobiece kszta\u0142ty. Kr\u00f3tka suknia z dekoltem posiada delikatny dekolt na plecach oraz zdobienia na ramionach, kt\u00f3re pokryte s\u0105 mieni\u0105cymi si\u0119 koralikami. A delikatne rozci\u0119cie na boku dodaje ca\u0142o\u015bci sexapilu. Zapoznaj si\u0119 z nasz\u0105 ofert\u0105 sukni<\/p>\n<div class=\"klb-readmore post-buttons\"><a class=\"button black outline size-sm\" href=\"https:\/\/madelinefashion.pl\/en\/product\/sukienka-cameleon-biala-krotka-gladka\/\">Read More <i class=\"klbth-icon-right-arrow\"><\/i><\/a><\/div>","protected":false},"featured_media":85523,"template":"","meta":[],"product_brand":[],"product_cat":[124,395,559],"product_tag":[504,219,262],"class_list":{"0":"post-85561","1":"product","2":"type-product","3":"status-publish","4":"has-post-thumbnail","6":"product_cat-sukienki-okolicznosciowe","7":"product_cat-nowosci","8":"product_cat-noworoczna-sekcja-okazji","9":"product_tag-party-time","10":"product_tag-sukienka-biala","11":"product_tag-sukienki-krotkie","13":"first","14":"instock","15":"sale","16":"purchasable","17":"product-type-variable"},"_links":{"self":[{"href":"https:\/\/madelinefashion.pl\/en\/wp-json\/wp\/v2\/product\/85561","targetHints":{"allow":["GET"]}}],"collection":[{"href":"https:\/\/madelinefashion.pl\/en\/wp-json\/wp\/v2\/product"}],"about":[{"href":"https:\/\/madelinefashion.pl\/en\/wp-json\/wp\/v2\/types\/product"}],"wp:featuredmedia":[{"embeddable":true,"href":"https:\/\/madelinefashion.pl\/en\/wp-json\/wp\/v2\/media\/85523"}],"wp:attachment":[{"href":"https:\/\/madelinefashion.pl\/en\/wp-json\/wp\/v2\/media?parent=85561"}],"wp:term":[{"taxonomy":"product_brand","embeddable":true,"href":"https:\/\/madelinefashion.pl\/en\/wp-json\/wp\/v2\/product_brand?post=85561"},{"taxonomy":"product_cat","embeddable":true,"href":"https:\/\/madelinefashion.pl\/en\/wp-json\/wp\/v2\/product_cat?post=85561"},{"taxonomy":"product_tag","embeddable":true,"href":"https:\/\/madelinefashion.pl\/en\/wp-json\/wp\/v2\/product_tag?post=85561"}],"curies":[{"name":"wp","href":"https:\/\/api.w.org\/{rel}","templated":true}]}}