{"id":85575,"date":"2023-04-24T12:35:35","date_gmt":"2023-04-24T10:35:35","guid":{"rendered":"https:\/\/madelinefashion.pl\/?post_type=product&#038;p=85575"},"modified":"2026-03-11T12:16:13","modified_gmt":"2026-03-11T11:16:13","slug":"bluzka-dopasowana-z-bufkami-na-rekawach-mietowa","status":"publish","type":"product","link":"https:\/\/madelinefashion.pl\/en\/product\/bluzka-dopasowana-z-bufkami-na-rekawach-mietowa\/","title":{"rendered":"Matching Blouse with Puff Sleeves Mint"},"content":{"rendered":"<h3 style=\"text-align: center;\">Matching Blouse with Puff Sleeves Mint<\/h3>\n<p style=\"text-align: center;\">Bet on an outfit with a claw! Made of light material, they will be perfect for most styles. Flexible fabric will shape the silhouette. The blouse is made of light and pleasant to the touch fabric. Selected for many styles. <strong>A model you will fall in love with<\/strong>. You can wear it with shorts, jeans, a skirt and even leather pants. Blouse with puffs fit perfectly to the figure. European product, very good quality. Perfect for school, work, a date or a meeting with friends! <strong>Perfect for any time and occasion!\u00a0<\/strong><\/p>\n<h3 style=\"text-align: center;\">Dimensions<\/h3>\n<p style=\"text-align: center;\"><strong>S \/ M<\/strong><br \/>\ntotal length 53 cm<\/p>\n<p style=\"text-align: center;\">width from armpit to armpit: 41-50 cm<br \/>\nsleeve length from the outside 66 cm<br \/>\nsleeve length from the inside 46 cm<\/p>\n<p style=\"text-align: center;\"><strong>M \/ L<\/strong><br \/>\ntotal length 55 cm<\/p>\n<p style=\"text-align: center;\">width from armpit to armpit: 43-52 cm<br \/>\nsleeve length from the outside 69 cm<br \/>\nsleeve length from the inside 48 cm<\/p>\n<p style=\"text-align: center;\">Dimensions may slightly differ from the given +\/- 2cm. All dimensions given are measured flat. <strong>X2 dimension<\/strong><\/p>\n<p style=\"text-align: center;\"><strong>\u00a0<\/strong><\/p>\n<table width=\"623\">\n<tbody>\n<tr>\n<td width=\"302\">Model name<\/td>\n<td width=\"302\">Fitted Blouse with Puff Sleeves<\/td>\n<\/tr>\n<tr>\n<td width=\"302\">Color<\/td>\n<td width=\"302\">Mint<\/td>\n<\/tr>\n<tr>\n<td width=\"302\">Collection<\/td>\n<td width=\"302\">Spring Summer Autumn Winter<\/td>\n<\/tr>\n<tr>\n<td width=\"302\">Sizes<\/td>\n<td width=\"302\">S\/M , M\/L<\/td>\n<\/tr>\n<tr>\n<td width=\"302\">Fashion<\/td>\n<td width=\"302\">Matched<\/td>\n<\/tr>\n<tr>\n<td width=\"302\">Cleavage<\/td>\n<td width=\"302\">Round, around the neck<\/td>\n<\/tr>\n<tr>\n<td width=\"302\">Bust stiffening cups<\/td>\n<td width=\"302\">Not<\/td>\n<\/tr>\n<tr>\n<td width=\"302\">Material<\/td>\n<td width=\"302\">100% Polyester<\/td>\n<\/tr>\n<\/tbody>\n<\/table>\n<p style=\"text-align: center;\">The model has\u00a0<strong>169<\/strong>\u00a0cm tall, wears a size every day\u00a0<strong>S.<\/strong><\/p>\n<p style=\"text-align: center;\">Bust width 91 cm<\/p>\n<p style=\"text-align: center;\">Waist width 71 cm<\/p>\n<p style=\"text-align: center;\">Hip width 96 cm<\/p>","protected":false},"excerpt":{"rendered":"<p>Bluzka Dopasowana z Bufkami na R\u0119kawach Mi\u0119towa Postaw na outfit z pazurem! Wykonana z lekkiego, materia\u0142u sprawdz\u0105 si\u0119 idealnie w wi\u0119kszo\u015bci stylizacji. Elastyczna tkanina wymodeluje sylwetk\u0119. Bluzka wykonana z lekkiej i przyjemnej w dotyku tkaniny. Wybierane do wielu stylizacji. Model w kt\u00f3rym si\u0119 zakochasz. Mo\u017cesz j\u0105 nosi\u0107 do szort\u00f3w, d\u017cins\u00f3w, sp\u00f3dnicy, a nawet spodni ze<\/p>\n<div class=\"klb-readmore post-buttons\"><a class=\"button black outline size-sm\" href=\"https:\/\/madelinefashion.pl\/en\/product\/bluzka-dopasowana-z-bufkami-na-rekawach-mietowa\/\">Read More <i class=\"klbth-icon-right-arrow\"><\/i><\/a><\/div>","protected":false},"featured_media":597156,"template":"","meta":[],"product_brand":[],"product_cat":[77,395],"product_tag":[477],"class_list":{"0":"post-85575","1":"product","2":"type-product","3":"status-publish","4":"has-post-thumbnail","6":"product_cat-bluzki","7":"product_cat-nowosci","8":"product_tag-bluzki-z-dlugim-rekawem","9":"pa_rozmiar-s-m","10":"pa_rozmiar-m-l","12":"first","13":"instock","14":"sale","15":"purchasable","16":"product-type-variable"},"_links":{"self":[{"href":"https:\/\/madelinefashion.pl\/en\/wp-json\/wp\/v2\/product\/85575","targetHints":{"allow":["GET"]}}],"collection":[{"href":"https:\/\/madelinefashion.pl\/en\/wp-json\/wp\/v2\/product"}],"about":[{"href":"https:\/\/madelinefashion.pl\/en\/wp-json\/wp\/v2\/types\/product"}],"wp:featuredmedia":[{"embeddable":true,"href":"https:\/\/madelinefashion.pl\/en\/wp-json\/wp\/v2\/media\/597156"}],"wp:attachment":[{"href":"https:\/\/madelinefashion.pl\/en\/wp-json\/wp\/v2\/media?parent=85575"}],"wp:term":[{"taxonomy":"product_brand","embeddable":true,"href":"https:\/\/madelinefashion.pl\/en\/wp-json\/wp\/v2\/product_brand?post=85575"},{"taxonomy":"product_cat","embeddable":true,"href":"https:\/\/madelinefashion.pl\/en\/wp-json\/wp\/v2\/product_cat?post=85575"},{"taxonomy":"product_tag","embeddable":true,"href":"https:\/\/madelinefashion.pl\/en\/wp-json\/wp\/v2\/product_tag?post=85575"}],"curies":[{"name":"wp","href":"https:\/\/api.w.org\/{rel}","templated":true}]}}