{"id":85625,"date":"2023-04-24T15:35:33","date_gmt":"2023-04-24T13:35:33","guid":{"rendered":"https:\/\/madelinefashion.pl\/?post_type=product&#038;p=85625"},"modified":"2026-03-26T12:39:34","modified_gmt":"2026-03-26T11:39:34","slug":"sukienka-dluga-dopasowana-na-jedno-ramie-aliss-pudrowy-roz","status":"publish","type":"product","link":"https:\/\/madelinefashion.pl\/en\/product\/sukienka-dluga-dopasowana-na-jedno-ramie-aliss-pudrowy-roz\/","title":{"rendered":"Long Dress Fitted On One Shoulder Aliss Powder Pink"},"content":{"rendered":"<h3 style=\"text-align: center;\">Long Dress Fitted On One Shoulder Aliss Powder Pink<\/h3>\n<p style=\"text-align: center;\"><span style=\"font-size: 10pt;\">Beautiful long evening dress decorated<strong>\u00a0beads<\/strong> in the form of sparkling crystals. <strong>Aliss one shoulder dress<\/strong> in pink color beautifully exposes feminine shapes. <strong>The model has an open back and a slit on the legs. Dress on one shoulder very effective with beads on one shoulder. <\/strong>See our offer <strong><a href=\"https:\/\/madelinefashion.pl\/en\/sukienki-i-kombinezony\/sukienki-okolicznosciowe\/\">evening dresses<\/a>\u00a0and select a model, <\/strong>in which you will be <strong>look like a star and you will stand out from the crowd. <\/strong>One cannot be indifferent to her.<strong> Floor-length dress.<\/strong><\/span><span style=\"font-size: 10pt;\"> The dress has cups sewn in at the front, so you do not need to wear a bra. <strong>Alice dress <\/strong>available <\/span><span style=\"font-size: 10pt;\">\u00a0in sizes <strong>34, 36, 38<\/strong> , <strong>40<\/strong>\u00a0 \u00a0Available in our e-shop in several color variants, so do not hesitate and choose the one that is perfect for you. If you can&#039;t decide which color, <strong>size<\/strong> is the best for you, <strong>contact us<\/strong> through <a href=\"https:\/\/www.facebook.com\/madelinefashionbutik\" target=\"_blank\" rel=\"noopener\">Facebook<\/a> or <a href=\"https:\/\/madelinefashion.pl\/en\/kontakt\/\">phone<\/a>. In the absence of a size on the site, please <strong>contact. <\/strong>In the information <strong>after purchase, you can provide your measurements Waist and Bust, we will choose the right size for you!\u00a0<\/strong><\/span><\/p>\n<h3 style=\"text-align: center;\">DRESS DIMENSIONS:<\/h3>\n<p style=\"text-align: center;\"><img fetchpriority=\"high\" decoding=\"async\" class=\"alignnone size-medium wp-image-16801\" src=\"https:\/\/madelinefashion.pl\/wp-content\/uploads\/2021\/08\/wymiary-suknia-300x194.png\" alt=\"\" width=\"300\" height=\"194\" title=\"\"><\/p>\n<table width=\"749\">\n<tbody>\n<tr>\n<td>SIZE<\/td>\n<td>34<\/td>\n<td>36<\/td>\n<td>38<\/td>\n<td>40<\/td>\n<\/tr>\n<tr>\n<td>Bust<\/td>\n<td>84-86<\/td>\n<td>88-90<\/td>\n<td>92-94<\/td>\n<td>96-98<\/td>\n<\/tr>\n<tr>\n<td>Waist<\/td>\n<td>64<\/td>\n<td>68<\/td>\n<td>72<\/td>\n<td>76<\/td>\n<\/tr>\n<tr>\n<td>Hips<\/td>\n<td>\u00a0any<\/td>\n<td>\u00a0any<\/td>\n<td>\u00a0any<\/td>\n<td>any<\/td>\n<\/tr>\n<\/tbody>\n<\/table>\n<p style=\"text-align: center;\">\u00a0 total length approx. 157 cm<\/p>\n<p style=\"text-align: center;\">The dress is also available in other colors - see our other products.<\/p>\n<p style=\"text-align: center;\">Dimensions may slightly differ from the given +\/- 2cm.<\/p>\n<p style=\"text-align: center;\"><strong>\u00a0<\/strong><\/p>\n<p>&nbsp;<\/p>\n<table>\n<tbody>\n<tr>\n<td width=\"302\">Model name<\/td>\n<td width=\"302\">Long Dress Fitted On One Shoulder Aliss<\/td>\n<\/tr>\n<tr>\n<td width=\"302\">Color<\/td>\n<td width=\"302\"><span style=\"font-size: 13.3333px;\">Powder Pink<\/span><\/td>\n<\/tr>\n<tr>\n<td width=\"302\">Ornaments<\/td>\n<td width=\"302\">Beads on the shoulder<\/td>\n<\/tr>\n<tr>\n<td width=\"302\">Sizes<\/td>\n<td width=\"302\">34 36 38 40<\/td>\n<\/tr>\n<tr>\n<td width=\"302\">Fashion<\/td>\n<td width=\"302\">Matched<\/td>\n<\/tr>\n<tr>\n<td width=\"302\">Material<\/td>\n<td width=\"302\">Viscose, Polyester, Cotton<\/td>\n<\/tr>\n<tr>\n<td width=\"302\">Length<\/td>\n<td width=\"302\">Maxi<\/td>\n<\/tr>\n<\/tbody>\n<\/table>\n<p>&nbsp;<\/p>\n<p style=\"text-align: center;\">In order to match\u00a0<strong>perfect dresses<\/strong>\u00a0we invite you to contact us by phone or via our facebook.<br \/>\nOur team will help\u00a0<strong>Choose the right one<\/strong>\u00a0.\u00a0<strong>We can make each dress at the request of the buyer\u00a0<\/strong><strong>measure carefully.\u00a0<\/strong><\/p>\n<div class=\"additional-details\">\n<p style=\"text-align: center;\">\n<\/div>","protected":false},"excerpt":{"rendered":"<p>Sukienka D\u0142uga Dopasowana Na Jedno Ramie Aliss Pudrowy R\u00f3\u017c Pi\u0119kna d\u0142uga suknia wieczorowa zdobiona\u00a0koralikami w postaci mieni\u0105cych si\u0119 kryszta\u0142k\u00f3w. Sukienka Aliss na jedno rami\u0119 w kolorze r\u00f3\u017cowym pi\u0119knie eksponuje kobiece kszta\u0142ty. Model posiada odkryte plecy oraz rozci\u0119cie na nogach. Sukienka na jedno ramie bardzo efektowana z koralikami na jednym ramieniu. Zapoznaj si\u0119 z nasz\u0105 ofert\u0105<\/p>\n<div class=\"klb-readmore post-buttons\"><a class=\"button black outline size-sm\" href=\"https:\/\/madelinefashion.pl\/en\/product\/sukienka-dluga-dopasowana-na-jedno-ramie-aliss-pudrowy-roz\/\">Read More <i class=\"klbth-icon-right-arrow\"><\/i><\/a><\/div>","protected":false},"featured_media":85598,"template":"","meta":[],"product_brand":[],"product_cat":[124,559,380],"product_tag":[504,163,215],"class_list":{"0":"post-85625","1":"product","2":"type-product","3":"status-publish","4":"has-post-thumbnail","6":"product_cat-sukienki-okolicznosciowe","7":"product_cat-noworoczna-sekcja-okazji","8":"product_cat-wyprzedaz","9":"product_tag-party-time","10":"product_tag-sukienki-dlugie","11":"product_tag-sukienki-rozowe","13":"first","14":"instock","15":"sale","16":"purchasable","17":"product-type-variable"},"_links":{"self":[{"href":"https:\/\/madelinefashion.pl\/en\/wp-json\/wp\/v2\/product\/85625","targetHints":{"allow":["GET"]}}],"collection":[{"href":"https:\/\/madelinefashion.pl\/en\/wp-json\/wp\/v2\/product"}],"about":[{"href":"https:\/\/madelinefashion.pl\/en\/wp-json\/wp\/v2\/types\/product"}],"wp:featuredmedia":[{"embeddable":true,"href":"https:\/\/madelinefashion.pl\/en\/wp-json\/wp\/v2\/media\/85598"}],"wp:attachment":[{"href":"https:\/\/madelinefashion.pl\/en\/wp-json\/wp\/v2\/media?parent=85625"}],"wp:term":[{"taxonomy":"product_brand","embeddable":true,"href":"https:\/\/madelinefashion.pl\/en\/wp-json\/wp\/v2\/product_brand?post=85625"},{"taxonomy":"product_cat","embeddable":true,"href":"https:\/\/madelinefashion.pl\/en\/wp-json\/wp\/v2\/product_cat?post=85625"},{"taxonomy":"product_tag","embeddable":true,"href":"https:\/\/madelinefashion.pl\/en\/wp-json\/wp\/v2\/product_tag?post=85625"}],"curies":[{"name":"wp","href":"https:\/\/api.w.org\/{rel}","templated":true}]}}