{"id":8574,"date":"2021-04-17T22:02:50","date_gmt":"2021-04-17T20:02:50","guid":{"rendered":"https:\/\/madelinefashion.pl\/?post_type=product&#038;p=8574"},"modified":"2026-04-15T12:08:48","modified_gmt":"2026-04-15T10:08:48","slug":"sukienka-w-kwiatki-pati-blekitna","status":"publish","type":"product","link":"https:\/\/madelinefashion.pl\/en\/product\/sukienka-w-kwiatki-pati-blekitna\/","title":{"rendered":"Dress in flowers Pati Azure"},"content":{"rendered":"<h3 style=\"text-align: center;\">Dress in flowers Pati Azure<\/h3>\n<p style=\"text-align: center;\"><span lang=\"pl-pl\" xml:lang=\"pl-pl\"><strong>Phenomenal dress with tiny flowers<\/strong> a perfect proposition for spring and summer days, a wonderful combination of flowers and beautiful colors will emphasize your tan. The V-neck dress will gently emphasize the bust.\u00a0 <strong>Women&#039;s dress<\/strong> with a floral print, fastened with buttons with a delicate slit at the bottom of the dress. The high quality of the manufacturer will ensure comfort and convenience of wearing. A great everyday proposition recommended for ladies in size<b> XS SML Available in our store in several color variants.<\/b><\/span><\/p>\n<h3 style=\"text-align: center;\">Characteristics:<\/h3>\n<ul>\n<li style=\"text-align: center;\">- floral theme<\/li>\n<li style=\"text-align: center;\">- buttoned bow<\/li>\n<li style=\"text-align: center;\">- elastic waist at the back of the dress<\/li>\n<li style=\"text-align: center;\">- flared cut<\/li>\n<li style=\"text-align: center;\">- gauzy dress<\/li>\n<li style=\"text-align: center;\">- V neckline<\/li>\n<\/ul>\n<h3 style=\"text-align: center;\">\u00a0Dimensions:<\/h3>\n<ul style=\"text-align: center;\">\n<li><span style=\"font-size: 10pt;\">\u00a0\u00a0\u00a0\u00a0\u00a0\u00a0\u00a0 overall length: 110 cm\u00a0<\/span><\/li>\n<li>total length back: 113 cm<\/li>\n<li><span style=\"font-size: 10pt;\">\u00a0\u00a0\u00a0\u00a0\u00a0\u00a0\u00a0 width from armpit to armpit: 40-48 cm<\/span><\/li>\n<li><span style=\"font-size: 10pt;\">\u00a0\u00a0\u00a0\u00a0\u00a0\u00a0\u00a0 waist width: 30-39 cm<\/span><\/li>\n<li><span style=\"font-size: 10pt;\">\u00a0 \u00a0 \u00a0 \u00a0 sleeve length from armpit: 11 cm<br \/>\nsleeve length from shoulder: 26 cm<\/span><\/li>\n<\/ul>\n<p style=\"text-align: center;\"><span style=\"font-size: 10pt;\">Dimensions may slightly differ from the given +\/- 2cm. All dimensions given are measured flat.<\/span><\/p>\n<p style=\"text-align: center;\"><span style=\"font-size: 10pt;\">\u00a0<\/span><\/p>\n<table>\n<tbody>\n<tr>\n<td width=\"302\"><span style=\"font-size: 10pt;\">Model name<\/span><\/td>\n<td width=\"302\">Dress in Pati flowers<\/td>\n<\/tr>\n<tr>\n<td width=\"302\"><span style=\"font-size: 10pt;\">Color<\/span><\/td>\n<td width=\"302\"><span style=\"font-size: 10pt;\">Blue<\/span><\/td>\n<\/tr>\n<tr>\n<td width=\"302\"><span style=\"font-size: 10pt;\">Fashion<\/span><\/td>\n<td width=\"302\"><span style=\"font-size: 10pt;\">Matched<\/span><\/td>\n<\/tr>\n<tr>\n<td width=\"302\"><span style=\"font-size: 10pt;\">Material<\/span><\/td>\n<td width=\"302\"><span style=\"font-size: 10pt;\">100 % Polyester\u00a0\u00a0<\/span><\/td>\n<\/tr>\n<tr>\n<td width=\"302\"><span style=\"font-size: 10pt;\">Length<\/span><\/td>\n<td width=\"302\"><span style=\"font-size: 10pt;\">Over the knee<\/span><\/td>\n<\/tr>\n<\/tbody>\n<\/table>\n<p>&nbsp;<\/p>\n<p style=\"text-align: center;\">The model has\u00a0<strong>169<\/strong>\u00a0cm tall, wears a size every day\u00a0<strong>S.<\/strong><\/p>\n<p style=\"text-align: center;\">The width at the bust is 92 cm<\/p>\n<p style=\"text-align: center;\">Waist width 62 cm<\/p>\n<p style=\"text-align: center;\">The width at the hips is 94 cm<\/p>","protected":false},"excerpt":{"rendered":"<p>Sukienka w Kwiatki Pati B\u0142\u0119kitna Fenomenalna sukienka w drobne kwiatki idealne propozycja na wiosenne i letnie dni, wspania\u0142e po\u0142\u0105czenie kwiat\u00f3w oraz pi\u0119knych kolor\u00f3w podkre\u015bli Twoj\u0105 opalenizn\u0119. Sukienka z dekoltem V delikatnie wyeksponuje biust.\u00a0 Damska sukienka z printem kwiatowym zapinana na guziki z delikatnym rozci\u0119ciem na dole sukienki. Wysoka jako\u015b\u0107 producenta zapewni komfort i wygod\u0119 noszenia.<\/p>\n<div class=\"klb-readmore post-buttons\"><a class=\"button black outline size-sm\" href=\"https:\/\/madelinefashion.pl\/en\/product\/sukienka-w-kwiatki-pati-blekitna\/\">Read More <i class=\"klbth-icon-right-arrow\"><\/i><\/a><\/div>","protected":false},"featured_media":48011,"template":"","meta":[],"product_brand":[],"product_cat":[125,380],"product_tag":[730,396],"class_list":{"0":"post-8574","1":"product","2":"type-product","3":"status-publish","4":"has-post-thumbnail","6":"product_cat-sukienki","7":"product_cat-wyprzedaz","8":"product_tag-sukienki-blekitne","9":"product_tag-sukienki-w-kwiaty","11":"first","12":"instock","13":"sale","14":"purchasable","15":"product-type-simple"},"_links":{"self":[{"href":"https:\/\/madelinefashion.pl\/en\/wp-json\/wp\/v2\/product\/8574","targetHints":{"allow":["GET"]}}],"collection":[{"href":"https:\/\/madelinefashion.pl\/en\/wp-json\/wp\/v2\/product"}],"about":[{"href":"https:\/\/madelinefashion.pl\/en\/wp-json\/wp\/v2\/types\/product"}],"wp:featuredmedia":[{"embeddable":true,"href":"https:\/\/madelinefashion.pl\/en\/wp-json\/wp\/v2\/media\/48011"}],"wp:attachment":[{"href":"https:\/\/madelinefashion.pl\/en\/wp-json\/wp\/v2\/media?parent=8574"}],"wp:term":[{"taxonomy":"product_brand","embeddable":true,"href":"https:\/\/madelinefashion.pl\/en\/wp-json\/wp\/v2\/product_brand?post=8574"},{"taxonomy":"product_cat","embeddable":true,"href":"https:\/\/madelinefashion.pl\/en\/wp-json\/wp\/v2\/product_cat?post=8574"},{"taxonomy":"product_tag","embeddable":true,"href":"https:\/\/madelinefashion.pl\/en\/wp-json\/wp\/v2\/product_tag?post=8574"}],"curies":[{"name":"wp","href":"https:\/\/api.w.org\/{rel}","templated":true}]}}