{"id":85859,"date":"2023-04-25T13:58:44","date_gmt":"2023-04-25T11:58:44","guid":{"rendered":"https:\/\/madelinefashion.pl\/?post_type=product&#038;p=85859"},"modified":"2026-04-05T21:51:14","modified_gmt":"2026-04-05T19:51:14","slug":"sukienka-mini-fioletowa-keronna","status":"publish","type":"product","link":"https:\/\/madelinefashion.pl\/en\/product\/sukienka-mini-fioletowa-keronna\/","title":{"rendered":"Purple Keronna Mini Dress"},"content":{"rendered":"<h3 style=\"text-align: center;\">Purple Keronna Mini Dress<\/h3>\n<p style=\"text-align: center;\"><strong>Keronna Mini Dress<\/strong> is a sensational model of a fitted dress. Made of flexible, pleasant material that is perfect for a party, meeting with friends or a walk. The dress is <strong>fitted<\/strong> thanks to which it emphasizes perfectly feminine shapes. It&#039;s on the sides <strong>crinkled<\/strong>. The dress has a boat neckline. Keronna is unique thanks to the creases on the sides. It has short sleeves. It has built-in shoulder pads. It is an excellent proposition for both sporty styling with sneakers as well as for elegant with high heels<span style=\"font-size: 10pt; text-align: center;\">. size <strong>universal<\/strong>. Recommended for ladies in size <strong>XS SML\u00a0<\/strong><\/span><\/p>\n<h3 style=\"text-align: center;\">Dimensions:<\/h3>\n<p style=\"text-align: center;\">total length: 99 cm<br \/>\nwidth from armpit to armpit: 39-50 cm<br \/>\nwaist: 30 cm - 45 cm<br \/>\nhips 35 cm - 50 cm<\/p>\n<p style=\"text-align: center;\"><span style=\"font-size: 10pt;\">Dimensions may slightly differ from the given +\/- 2cm. All dimensions given are measured flat.<\/span><\/p>\n<p style=\"text-align: center;\"><span style=\"font-size: 10pt;\">\u00a0<\/span><\/p>\n<table width=\"627\">\n<tbody>\n<tr>\n<td width=\"302\">Model name<\/td>\n<td width=\"302\">Keronna Mini Dress<\/td>\n<\/tr>\n<tr>\n<td width=\"302\">Color<\/td>\n<td width=\"302\">Violet<\/td>\n<\/tr>\n<tr>\n<td width=\"302\">Fashion<\/td>\n<td width=\"302\">Matched<\/td>\n<\/tr>\n<tr>\n<td width=\"302\">Material<\/td>\n<td width=\"302\">92% Polyester 8% Elastane<\/td>\n<\/tr>\n<tr>\n<td width=\"302\">Length<\/td>\n<td width=\"302\">Up to mid-thigh<\/td>\n<\/tr>\n<\/tbody>\n<\/table>\n<div class=\"tabs tabs-bb clear mb-80\">\n<div class=\"tab-content\">\n<div id=\"tab-description\" class=\"tab-pane fade in woocommerce-Tabs-panel--description active\">\n<p style=\"text-align: center;\">\u00a0The model has <strong>169<\/strong>\u00a0cm tall, wears a size every day\u00a0<strong>S.<\/strong><\/p>\n<p style=\"text-align: center;\">The width at the bust is 92 cm<\/p>\n<p style=\"text-align: center;\">Waist width 62 cm<\/p>\n<p style=\"text-align: center;\">The width at the hips is 94 cm<\/p>\n<\/div>\n<\/div>\n<\/div>","protected":false},"excerpt":{"rendered":"<p>Sukienka Mini Fioletowa Keronna Sukienka Mini Keronna to rewelacyjny model sukienki dopasowanej . Wykonana z elastycznego, przyjemnego materia\u0142u, kt\u00f3ry idealnie sprawdzi si\u0119 na imprez\u0119, spotkanie ze znajomymi czy spacer. Sukienka jest dopasowana dzi\u0119ki czemu podkre\u015bla idealnie kobiece kszta\u0142ty. Po bokach jest marszczona. Sukienka ma dekolt w \u0142\u00f3dk\u0119. Keronna jest unikatowa dzi\u0119ki marszczeniu po bokach. Posiada<\/p>\n<div class=\"klb-readmore post-buttons\"><a class=\"button black outline size-sm\" href=\"https:\/\/madelinefashion.pl\/en\/product\/sukienka-mini-fioletowa-keronna\/\">Read More <i class=\"klbth-icon-right-arrow\"><\/i><\/a><\/div>","protected":false},"featured_media":85774,"template":"","meta":[],"product_brand":[],"product_cat":[125],"product_tag":[],"class_list":{"0":"post-85859","1":"product","2":"type-product","3":"status-publish","4":"has-post-thumbnail","6":"product_cat-sukienki","8":"first","9":"outofstock","10":"purchasable","11":"product-type-simple"},"_links":{"self":[{"href":"https:\/\/madelinefashion.pl\/en\/wp-json\/wp\/v2\/product\/85859","targetHints":{"allow":["GET"]}}],"collection":[{"href":"https:\/\/madelinefashion.pl\/en\/wp-json\/wp\/v2\/product"}],"about":[{"href":"https:\/\/madelinefashion.pl\/en\/wp-json\/wp\/v2\/types\/product"}],"wp:featuredmedia":[{"embeddable":true,"href":"https:\/\/madelinefashion.pl\/en\/wp-json\/wp\/v2\/media\/85774"}],"wp:attachment":[{"href":"https:\/\/madelinefashion.pl\/en\/wp-json\/wp\/v2\/media?parent=85859"}],"wp:term":[{"taxonomy":"product_brand","embeddable":true,"href":"https:\/\/madelinefashion.pl\/en\/wp-json\/wp\/v2\/product_brand?post=85859"},{"taxonomy":"product_cat","embeddable":true,"href":"https:\/\/madelinefashion.pl\/en\/wp-json\/wp\/v2\/product_cat?post=85859"},{"taxonomy":"product_tag","embeddable":true,"href":"https:\/\/madelinefashion.pl\/en\/wp-json\/wp\/v2\/product_tag?post=85859"}],"curies":[{"name":"wp","href":"https:\/\/api.w.org\/{rel}","templated":true}]}}