{"id":85875,"date":"2023-04-25T14:36:39","date_gmt":"2023-04-25T12:36:39","guid":{"rendered":"https:\/\/madelinefashion.pl\/?post_type=product&#038;p=85875"},"modified":"2026-01-29T11:57:46","modified_gmt":"2026-01-29T10:57:46","slug":"sukienka-asymetryczna-dopasowana-blekitna-maribell","status":"publish","type":"product","link":"https:\/\/madelinefashion.pl\/en\/product\/sukienka-asymetryczna-dopasowana-blekitna-maribell\/","title":{"rendered":"Maribell Blue Fitted Asymmetric Dress"},"content":{"rendered":"<h3 style=\"text-align: center;\">Maribell Blue Fitted Asymmetric Dress<\/h3>\n<p style=\"text-align: center;\"><strong>Maribell Fitted Asymmetric Dress<\/strong> is a sensational model of a fitted dress. Made of flexible, pleasant material that is perfect for a party, meeting with friends or a walk. The dress is <strong>fitted<\/strong> thanks to which it emphasizes perfectly feminine shapes. It has built-in cups, thanks to which you do not need to wear a bra. The dress is asymmetrical. It has a slit on the legs. Short-sleeved dress. The dress is <strong>crinkled<\/strong>. It is an excellent proposition for both sporty styling with sneakers as well as for elegant with high heels<span style=\"font-size: 10pt; text-align: center;\">. size <strong>universal<\/strong>. Recommended for ladies in size <strong>XS SML\u00a0<\/strong><\/span><\/p>\n<p>&nbsp;<\/p>\n<h3 style=\"text-align: center;\">Dimensions:<\/h3>\n<ul style=\"text-align: center;\">\n<li><span style=\"font-size: 10pt;\">\u00a0 \u00a0 \u00a0 \u00a0total length back: 126 cm<br \/>\n<\/span><\/li>\n<li><span style=\"font-size: 10pt;\">\u00a0 \u00a0total length front to cut<\/span>: 67 cm<\/li>\n<li><span style=\"font-size: 10pt;\">\u00a0\u00a0\u00a0\u00a0\u00a0\u00a0\u00a0 width from armpit to armpit: 36-47 cm <\/span><span style=\"font-size: 10pt;\"><span style=\"font-size: 10pt;\">\u00a0 \u00a0 \u00a0 \u00a0<\/span><\/span><\/li>\n<li>waist: 30 cm - 38 cm<\/li>\n<li>hips 37 cm - 43 cm<\/li>\n<\/ul>\n<p style=\"text-align: center;\"><span style=\"font-size: 10pt;\">Dimensions may slightly differ from the given +\/- 2cm. All dimensions given are measured flat.<\/span><\/p>\n<p style=\"text-align: center;\"><span style=\"font-size: 10pt;\">\u00a0<\/span><\/p>\n<table width=\"627\">\n<tbody>\n<tr>\n<td width=\"302\">Model name<\/td>\n<td width=\"302\">Maribell Fitted Asymmetric Dress<\/td>\n<\/tr>\n<tr>\n<td width=\"302\">Color<\/td>\n<td width=\"302\">Blue<\/td>\n<\/tr>\n<tr>\n<td width=\"302\">Fashion<\/td>\n<td width=\"302\">Matched<\/td>\n<\/tr>\n<tr>\n<td width=\"302\">Material<\/td>\n<td width=\"302\">95% Polyester 5% Elastane<\/td>\n<\/tr>\n<tr>\n<td width=\"302\">Length<\/td>\n<td width=\"302\">Asymmetrical<\/td>\n<\/tr>\n<\/tbody>\n<\/table>\n<div class=\"tabs tabs-bb clear mb-80\">\n<div class=\"tab-content\">\n<div id=\"tab-description\" class=\"tab-pane fade in woocommerce-Tabs-panel--description active\">\n<p style=\"text-align: center;\">\u00a0The model has\u00a0<strong>169<\/strong>\u00a0cm tall, wears a size every day\u00a0<strong>S.<\/strong><\/p>\n<p style=\"text-align: center;\">The width at the bust is 92 cm<\/p>\n<p style=\"text-align: center;\">Waist width 62 cm<\/p>\n<p style=\"text-align: center;\">The width at the hips is 94 cm<\/p>\n<\/div>\n<\/div>\n<\/div>","protected":false},"excerpt":{"rendered":"<p>Sukienka Asymetryczna Dopasowana B\u0142\u0119kitna Maribell Sukienka Asymetryczna Dopasowana Maribell to rewelacyjny model sukienki dopasowanej . Wykonana z elastycznego, przyjemnego materia\u0142u, kt\u00f3ry idealnie sprawdzi si\u0119 na imprez\u0119, spotkanie ze znajomymi czy spacer. Sukienka jest dopasowana dzi\u0119ki czemu podkre\u015bla idealnie kobiece kszta\u0142ty.Ma wbudowane miseczki, dzi\u0119ki czemu nie trzeba zak\u0142ada\u0107 biustonosza. Sukienka jest asymetryczna. Posiada rozci\u0119cie na nogach.<\/p>\n<div class=\"klb-readmore post-buttons\"><a class=\"button black outline size-sm\" href=\"https:\/\/madelinefashion.pl\/en\/product\/sukienka-asymetryczna-dopasowana-blekitna-maribell\/\">Read More <i class=\"klbth-icon-right-arrow\"><\/i><\/a><\/div>","protected":false},"featured_media":85789,"template":"","meta":[],"product_brand":[],"product_cat":[125],"product_tag":[730,261],"class_list":{"0":"post-85875","1":"product","2":"type-product","3":"status-publish","4":"has-post-thumbnail","6":"product_cat-sukienki","7":"product_tag-sukienki-blekitne","8":"product_tag-sukienki-niebieskie","10":"first","11":"instock","12":"purchasable","13":"product-type-simple"},"_links":{"self":[{"href":"https:\/\/madelinefashion.pl\/en\/wp-json\/wp\/v2\/product\/85875","targetHints":{"allow":["GET"]}}],"collection":[{"href":"https:\/\/madelinefashion.pl\/en\/wp-json\/wp\/v2\/product"}],"about":[{"href":"https:\/\/madelinefashion.pl\/en\/wp-json\/wp\/v2\/types\/product"}],"wp:featuredmedia":[{"embeddable":true,"href":"https:\/\/madelinefashion.pl\/en\/wp-json\/wp\/v2\/media\/85789"}],"wp:attachment":[{"href":"https:\/\/madelinefashion.pl\/en\/wp-json\/wp\/v2\/media?parent=85875"}],"wp:term":[{"taxonomy":"product_brand","embeddable":true,"href":"https:\/\/madelinefashion.pl\/en\/wp-json\/wp\/v2\/product_brand?post=85875"},{"taxonomy":"product_cat","embeddable":true,"href":"https:\/\/madelinefashion.pl\/en\/wp-json\/wp\/v2\/product_cat?post=85875"},{"taxonomy":"product_tag","embeddable":true,"href":"https:\/\/madelinefashion.pl\/en\/wp-json\/wp\/v2\/product_tag?post=85875"}],"curies":[{"name":"wp","href":"https:\/\/api.w.org\/{rel}","templated":true}]}}