{"id":86341,"date":"2023-04-26T14:50:24","date_gmt":"2023-04-26T12:50:24","guid":{"rendered":"https:\/\/madelinefashion.pl\/?post_type=product&#038;p=86341"},"modified":"2026-01-20T10:33:28","modified_gmt":"2026-01-20T09:33:28","slug":"elegancka-bluzka-z-naszyjnikiem-blekitna-violetta","status":"publish","type":"product","link":"https:\/\/madelinefashion.pl\/en\/product\/elegancka-bluzka-z-naszyjnikiem-blekitna-violetta\/","title":{"rendered":"Elegant Blouse with a Necklace Violetta Blue"},"content":{"rendered":"<h3 style=\"text-align: center;\">Elegant Blouse with a Necklace Violetta Blue<\/h3>\n<p style=\"text-align: center;\"><strong>Elegant Blouse with Violetta Necklace. <\/strong>Bet on an outfit with a claw! Made of light, material will be perfect for most styles. Flexible fabric will shape the figure. Blouse made of light and pleasant to the touch fabric. Selected for many styles. Pendant included. <strong>A model you will fall in love with<\/strong>. You can wear them with shorts, jeans, a skirt and even leather pants. The blouse has a delicate pleat. Very good quality product. Perfect for school, work, a date or a meeting with friends! <strong>Perfect for any time and occasion!\u00a0<\/strong>Size\u00a0<strong>universal recommended<\/strong>\u00a0for ladies in sizes from<strong> XS to XL\u00a0 \u00a0 <\/strong>\u00a0A wide range of colors will allow you to choose a blouse that will emphasize your character!<\/p>\n<h3 style=\"text-align: center;\">Dimensions<\/h3>\n<ul style=\"text-align: center;\">\n<li>total front length: 64 cm<br \/>\ntotal length back: 64 cm<\/li>\n<li>width from armpit to armpit: 44 - 67 cm<\/li>\n<li>bottom width: 47-70 cm<\/li>\n<\/ul>\n<p style=\"text-align: center;\">Dimensions may slightly differ from the given +\/- 2cm. All dimensions given are measured flat. <strong>X2 dimension<\/strong><\/p>\n<p style=\"text-align: center;\"><strong>\u00a0<\/strong><\/p>\n<table width=\"623\">\n<tbody>\n<tr>\n<td width=\"302\">Model name<\/td>\n<td width=\"302\">Elegant Blouse with Violetta Necklace<\/td>\n<\/tr>\n<tr>\n<td width=\"302\">Color<\/td>\n<td width=\"302\">Blue<\/td>\n<\/tr>\n<tr>\n<td width=\"302\">Collection<\/td>\n<td width=\"302\">Spring Summer Autumn Winter<\/td>\n<\/tr>\n<tr>\n<td width=\"302\">Sizes<\/td>\n<td width=\"302\">Universal<\/td>\n<\/tr>\n<tr>\n<td width=\"302\">Fashion<\/td>\n<td width=\"302\">Oversize<\/td>\n<\/tr>\n<tr>\n<td width=\"302\">Cleavage<\/td>\n<td width=\"302\">in a boat<\/td>\n<\/tr>\n<tr>\n<td width=\"302\">Bust stiffening cups<\/td>\n<td width=\"302\">Not<\/td>\n<\/tr>\n<tr>\n<td width=\"302\">Material<\/td>\n<td width=\"302\"><span style=\"text-align: center;\">100% Polyester<\/span><\/td>\n<\/tr>\n<\/tbody>\n<\/table>\n<p style=\"text-align: center;\"><span style=\"text-align: center;\"> The model has <\/span><strong style=\"text-align: center;\">169<\/strong><span style=\"text-align: center;\">\u00a0cm tall, wears a size every day\u00a0<\/span><strong style=\"text-align: center;\">S.<\/strong><\/p>\n<p style=\"text-align: center;\">The width at the bust is 92 cm<\/p>\n<p style=\"text-align: center;\">Waist width 62 cm<\/p>\n<p style=\"text-align: center;\">The width at the hips is 94 cm<\/p>","protected":false},"excerpt":{"rendered":"<p>Elegancka Bluzka z Naszyjnikiem B\u0142\u0119kitna Violetta Elegancka Bluzka z Naszyjnikiem Violetta. Postaw na outfit z pazurem! Wykonana z lekkiego, materia\u0142u sprawdz\u0105 si\u0119 idealnie w wi\u0119kszo\u015bci stylizacji. Elastyczna tkanina wymodeluje sylwetk\u0119. Bluzka wykonane z lekkiej i przyjemnej w dotyku tkaniny. Wybierane do wielu stylizacji. W zestawie wisiorek. Model w kt\u00f3rym si\u0119 zakochasz. Mo\u017cesz je nosi\u0107 do<\/p>\n<div class=\"klb-readmore post-buttons\"><a class=\"button black outline size-sm\" href=\"https:\/\/madelinefashion.pl\/en\/product\/elegancka-bluzka-z-naszyjnikiem-blekitna-violetta\/\">Read More <i class=\"klbth-icon-right-arrow\"><\/i><\/a><\/div>","protected":false},"featured_media":86199,"template":"","meta":[],"product_brand":[],"product_cat":[77],"product_tag":[476],"class_list":{"0":"post-86341","1":"product","2":"type-product","3":"status-publish","4":"has-post-thumbnail","6":"product_cat-bluzki","7":"product_tag-bluzki-na-ramiaczkach","9":"first","10":"instock","11":"sale","12":"purchasable","13":"product-type-simple"},"_links":{"self":[{"href":"https:\/\/madelinefashion.pl\/en\/wp-json\/wp\/v2\/product\/86341","targetHints":{"allow":["GET"]}}],"collection":[{"href":"https:\/\/madelinefashion.pl\/en\/wp-json\/wp\/v2\/product"}],"about":[{"href":"https:\/\/madelinefashion.pl\/en\/wp-json\/wp\/v2\/types\/product"}],"wp:featuredmedia":[{"embeddable":true,"href":"https:\/\/madelinefashion.pl\/en\/wp-json\/wp\/v2\/media\/86199"}],"wp:attachment":[{"href":"https:\/\/madelinefashion.pl\/en\/wp-json\/wp\/v2\/media?parent=86341"}],"wp:term":[{"taxonomy":"product_brand","embeddable":true,"href":"https:\/\/madelinefashion.pl\/en\/wp-json\/wp\/v2\/product_brand?post=86341"},{"taxonomy":"product_cat","embeddable":true,"href":"https:\/\/madelinefashion.pl\/en\/wp-json\/wp\/v2\/product_cat?post=86341"},{"taxonomy":"product_tag","embeddable":true,"href":"https:\/\/madelinefashion.pl\/en\/wp-json\/wp\/v2\/product_tag?post=86341"}],"curies":[{"name":"wp","href":"https:\/\/api.w.org\/{rel}","templated":true}]}}