{"id":86365,"date":"2023-04-26T15:58:42","date_gmt":"2023-04-26T13:58:42","guid":{"rendered":"https:\/\/madelinefashion.pl\/?post_type=product&#038;p=86365"},"modified":"2025-07-30T11:28:43","modified_gmt":"2025-07-30T09:28:43","slug":"kombinezon-wiazany-z-paskiem-szampanski-mosai","status":"publish","type":"product","link":"https:\/\/madelinefashion.pl\/en\/product\/kombinezon-wiazany-z-paskiem-szampanski-mosai\/","title":{"rendered":"Champagne Mosai Belted Jumpsuit"},"content":{"rendered":"<h3 style=\"text-align: center;\">Champagne Mosai Belted Jumpsuit<\/h3>\n<p style=\"text-align: center;\">Beautiful, unusual jumpsuit, suitable for various occasions. The suit is made of elegant stretchy material. The jumpsuit can be tied in several ways. The jumpsuit has a V-neck, it has a bare back. The set includes a wide belt emphasizing the waist, adding elegance. <span style=\"font-size: 10pt;\">Perfect for a party, New Year&#039;s Eve, dinner or going out with friends. The suit has narrow, fitted legs.<\/span><span style=\"font-size: 10pt;\">\u00a0 If you can&#039;t decide which color is best for you, <strong>contact us<\/strong> through <a href=\"https:\/\/www.facebook.com\/madelinefashionbutik\" target=\"_blank\" rel=\"noopener\">Facebook<\/a> or <a href=\"https:\/\/madelinefashion.pl\/en\/kontakt\/\">phone<\/a>. If the size is not on the website, please contact us. Size <strong>universal<\/strong>, recommended from S to L.<\/span><\/p>\n<h3 style=\"text-align: center;\">JUMPSUIT DIMENSIONS:<\/h3>\n<p>&nbsp;<\/p>\n<p style=\"text-align: center;\">\u00a0 total length: 140 cm<br \/>\nwaist width: 30 - 45 cm<\/p>\n<p style=\"text-align: center;\">The dress is also available in other colors - see our other products.<\/p>\n<p style=\"text-align: center;\">Dimensions may slightly differ from the given +\/- 2cm.<\/p>\n<p style=\"text-align: center;\"><strong>\u00a0<\/strong><\/p>\n<p>&nbsp;<\/p>\n<table>\n<tbody>\n<tr>\n<td width=\"302\">Model name<\/td>\n<td width=\"302\">Mosai Belt Tied Jumpsuit<\/td>\n<\/tr>\n<tr>\n<td width=\"302\">Color<\/td>\n<td width=\"302\"><span style=\"font-size: 10pt;\">Champagne<\/span><\/td>\n<\/tr>\n<tr>\n<td width=\"302\">Tie<\/td>\n<td width=\"302\">On neck<\/td>\n<\/tr>\n<tr>\n<td width=\"302\">Size<\/td>\n<td width=\"302\">Universal<\/td>\n<\/tr>\n<tr>\n<td width=\"302\">Fashion<\/td>\n<td width=\"302\">Matched<\/td>\n<\/tr>\n<tr>\n<td width=\"302\">Material<\/td>\n<td width=\"302\">88% Polyester 12% Elastane<\/td>\n<\/tr>\n<tr>\n<td width=\"302\">Length<\/td>\n<td width=\"302\">To the ground<\/td>\n<\/tr>\n<\/tbody>\n<\/table>\n<p>&nbsp;<\/p>\n<p style=\"text-align: center;\">In order to match\u00a0<strong>perfect dresses<\/strong>\u00a0we invite you to contact us by phone or via our facebook.<br \/>\nOur team will help\u00a0<strong>Choose the right one<\/strong>\u00a0.\u00a0<strong>We can make each dress at the request of the buyer\u00a0<\/strong><strong>measure carefully.\u00a0<\/strong><\/p>\n<div class=\"additional-details\">\n<p style=\"text-align: center;\">\n<\/div>","protected":false},"excerpt":{"rendered":"<p>Kombinezon Wi\u0105zany z Paskiem Szampa\u0144ski Mosai Pi\u0119kny, nietuzinkowy kombinezon, odpowiedni na r\u00f3\u017cne okazje. Kombinezon uszyty jest z\u00a0 eleganckiego rozci\u0105gliwego materia\u0142u. Kombinezon mo\u017cna zawi\u0105za\u0107 na kilka sposob\u00f3w. Kombinezon posiada dekolt V, ma go\u0142e plecy. W zestawie szeroki pas podkre\u015blaj\u0105cy tali\u0119, dodaj\u0105cy elegancji. Idealny na imprez\u0119, andrzejki sylwester, kolacj\u0119 lub wyj\u015bcie ze znajomymi. Kombinezon posiada w\u0105skie, dopasowane<\/p>\n<div class=\"klb-readmore post-buttons\"><a class=\"button black outline size-sm\" href=\"https:\/\/madelinefashion.pl\/en\/product\/kombinezon-wiazany-z-paskiem-szampanski-mosai\/\">Read More <i class=\"klbth-icon-right-arrow\"><\/i><\/a><\/div>","protected":false},"featured_media":86269,"template":"","meta":[],"product_brand":[],"product_cat":[80],"product_tag":[297],"class_list":{"0":"post-86365","1":"product","2":"type-product","3":"status-publish","4":"has-post-thumbnail","6":"product_cat-sukienki-i-kombinezony","7":"product_tag-kombinezony","9":"first","10":"instock","11":"purchasable","12":"product-type-simple"},"_links":{"self":[{"href":"https:\/\/madelinefashion.pl\/en\/wp-json\/wp\/v2\/product\/86365","targetHints":{"allow":["GET"]}}],"collection":[{"href":"https:\/\/madelinefashion.pl\/en\/wp-json\/wp\/v2\/product"}],"about":[{"href":"https:\/\/madelinefashion.pl\/en\/wp-json\/wp\/v2\/types\/product"}],"wp:featuredmedia":[{"embeddable":true,"href":"https:\/\/madelinefashion.pl\/en\/wp-json\/wp\/v2\/media\/86269"}],"wp:attachment":[{"href":"https:\/\/madelinefashion.pl\/en\/wp-json\/wp\/v2\/media?parent=86365"}],"wp:term":[{"taxonomy":"product_brand","embeddable":true,"href":"https:\/\/madelinefashion.pl\/en\/wp-json\/wp\/v2\/product_brand?post=86365"},{"taxonomy":"product_cat","embeddable":true,"href":"https:\/\/madelinefashion.pl\/en\/wp-json\/wp\/v2\/product_cat?post=86365"},{"taxonomy":"product_tag","embeddable":true,"href":"https:\/\/madelinefashion.pl\/en\/wp-json\/wp\/v2\/product_tag?post=86365"}],"curies":[{"name":"wp","href":"https:\/\/api.w.org\/{rel}","templated":true}]}}