{"id":86441,"date":"2023-04-26T17:40:29","date_gmt":"2023-04-26T15:40:29","guid":{"rendered":"https:\/\/madelinefashion.pl\/?post_type=product&#038;p=86441"},"modified":"2025-09-09T10:16:48","modified_gmt":"2025-09-09T08:16:48","slug":"sukienka-bandazowa-bezowa-dolores","status":"publish","type":"product","link":"https:\/\/madelinefashion.pl\/en\/product\/sukienka-bandazowa-bezowa-dolores\/","title":{"rendered":"Dolores Beige Bandage Dress"},"content":{"rendered":"<h3 style=\"text-align: center;\">Dolores Beige Bandage Dress<\/h3>\n<p style=\"text-align: center;\"><strong>Dolores<\/strong> is a bandage dress made of high quality material. The biggest advantage of the dress is the stiffening around the bust, thanks to which your bust will fit perfectly. In addition, the decorative zip fastening creates an amazing whole. Beautiful highlighting of the silhouette guaranteed. A fitted pencil dress looks great. It has adjustable straps. And the golden buttons sewn to it add character. Fastening with a concealed zip at the back. Dress <strong>mini<\/strong> in classic black color. The material is flexible and emphasizes the figure. It has a pattern of pockets and golden buttons. The dress will be perfect for everyday styling for work or going out with friends, but it will also serve as an outfit for more serious outings, a date or holidays. It fits perfectly to the figure.<\/p>\n<h3 style=\"text-align: center;\">Dimensions:<\/h3>\n<p style=\"text-align: center;\"><strong><span style=\"font-size: 10pt;\">\u00a0S \/ 36<\/span><\/strong><\/p>\n<ul style=\"text-align: center;\">\n<li><span style=\"font-size: 10pt;\">\u00a0\u00a0\u00a0\u00a0\u00a0 overall length: 92 cm<br \/>\n<\/span><\/li>\n<li>hip width: 40-47 cm<\/li>\n<li><span style=\"font-size: 10pt;\">\u00a0\u00a0\u00a0\u00a0\u00a0\u00a0\u00a0 width from armpit to armpit: 37-42 cm<\/span><\/li>\n<li><span style=\"font-size: 10pt;\">\u00a0\u00a0\u00a0\u00a0\u00a0\u00a0\u00a0 waist width: 30 -37 cm<\/span><\/li>\n<li><span style=\"font-size: 10pt;\">\u00a0 \u00a0 \u00a0 \u00a0\u00a0<\/span><\/li>\n<\/ul>\n<p style=\"text-align: center;\"><span style=\"font-size: 10pt;\">\u00a0<strong>M \/ 38<\/strong><\/span><\/p>\n<ul style=\"text-align: center;\">\n<li><\/li>\n<li><span style=\"font-size: 10pt;\">\u00a0\u00a0\u00a0\u00a0\u00a0 total length: 93 cm<br \/>\n<\/span><\/li>\n<li>hip width: 42- 49 cm<\/li>\n<li><span style=\"font-size: 10pt;\">\u00a0\u00a0\u00a0\u00a0\u00a0\u00a0\u00a0 width from armpit to armpit: 39-47 cm<\/span><\/li>\n<li><span style=\"font-size: 10pt;\">\u00a0\u00a0\u00a0\u00a0\u00a0\u00a0\u00a0 waist width: 31-40 cm<\/span><\/li>\n<\/ul>\n<p style=\"text-align: center;\"><span style=\"font-size: 10pt;\">\u00a0<strong>L \/ 40<\/strong><\/span><\/p>\n<ul style=\"text-align: center;\">\n<li><span style=\"font-size: 10pt;\">\u00a0\u00a0\u00a0\u00a0\u00a0 total length: 93 cm<br \/>\n<\/span><\/li>\n<li>hip width: 43- 51 cm<\/li>\n<li><span style=\"font-size: 10pt;\">\u00a0\u00a0\u00a0\u00a0\u00a0\u00a0\u00a0 width from armpit to armpit: 37-46 cm<\/span><\/li>\n<li><span style=\"font-size: 10pt;\">\u00a0\u00a0\u00a0\u00a0\u00a0\u00a0\u00a0 waist width: 35-43 cm<\/span><\/li>\n<li><\/li>\n<\/ul>\n<p style=\"text-align: center;\">Dimensions may slightly differ from the given +\/- 2cm. All dimensions given are measured flat. X2 dimension<\/p>\n<p>&nbsp;<\/p>\n<table width=\"598\">\n<tbody>\n<tr>\n<td width=\"302\">Model name<\/td>\n<td width=\"302\">Dolores Bandage Dress<\/td>\n<\/tr>\n<tr>\n<td width=\"302\">Color<\/td>\n<td width=\"302\">Beige<\/td>\n<\/tr>\n<tr>\n<td width=\"302\">Collection<\/td>\n<td width=\"302\">Spring Summer Autumn Winter<\/td>\n<\/tr>\n<tr>\n<td width=\"302\">Sizes<\/td>\n<td width=\"302\">Universal<\/td>\n<\/tr>\n<tr>\n<td width=\"302\">Fashion<\/td>\n<td width=\"302\">Matched<\/td>\n<\/tr>\n<tr>\n<td width=\"302\">Cleavage<\/td>\n<td width=\"302\">style V<\/td>\n<\/tr>\n<tr>\n<td width=\"302\">Material<\/td>\n<td width=\"302\">90%Polyester 10% Polyamide<\/td>\n<\/tr>\n<\/tbody>\n<\/table>\n<p>&nbsp;<\/p>\n<p style=\"text-align: center;\">The model has\u00a0<strong>169<\/strong>\u00a0cm tall, wears a size every day\u00a0<strong>S.<\/strong><\/p>\n<p style=\"text-align: center;\">The width at the bust is 92 cm<\/p>\n<p style=\"text-align: center;\">Waist width 62 cm<\/p>\n<p style=\"text-align: center;\">The width at the hips is 94 cm<\/p>","protected":false},"excerpt":{"rendered":"<p>Sukienka Banda\u017cowa Be\u017cowa Dolores Dolores to banda\u017cowa sukienka wykonana z materia\u0142u wysokiej jako\u015bci. Najwi\u0119kszym atutem sukienki jest usztywnianie w okolicach biustu, dzi\u0119ki czemu Tw\u00f3j biust b\u0119dzie si\u0119 idealnie uk\u0142ada\u0142. Dodatkowo zapi\u0119cie na ozdobny zip tworzy niesamowit\u0105 ca\u0142o\u015b\u0107. Pi\u0119kne podkre\u015blenie sylwetki gwarantowane. Sukienka o\u0142\u00f3wkowa dopasowana doskonale\u00a0 si\u0119 prezentuje. Posiada regulowane rami\u0105czka. A doszyte do niej z\u0142ote<\/p>\n<div class=\"klb-readmore post-buttons\"><a class=\"button black outline size-sm\" href=\"https:\/\/madelinefashion.pl\/en\/product\/sukienka-bandazowa-bezowa-dolores\/\">Read More <i class=\"klbth-icon-right-arrow\"><\/i><\/a><\/div>","protected":false},"featured_media":86430,"template":"","meta":[],"product_brand":[],"product_cat":[125],"product_tag":[],"class_list":{"0":"post-86441","1":"product","2":"type-product","3":"status-publish","4":"has-post-thumbnail","6":"product_cat-sukienki","7":"pa_rozmiar-s-36","8":"pa_rozmiar-m-38","9":"pa_rozmiar-l-40","11":"first","12":"instock","13":"product-type-variable"},"_links":{"self":[{"href":"https:\/\/madelinefashion.pl\/en\/wp-json\/wp\/v2\/product\/86441","targetHints":{"allow":["GET"]}}],"collection":[{"href":"https:\/\/madelinefashion.pl\/en\/wp-json\/wp\/v2\/product"}],"about":[{"href":"https:\/\/madelinefashion.pl\/en\/wp-json\/wp\/v2\/types\/product"}],"wp:featuredmedia":[{"embeddable":true,"href":"https:\/\/madelinefashion.pl\/en\/wp-json\/wp\/v2\/media\/86430"}],"wp:attachment":[{"href":"https:\/\/madelinefashion.pl\/en\/wp-json\/wp\/v2\/media?parent=86441"}],"wp:term":[{"taxonomy":"product_brand","embeddable":true,"href":"https:\/\/madelinefashion.pl\/en\/wp-json\/wp\/v2\/product_brand?post=86441"},{"taxonomy":"product_cat","embeddable":true,"href":"https:\/\/madelinefashion.pl\/en\/wp-json\/wp\/v2\/product_cat?post=86441"},{"taxonomy":"product_tag","embeddable":true,"href":"https:\/\/madelinefashion.pl\/en\/wp-json\/wp\/v2\/product_tag?post=86441"}],"curies":[{"name":"wp","href":"https:\/\/api.w.org\/{rel}","templated":true}]}}