{"id":86658,"date":"2023-04-27T11:24:58","date_gmt":"2023-04-27T09:24:58","guid":{"rendered":"https:\/\/madelinefashion.pl\/?post_type=product&#038;p=86658"},"modified":"2026-01-20T10:33:27","modified_gmt":"2026-01-20T09:33:27","slug":"bluzka-z-drobnymi-kwiatkami-czarna","status":"publish","type":"product","link":"https:\/\/madelinefashion.pl\/en\/product\/bluzka-z-drobnymi-kwiatkami-czarna\/","title":{"rendered":"Blouse with Small Flowers Black"},"content":{"rendered":"<h3 style=\"text-align: center;\">Blouse with Small Flowers Black<\/h3>\n<p style=\"text-align: center;\"><span style=\"font-size: 10pt;\"><strong>Blouse with Tiny Flowers<\/strong> with 3\/4 sleeve. The blouse has a floral print. The blouse has a lining. Universal model - perfect for various celebrations with a skirt and jacket, as well as with trousers every day. Universal size. Recommended for women in size<strong> SML XL<\/strong><\/span><\/p>\n<h3 style=\"text-align: center;\">\u00a0 \u00a0 \u00a0Dimensions:<\/h3>\n<p style=\"text-align: center;\"><span style=\"font-size: 10pt;\">\u00a0<\/span><\/p>\n<ul style=\"text-align: center;\">\n<li><span style=\"font-size: 10pt;\">\u00a0\u00a0\u00a0\u00a0\u00a0\u00a0\u00a0 total front length: 64 cm<br \/>\ntotal length back: 70 cm<br \/>\n<\/span><\/li>\n<li><span style=\"font-size: 10pt;\">\u00a0\u00a0\u00a0\u00a0\u00a0\u00a0\u00a0 width from armpit to armpit after maximum stretching: 60 cm<\/span><\/li>\n<li><span style=\"font-size: 10pt;\">\u00a0\u00a0\u00a0\u00a0\u00a0\u00a0\u00a0 sleeve length from shoulder: 40 cm<\/span><\/li>\n<\/ul>\n<p style=\"text-align: center;\"><span style=\"font-size: 10pt;\">Dimensions may slightly differ from the given +\/- 2cm. All dimensions given are measured flat. X2 dimension<\/span><\/p>\n<p style=\"text-align: center;\"><span style=\"font-size: 10pt;\">\u00a0<\/span><\/p>\n<p style=\"text-align: center;\"><span style=\"font-size: 10pt;\">\u00a0<\/span><\/p>\n<table>\n<tbody>\n<tr>\n<td width=\"302\">Model name<\/td>\n<td width=\"302\">Blouse with Tiny Flowers<\/td>\n<\/tr>\n<tr>\n<td width=\"302\">Color<\/td>\n<td width=\"302\">Black<\/td>\n<\/tr>\n<tr>\n<td width=\"302\">Sizes<\/td>\n<td width=\"302\">Universal<\/td>\n<\/tr>\n<tr>\n<td width=\"302\">Fashion<\/td>\n<td width=\"302\">Oversize<\/td>\n<\/tr>\n<tr>\n<td width=\"302\">Material<\/td>\n<td width=\"302\">100% Polyester<\/td>\n<\/tr>\n<\/tbody>\n<\/table>\n<p style=\"text-align: center;\"><span style=\"font-size: 10pt;\">\u00a0<\/span><\/p>\n<p style=\"text-align: center;\">\u00a0The model is 165 cm tall and wears a size every day <strong>S.<br \/>\n<\/strong><\/p>\n<p style=\"text-align: center;\">The width at the bust is 92 cm<\/p>\n<p style=\"text-align: center;\">Waist width 62 cm<\/p>\n<p style=\"text-align: center;\">The width at the hips is 94 cm<\/p>\n<p style=\"text-align: center;\"><strong>\u00a0<\/strong><\/p>\n<p style=\"text-align: center;\"><span style=\"font-size: 10pt;\">\u00a0<\/span><\/p>\n<p style=\"text-align: center;\"><span style=\"font-size: 10pt;\">\u00a0<\/span><\/p>\n<p style=\"text-align: center;\"><span style=\"font-size: 10pt;\">\u00a0<\/span><\/p>","protected":false},"excerpt":{"rendered":"<p>Bluzka z Drobnymi Kwiatkami Czarna Bluzka z Drobnymi Kwiatkami z 3\/4 r\u0119kawkiem. Bluzka ma print w kwiatki. Bluzka posiada podszewk\u0119. Uniwersalny model- idealny na r\u00f3\u017cne uroczysto\u015bci do sp\u00f3dnicy i pod \u017cakiet, a tak\u017ce do spodni na co dzie\u0144. Rozmiar uniwersalny. Zalecana dla Pa\u0144 w rozmiarze S M L XL \u00a0 \u00a0 \u00a0Wymiary: \u00a0 \u00a0\u00a0\u00a0\u00a0\u00a0\u00a0\u00a0 d\u0142ugo\u015b\u0107<\/p>\n<div class=\"klb-readmore post-buttons\"><a class=\"button black outline size-sm\" href=\"https:\/\/madelinefashion.pl\/en\/product\/bluzka-z-drobnymi-kwiatkami-czarna\/\">Read More <i class=\"klbth-icon-right-arrow\"><\/i><\/a><\/div>","protected":false},"featured_media":86525,"template":"","meta":[],"product_brand":[],"product_cat":[77],"product_tag":[479,252],"class_list":{"0":"post-86658","1":"product","2":"type-product","3":"status-publish","4":"has-post-thumbnail","6":"product_cat-bluzki","7":"product_tag-bluzki-z-krotkim-rekawem","8":"product_tag-bluzka-czarna","10":"first","11":"instock","12":"sale","13":"purchasable","14":"product-type-simple"},"_links":{"self":[{"href":"https:\/\/madelinefashion.pl\/en\/wp-json\/wp\/v2\/product\/86658","targetHints":{"allow":["GET"]}}],"collection":[{"href":"https:\/\/madelinefashion.pl\/en\/wp-json\/wp\/v2\/product"}],"about":[{"href":"https:\/\/madelinefashion.pl\/en\/wp-json\/wp\/v2\/types\/product"}],"wp:featuredmedia":[{"embeddable":true,"href":"https:\/\/madelinefashion.pl\/en\/wp-json\/wp\/v2\/media\/86525"}],"wp:attachment":[{"href":"https:\/\/madelinefashion.pl\/en\/wp-json\/wp\/v2\/media?parent=86658"}],"wp:term":[{"taxonomy":"product_brand","embeddable":true,"href":"https:\/\/madelinefashion.pl\/en\/wp-json\/wp\/v2\/product_brand?post=86658"},{"taxonomy":"product_cat","embeddable":true,"href":"https:\/\/madelinefashion.pl\/en\/wp-json\/wp\/v2\/product_cat?post=86658"},{"taxonomy":"product_tag","embeddable":true,"href":"https:\/\/madelinefashion.pl\/en\/wp-json\/wp\/v2\/product_tag?post=86658"}],"curies":[{"name":"wp","href":"https:\/\/api.w.org\/{rel}","templated":true}]}}