{"id":86674,"date":"2023-04-27T12:02:14","date_gmt":"2023-04-27T10:02:14","guid":{"rendered":"https:\/\/madelinefashion.pl\/?post_type=product&#038;p=86674"},"modified":"2026-04-10T15:06:59","modified_gmt":"2026-04-10T13:06:59","slug":"sukienka-maxi-tiulowa-kopertowa-z-kokarda-marisia-czerwona","status":"publish","type":"product","link":"https:\/\/madelinefashion.pl\/en\/product\/sukienka-maxi-tiulowa-kopertowa-z-kokarda-marisia-czerwona\/","title":{"rendered":"Red Marisia Tulle Envelope Maxi Dress With A Bow"},"content":{"rendered":"<h3 style=\"text-align: center;\">Red Marisia Tulle Envelope Maxi Dress With A Bow<\/h3>\n<p style=\"text-align: center;\">Impressive maxi dress\u00a0 <strong>tulle<\/strong>\u00a0is a proposition suitable for exceptional circumstances. Great airy flared <strong>tulle dress<\/strong> - available in our store in several <strong>color versions<\/strong>. The application of tulle will guarantee a unique look. Its cut is beautiful <strong>emphasizes the waist<\/strong>. Match it <a href=\"https:\/\/madelinefashion.pl\/en\/buty\/\">high-heeled shoes<\/a> also available on our website and create an elegant look. You must have it in your wardrobe! One size fits all recommended for ladies wearing XS SML in the case of wearing a larger size, please refer to the dimensions<\/p>\n<h3 style=\"text-align: center;\">Dress dimensions<\/h3>\n<ul style=\"text-align: center;\">\n<li>total length 147 cm<\/li>\n<li>width from armpit to armpit: 38-49 cm<\/li>\n<li>waist width: 32-40 cm<\/li>\n<li>lining length: 90 cm<\/li>\n<li>tulle length: 104 cm<\/li>\n<\/ul>\n<p style=\"text-align: center;\">Dimensions may slightly differ from the given +\/- 2cm. All dimensions given are measured flat. <strong>X2 dimension<\/strong><\/p>\n<p style=\"text-align: center;\"><strong>\u00a0<\/strong><\/p>\n<table style=\"height: 214px;\" width=\"548\">\n<tbody>\n<tr>\n<td width=\"302\">Model name<\/td>\n<td width=\"302\">Marisia Tulle Envelope Maxi Dress With Bow<\/td>\n<\/tr>\n<tr>\n<td width=\"302\">Color<\/td>\n<td width=\"302\">Red<\/td>\n<\/tr>\n<tr>\n<td width=\"302\">Collection<\/td>\n<td width=\"302\">Spring Summer<\/td>\n<\/tr>\n<tr>\n<td width=\"302\">Sizes<\/td>\n<td width=\"302\">Universal<\/td>\n<\/tr>\n<tr>\n<td width=\"302\">Fashion<\/td>\n<td width=\"302\">Flared<\/td>\n<\/tr>\n<tr>\n<td width=\"302\">Decoration<\/td>\n<td width=\"302\">Tulle<\/td>\n<\/tr>\n<tr>\n<td width=\"302\">Material<\/td>\n<td width=\"302\">95 % Polyester 5% Elastane<\/td>\n<\/tr>\n<\/tbody>\n<\/table>\n<section class=\"page-product-box\">\n<div class=\"rte\">\n<p style=\"text-align: center;\">The model has\u00a0<strong>169<\/strong>\u00a0cm tall, wears a size every day\u00a0<strong>S.<\/strong><\/p>\n<p style=\"text-align: center;\">The width at the bust is 92 cm<\/p>\n<p style=\"text-align: center;\">Waist width 62 cm<\/p>\n<p style=\"text-align: center;\">The width at the hips is 94 cm<\/p>\n<\/div>\n<\/section>","protected":false},"excerpt":{"rendered":"<p>Sukienka Maxi Tiulowa Kopertowa Z Kokard\u0105 Marisia Czerwona Efektowna sukienka Maxi\u00a0 tiulowa\u00a0to propozycja odpowiednia na wyj\u0105tkowe okoliczno\u015bci. Wspania\u0142a zwiewna rozkloszowana sukienka tiulowa &#8211; dost\u0119pna w Naszym sklepie w kilku wersjach kolorystycznych.\u00a0 Aplikacja tiulu zagwarantuje niepowtarzalny look. Jej fason przepi\u0119knie wyeksponuje tali\u0119. Dopasuj do niej szpilki dost\u0119pne r\u00f3wnie\u017c u nas na stronie i stw\u00f3rz elegancki look.<\/p>\n<div class=\"klb-readmore post-buttons\"><a class=\"button black outline size-sm\" href=\"https:\/\/madelinefashion.pl\/en\/product\/sukienka-maxi-tiulowa-kopertowa-z-kokarda-marisia-czerwona\/\">Read More <i class=\"klbth-icon-right-arrow\"><\/i><\/a><\/div>","protected":false},"featured_media":86590,"template":"","meta":[],"product_brand":[],"product_cat":[124,561],"product_tag":[258,163],"class_list":{"0":"post-86674","1":"product","2":"type-product","3":"status-publish","4":"has-post-thumbnail","6":"product_cat-sukienki-okolicznosciowe","7":"product_cat-sukienki-tiulowe","8":"product_tag-sukienka-czerwona","9":"product_tag-sukienki-dlugie","10":"pa_rozmiar-xs-34","11":"pa_rozmiar-s-36","13":"first","14":"instock","15":"sale","16":"purchasable","17":"product-type-simple"},"_links":{"self":[{"href":"https:\/\/madelinefashion.pl\/en\/wp-json\/wp\/v2\/product\/86674","targetHints":{"allow":["GET"]}}],"collection":[{"href":"https:\/\/madelinefashion.pl\/en\/wp-json\/wp\/v2\/product"}],"about":[{"href":"https:\/\/madelinefashion.pl\/en\/wp-json\/wp\/v2\/types\/product"}],"wp:featuredmedia":[{"embeddable":true,"href":"https:\/\/madelinefashion.pl\/en\/wp-json\/wp\/v2\/media\/86590"}],"wp:attachment":[{"href":"https:\/\/madelinefashion.pl\/en\/wp-json\/wp\/v2\/media?parent=86674"}],"wp:term":[{"taxonomy":"product_brand","embeddable":true,"href":"https:\/\/madelinefashion.pl\/en\/wp-json\/wp\/v2\/product_brand?post=86674"},{"taxonomy":"product_cat","embeddable":true,"href":"https:\/\/madelinefashion.pl\/en\/wp-json\/wp\/v2\/product_cat?post=86674"},{"taxonomy":"product_tag","embeddable":true,"href":"https:\/\/madelinefashion.pl\/en\/wp-json\/wp\/v2\/product_tag?post=86674"}],"curies":[{"name":"wp","href":"https:\/\/api.w.org\/{rel}","templated":true}]}}