{"id":86686,"date":"2023-04-27T12:25:16","date_gmt":"2023-04-27T10:25:16","guid":{"rendered":"https:\/\/madelinefashion.pl\/?post_type=product&#038;p=86686"},"modified":"2025-09-09T10:16:41","modified_gmt":"2025-09-09T08:16:41","slug":"sukienka-hiszpanka-zwiewna-marvello-niebieska","status":"publish","type":"product","link":"https:\/\/madelinefashion.pl\/en\/product\/sukienka-hiszpanka-zwiewna-marvello-niebieska\/","title":{"rendered":"Spanish Airy Dress Marvello Blue"},"content":{"rendered":"<h3 style=\"text-align: center;\">Spanish Airy Dress Marvello Blue<\/h3>\n<p style=\"text-align: center;\"><span style=\"font-size: 10pt;\"><strong>Spanish Airy Dress Marvello<\/strong> it is a perfect proposition for both everyday and evening outings! Dress made of pleasant to the touch material.<br \/>\nSpanish dresses sensually reveal your shoulders, making you feel extremely feminine in them. Our model has a sewn frill at the neckline, which optically enlarges the bust.<br \/>\n<strong> Dress with frills<\/strong> has <strong>lining<\/strong> ensuring wearing comfort. Made of airy and light material. The dress has an elastic band at the waist, thanks to which it perfectly adheres to the figure and emphasizes it at the same time. Dress type <strong>Spanish<\/strong> with bare shoulders is our proposal for warm ones <strong>spring and summer days<\/strong> ! <strong>Recommended<\/strong> for ladies in size <strong>XS SML<\/strong>\u00a0 \u00a0in case of wearing a larger size, please refer to the table below.<\/span><\/p>\n<h3 style=\"text-align: center;\">Dimensions:<\/h3>\n<ul style=\"text-align: center;\">\n<li><span style=\"font-size: 10pt;\">\u00a0\u00a0\u00a0\u00a0\u00a0\u00a0\u00a0 \u00a0\u00a0\u00a0\u00a0\u00a0\u00a0\u00a0 total length: 92 cm\u00a0<\/span><\/li>\n<li><span style=\"font-size: 10pt;\">\u00a0\u00a0\u00a0\u00a0\u00a0\u00a0\u00a0 \u00a0\u00a0\u00a0\u00a0\u00a0\u00a0\u00a0 width from armpit to armpit: 42-55 cm\u00a0<\/span><\/li>\n<li><span style=\"font-size: 10pt;\">\u00a0\u00a0\u00a0\u00a0\u00a0\u00a0\u00a0 \u00a0\u00a0\u00a0\u00a0\u00a0\u00a0\u00a0 waist width 30-44 cm<br \/>\n<\/span><\/li>\n<li><span style=\"font-size: 10pt;\">\u00a0 \u00a0 \u00a0 \u00a0 \u00a0 max at the bust 110 cm<\/span><\/li>\n<\/ul>\n<p style=\"text-align: center;\"><span style=\"font-size: 10pt;\">Dimensions may slightly differ from the given +\/- 2cm. All dimensions given are measured flat. <strong>X2 dimension<\/strong><\/span><\/p>\n<p style=\"text-align: center;\"><span style=\"font-size: 10pt;\">\u00a0<\/span><\/p>\n<p style=\"text-align: center;\"><span style=\"font-size: 10pt;\"><strong>\u00a0<\/strong>\u00a0<\/span><\/p>\n<p>&nbsp;<\/p>\n<table>\n<tbody>\n<tr>\n<td width=\"302\"><span style=\"font-size: 10pt;\">Model name<\/span><\/td>\n<td width=\"302\">Spanish Airy Dress Marvello<\/td>\n<\/tr>\n<tr>\n<td width=\"302\"><span style=\"font-size: 10pt;\">Color<\/span><\/td>\n<td width=\"302\"><span style=\"font-size: 10pt;\">Blue<\/span><\/td>\n<\/tr>\n<tr>\n<td width=\"302\"><span style=\"font-size: 10pt;\">Fashion<\/span><\/td>\n<td width=\"302\"><span style=\"font-size: 10pt;\">Oversize<\/span><\/td>\n<\/tr>\n<tr>\n<td width=\"302\"><span style=\"font-size: 10pt;\">Composition<\/span><\/td>\n<td width=\"302\"><span style=\"font-size: 10pt;\">70% Polyester 30% Viscose<\/span><\/td>\n<\/tr>\n<tr>\n<td width=\"302\"><span style=\"font-size: 10pt;\">Length<\/span><\/td>\n<td width=\"302\"><span style=\"font-size: 10pt;\">Before the Knee<\/span><\/td>\n<\/tr>\n<\/tbody>\n<\/table>\n<p style=\"text-align: center;\"><span style=\"font-size: 10pt;\">\u00a0<\/span><\/p>\n<div class=\"additional-details\" style=\"text-align: center;\">\n<p>The model has\u00a0<strong>169<\/strong>\u00a0cm tall, wears a size every day\u00a0<strong>S.<\/strong><\/p>\n<p>The width at the bust is 92 cm<\/p>\n<p>Waist width 62 cm<\/p>\n<p>The width at the hips is 94 cm<\/p>\n<p style=\"text-align: center;\"><span style=\"font-size: 10pt;\">\u00a0<\/span><\/p>\n<\/div>","protected":false},"excerpt":{"rendered":"<p>Sukienka Hiszpanka Zwiewna Marvello Niebieska Sukienka Hiszpanka Zwiewna Marvello to idealna\u00a0 propozycja zar\u00f3wno na co dzie\u0144 jak i na wieczorne wyj\u015bcie! Sukienka wykonana z przyjemnego w dotyku materia\u0142u. Sukienki Hiszpanki zmys\u0142owo ods\u0142aniaj\u0105 ramiona, sprawiaj\u0105c, \u017ce poczujesz si\u0119 w nich wyj\u0105tkowo kobieco. Nasz model posiada wszyt\u0105 falban\u0119 przy dekolcie, kt\u00f3ra optycznie powi\u0119ksza biust. Sukienka z falbankami<\/p>\n<div class=\"klb-readmore post-buttons\"><a class=\"button black outline size-sm\" href=\"https:\/\/madelinefashion.pl\/en\/product\/sukienka-hiszpanka-zwiewna-marvello-niebieska\/\">Read More <i class=\"klbth-icon-right-arrow\"><\/i><\/a><\/div>","protected":false},"featured_media":86621,"template":"","meta":[],"product_brand":[],"product_cat":[125],"product_tag":[262,261],"class_list":{"0":"post-86686","1":"product","2":"type-product","3":"status-publish","4":"has-post-thumbnail","6":"product_cat-sukienki","7":"product_tag-sukienki-krotkie","8":"product_tag-sukienki-niebieskie","10":"first","11":"instock","12":"purchasable","13":"product-type-simple"},"_links":{"self":[{"href":"https:\/\/madelinefashion.pl\/en\/wp-json\/wp\/v2\/product\/86686","targetHints":{"allow":["GET"]}}],"collection":[{"href":"https:\/\/madelinefashion.pl\/en\/wp-json\/wp\/v2\/product"}],"about":[{"href":"https:\/\/madelinefashion.pl\/en\/wp-json\/wp\/v2\/types\/product"}],"wp:featuredmedia":[{"embeddable":true,"href":"https:\/\/madelinefashion.pl\/en\/wp-json\/wp\/v2\/media\/86621"}],"wp:attachment":[{"href":"https:\/\/madelinefashion.pl\/en\/wp-json\/wp\/v2\/media?parent=86686"}],"wp:term":[{"taxonomy":"product_brand","embeddable":true,"href":"https:\/\/madelinefashion.pl\/en\/wp-json\/wp\/v2\/product_brand?post=86686"},{"taxonomy":"product_cat","embeddable":true,"href":"https:\/\/madelinefashion.pl\/en\/wp-json\/wp\/v2\/product_cat?post=86686"},{"taxonomy":"product_tag","embeddable":true,"href":"https:\/\/madelinefashion.pl\/en\/wp-json\/wp\/v2\/product_tag?post=86686"}],"curies":[{"name":"wp","href":"https:\/\/api.w.org\/{rel}","templated":true}]}}