{"id":86690,"date":"2023-04-27T12:49:43","date_gmt":"2023-04-27T10:49:43","guid":{"rendered":"https:\/\/madelinefashion.pl\/?post_type=product&#038;p=86690"},"modified":"2025-09-09T10:16:41","modified_gmt":"2025-09-09T08:16:41","slug":"sukienka-letnia-hiszpanka-asymetryczna-limonka-hipenne","status":"publish","type":"product","link":"https:\/\/madelinefashion.pl\/en\/product\/sukienka-letnia-hiszpanka-asymetryczna-limonka-hipenne\/","title":{"rendered":"Summer Dress Spanish Asymmetric Lime Hipenne"},"content":{"rendered":"<h3 style=\"text-align: center;\">Summer Dress Spanish Asymmetric Lime Hipenne<\/h3>\n<p style=\"text-align: center;\"><span style=\"font-size: 10pt;\"><strong><span style=\"font-size: 10pt;\">S.<\/span><\/strong><strong style=\"font-size: 10pt;\">Asymmetric direction<\/strong><span style=\"font-size: 10pt;\"> with frills<strong>.<\/strong> Airy lightweight for comfort to wear. <\/span><strong style=\"font-size: 10pt;\">The dress is undoubtedly a must have in the spring wardrobe for many years.<\/strong><span style=\"font-size: 10pt;\"> Every woman has at least one model of a floral pattern dress in her wardrobe.<strong> S.<\/strong><\/span><strong style=\"font-size: 10pt;\">The dress will make our look fresh, fashionable and very feminine <\/strong><span style=\"font-size: 10pt;\"> it is an ideal proposition for the spring-summer season. That is why our offer includes unique suggestions for summer floral dresses that you can wear in many different ways. Dress with a longer back with <strong>rubber<\/strong> at the waist will perfectly emphasize your feminine shapes and catch the eyes of others. <\/span><span style=\"font-size: 10pt;\">Summer<\/span><b style=\"font-size: 10pt;\"> the dress is perfect <\/b><span style=\"font-size: 13.3333px;\"><b>offer<\/b><\/span><b style=\"font-size: 10pt;\"> both for going out with friends, a date or a wedding. <\/b><span style=\"font-size: 10pt;\">Model <strong>does not show through<\/strong> . Recommended for ladies in size XS SML XL.<\/span><br \/>\n<\/span><\/p>\n<p>&nbsp;<\/p>\n<h3 style=\"text-align: center;\">Dimensions:<\/h3>\n<ul style=\"text-align: center;\">\n<li><span style=\"font-size: 10pt;\">\u00a0\u00a0\u00a0\u00a0\u00a0\u00a0\u00a0 total length at the front: 83 cm<br \/>\n<\/span><\/li>\n<li>total length back: 114 cm<\/li>\n<li><span style=\"font-size: 10pt;\">\u00a0\u00a0\u00a0\u00a0\u00a0\u00a0\u00a0 width from armpit to armpit: 36 - 53 cm<\/span><span style=\"font-size: 10pt;\"><span style=\"font-size: 10pt;\">\u00a0 \u00a0 \u00a0 \u00a0<\/span><\/span><\/li>\n<li>waist width: 36 cm - 51 cm (elastic)<\/li>\n<\/ul>\n<p style=\"text-align: center;\">Dimensions may slightly differ from the given +\/- 2cm. All dimensions given are measured flat. <strong>X2 dimension<\/strong><\/p>\n<p style=\"text-align: center;\"><span style=\"font-size: 10pt;\">\u00a0<\/span><\/p>\n<table style=\"height: 169px;\" width=\"853\">\n<tbody>\n<tr>\n<td width=\"302\">Model name<\/td>\n<td width=\"302\">Hipenne Asymmetric Spanish Summer Dress<\/td>\n<\/tr>\n<tr>\n<td width=\"302\">Color<\/td>\n<td width=\"302\">Lime<\/td>\n<\/tr>\n<tr>\n<td width=\"302\">Fashion<\/td>\n<td width=\"302\">Oversize<\/td>\n<\/tr>\n<tr>\n<td width=\"302\">Material<\/td>\n<td width=\"302\">95 % Polyester 5 % Elastane<\/td>\n<\/tr>\n<tr>\n<td width=\"302\">Length<\/td>\n<td width=\"302\">Asymmetrical<\/td>\n<\/tr>\n<\/tbody>\n<\/table>\n<div class=\"tabs tabs-bb clear mb-80\">\n<div class=\"tab-content\">\n<div id=\"tab-description\" class=\"tab-pane fade in woocommerce-Tabs-panel--description active\">\n<p style=\"text-align: center;\">The model has\u00a0<strong>169<\/strong>\u00a0cm tall, wears a size every day\u00a0<strong>S.<\/strong><\/p>\n<p style=\"text-align: center;\">The width at the bust is 92 cm<\/p>\n<p style=\"text-align: center;\">Waist width 62 cm<\/p>\n<p style=\"text-align: center;\">The width at the hips is 94 cm<\/p>\n<\/div>\n<\/div>\n<\/div>\n<section class=\"related products mb-80\"><\/section>\n<p style=\"text-align: center;\">","protected":false},"excerpt":{"rendered":"<p>Sukienka Letnia Hiszpanka Asymetryczna Limonka Hipenne Sukienka Asymetryczna z falbankami. Zwiewna lekka zapewniaj\u0105ca komfort w noszeniu. Sukienka to bez w\u0105tpienia od wielu lat must have w wiosennej garderobie. Ka\u017cda kobieta posiada w swojej szafie cho\u0107 jeden model sukienki w kwiatowy wz\u00f3r . Sukienka sprawi, \u017ce nasz look b\u0119dzie \u015bwie\u017cy, modny i bardzo kobiecy jest to<\/p>\n<div class=\"klb-readmore post-buttons\"><a class=\"button black outline size-sm\" href=\"https:\/\/madelinefashion.pl\/en\/product\/sukienka-letnia-hiszpanka-asymetryczna-limonka-hipenne\/\">Read More <i class=\"klbth-icon-right-arrow\"><\/i><\/a><\/div>","protected":false},"featured_media":86636,"template":"","meta":[],"product_brand":[],"product_cat":[125],"product_tag":[],"class_list":{"0":"post-86690","1":"product","2":"type-product","3":"status-publish","4":"has-post-thumbnail","6":"product_cat-sukienki","8":"first","9":"instock","10":"purchasable","11":"product-type-simple"},"_links":{"self":[{"href":"https:\/\/madelinefashion.pl\/en\/wp-json\/wp\/v2\/product\/86690","targetHints":{"allow":["GET"]}}],"collection":[{"href":"https:\/\/madelinefashion.pl\/en\/wp-json\/wp\/v2\/product"}],"about":[{"href":"https:\/\/madelinefashion.pl\/en\/wp-json\/wp\/v2\/types\/product"}],"wp:featuredmedia":[{"embeddable":true,"href":"https:\/\/madelinefashion.pl\/en\/wp-json\/wp\/v2\/media\/86636"}],"wp:attachment":[{"href":"https:\/\/madelinefashion.pl\/en\/wp-json\/wp\/v2\/media?parent=86690"}],"wp:term":[{"taxonomy":"product_brand","embeddable":true,"href":"https:\/\/madelinefashion.pl\/en\/wp-json\/wp\/v2\/product_brand?post=86690"},{"taxonomy":"product_cat","embeddable":true,"href":"https:\/\/madelinefashion.pl\/en\/wp-json\/wp\/v2\/product_cat?post=86690"},{"taxonomy":"product_tag","embeddable":true,"href":"https:\/\/madelinefashion.pl\/en\/wp-json\/wp\/v2\/product_tag?post=86690"}],"curies":[{"name":"wp","href":"https:\/\/api.w.org\/{rel}","templated":true}]}}