{"id":86987,"date":"2023-04-28T12:10:45","date_gmt":"2023-04-28T10:10:45","guid":{"rendered":"https:\/\/madelinefashion.pl\/?post_type=product&#038;p=86987"},"modified":"2024-10-05T14:25:17","modified_gmt":"2024-10-05T12:25:17","slug":"zakiet-krotki-z-piorkami-boss-brazowy","status":"publish","type":"product","link":"https:\/\/madelinefashion.pl\/en\/product\/zakiet-krotki-z-piorkami-boss-brazowy\/","title":{"rendered":"Short Jacket With Feathers Boss Brown"},"content":{"rendered":"<h3 style=\"text-align: center;\">Short Jacket With Feathers Boss Brown<\/h3>\n<p style=\"text-align: center;\"><strong>Jacket <\/strong>is a classic model recommended as a complement to the styling. Thicker material, very elegant. With lining. The jacket has sewn-in shoulder pads. <strong>A classic jacket is a garment that each of us should have in our wardrobe. <\/strong>Perfect for elegant styling and will be perfect for a regular T-shirt and jeans. High-quality material. <strong>Classic jacket<\/strong>\u00a0must find a place in your wardrobe - especially if you are looking to diversify minimalist sets.<br \/>\n<strong>Original cut<\/strong> jackets will work in both elegant and sporty styling. <strong>High quality material<\/strong>The material from which the jacket is made guarantees the durability of the product and makes it suitable for many seasons. Connect it with <strong>elegant trousers<\/strong> cigarillos or a pencil skirt. An extremely stylish proposition for everyday use as well as for more elegant stylizations. The perfect model for many occasions and <strong>for work<\/strong>.<\/p>\n<p>&nbsp;<\/p>\n<h3 style=\"text-align: center;\">Characteristics:<\/h3>\n<ul>\n<li style=\"text-align: center;\">button fastening<\/li>\n<li style=\"text-align: center;\">with long sleeves<\/li>\n<li style=\"text-align: center;\">with lining<\/li>\n<li style=\"text-align: center;\">decorative feathers<\/li>\n<\/ul>\n<p style=\"text-align: center;\"><strong>\u00a0<\/strong><\/p>\n<table>\n<tbody>\n<tr>\n<td width=\"302\">Model name<\/td>\n<td width=\"302\">Short Jacket With Boss Feathers<\/td>\n<\/tr>\n<tr>\n<td width=\"302\">Color<\/td>\n<td width=\"302\">Brown<\/td>\n<\/tr>\n<tr>\n<td width=\"302\">Sizes<\/td>\n<td width=\"302\">Universal<\/td>\n<\/tr>\n<tr>\n<td width=\"302\">Fashion<\/td>\n<td width=\"302\">Elegant<\/td>\n<\/tr>\n<tr>\n<td width=\"302\">Material<\/td>\n<td width=\"302\">95% Viscose 5 % Elastane<\/td>\n<\/tr>\n<\/tbody>\n<\/table>\n<p style=\"text-align: center;\">","protected":false},"excerpt":{"rendered":"<p>\u017bakiet Kr\u00f3tki Z Pi\u00f3rkami Boss Br\u0105zowy Marynarka to\u00a0 klasyczny model\u00a0 polecany jako dope\u0142nienie stylizacji. Materia\u0142 grubszy, bardzo elegancki. Z podszewk\u0105. Marynarka posiada wszyte poduszki na ramionach. Klasyczna marynarka to element garderoby, kt\u00f3ra powinna mie\u0107 ka\u017cda z Nas w swojej szafie. Idealna do eleganckich stylizacji oraz \u015bwietnie si\u0119 sprawdzi do zwyk\u0142ego T-shirtu i jeans\u00f3w. Wysoka jako\u015b\u0107<\/p>\n<div class=\"klb-readmore post-buttons\"><a class=\"button black outline size-sm\" href=\"https:\/\/madelinefashion.pl\/en\/product\/zakiet-krotki-z-piorkami-boss-brazowy\/\">Read More <i class=\"klbth-icon-right-arrow\"><\/i><\/a><\/div>","protected":false},"featured_media":86913,"template":"","meta":[],"product_brand":[],"product_cat":[95],"product_tag":[],"class_list":{"0":"post-86987","1":"product","2":"type-product","3":"status-publish","4":"has-post-thumbnail","6":"product_cat-marynarki-i-zakiety","8":"first","9":"outofstock","10":"purchasable","11":"product-type-simple"},"_links":{"self":[{"href":"https:\/\/madelinefashion.pl\/en\/wp-json\/wp\/v2\/product\/86987","targetHints":{"allow":["GET"]}}],"collection":[{"href":"https:\/\/madelinefashion.pl\/en\/wp-json\/wp\/v2\/product"}],"about":[{"href":"https:\/\/madelinefashion.pl\/en\/wp-json\/wp\/v2\/types\/product"}],"wp:featuredmedia":[{"embeddable":true,"href":"https:\/\/madelinefashion.pl\/en\/wp-json\/wp\/v2\/media\/86913"}],"wp:attachment":[{"href":"https:\/\/madelinefashion.pl\/en\/wp-json\/wp\/v2\/media?parent=86987"}],"wp:term":[{"taxonomy":"product_brand","embeddable":true,"href":"https:\/\/madelinefashion.pl\/en\/wp-json\/wp\/v2\/product_brand?post=86987"},{"taxonomy":"product_cat","embeddable":true,"href":"https:\/\/madelinefashion.pl\/en\/wp-json\/wp\/v2\/product_cat?post=86987"},{"taxonomy":"product_tag","embeddable":true,"href":"https:\/\/madelinefashion.pl\/en\/wp-json\/wp\/v2\/product_tag?post=86987"}],"curies":[{"name":"wp","href":"https:\/\/api.w.org\/{rel}","templated":true}]}}